{"id":398,"date":"2015-07-26T15:43:56","date_gmt":"2015-07-26T15:43:56","guid":{"rendered":"http:\/\/dev.multiroomaudioplayer.com\/uk\/?page_id=398"},"modified":"2026-03-22T20:30:25","modified_gmt":"2026-03-22T19:30:25","slug":"buy","status":"publish","type":"page","link":"https:\/\/multiroomaudioplayer.com\/uk\/buy\/","title":{"rendered":"\u041f\u0440\u0438\u0434\u0431\u0430\u0442\u0438 Multi Room Audio Player"},"content":{"rendered":"<p>\u041d\u0430\u0439\u043f\u0440\u043e\u0441\u0442\u0456\u0448\u0435 \u043f\u0440\u0438\u0434\u0431\u0430\u0442\u0438 \u043d\u0430\u0448\u0456 \u043f\u0440\u043e\u0434\u0443\u043a\u0442\u0438 \u0437\u0430 \u0434\u043e\u043f\u043e\u043c\u043e\u0433\u043e\u044e \u0441\u0435\u0440\u0432\u0456\u0441\u0443 PayPro. \u0426\u0435\u0439 \u0441\u0435\u0440\u0432\u0456\u0441 \u043f\u0440\u043e\u043f\u043e\u043d\u0443\u0454 \u0437\u0440\u0443\u0447\u043d\u0456 \u043c\u0435\u0442\u043e\u0434\u0438 \u043e\u043f\u043b\u0430\u0442\u0438 &#8211; \u043a\u0440\u0435\u0434\u0438\u0442\u043d\u0430 \u043a\u0430\u0440\u0442\u043a\u0430, \u0431\u0430\u043d\u043a\u0456\u0432\u0441\u044c\u043a\u0438\u0439 \u043f\u0435\u0440\u0435\u043a\u0430\u0437, \u0447\u0435\u043a, PayPal, Webmoney, \u042f\u043d\u0434\u0435\u043a\u0441 \u0413\u0440\u043e\u0448\u0456 \u0442\u0430 \u0456\u043d\u0448\u0456.<\/p>\n<table border=\"1\" summary=\"\u0422\u0430\u0431\u043b\u0438\u0446\u044f \u041b\u0456\u0446\u0435\u043d\u0437\u0456\u0439\" width=\"100%\" cellspacing=\"10\" cellpadding=\"10\" align=\"center\">\n<tbody>\n<tr>\n<td height=\"25\"><strong>\u041b\u0456\u0446\u0435\u043d\u0437\u0456\u044f<\/strong><\/td>\n<td align=\"center\"><strong>\u0426\u0456\u043d\u0430<\/strong><\/td>\n<td align=\"center\"><strong>\u041f\u043e\u0441\u0438\u043b\u0430\u043d\u043d\u044f<\/strong><\/td>\n<\/tr>\n<tr>\n<td style=\"height: 25px\"><a title=\"Multi Zone Audio Player 7\" href=\"\/\"><strong>Multi Zone Audio Player 7<\/strong><\/a> (\u0411\u0456\u0437\u043d\u0435\u0441 \u041b\u0456\u0446\u0435\u043d\u0437\u0456\u044f)<br \/>One Time Fee<\/td>\n<td class=\"text-center\">$399.95<\/td>\n<td class=\"text-center\"><a title=\"Purchase\" href=\"https:\/\/store.payproglobal.com\/checkout?products%5B1%5D%5Bid%5D=129455&#038;products%5B2%5D%5Bid%5D=1948\"><strong>\u041f\u0440\u0438\u0434\u0431\u0430\u0442\u0438!<\/strong><\/a><\/td>\n<\/tr>\n<tr>\n<td height=\"25\"><a title=\"Multi Room Audio Player 5\" href=\"\/\"><strong>Multi Room Audio Player 5<\/strong><\/a> \u0437 REST API (\u0411\u0456\u0437\u043d\u0435\u0441 \u041b\u0456\u0446\u0435\u043d\u0437\u0456\u044f)<\/td>\n<td align=\"center\">$299.95<\/td>\n<td align=\"center\"><a title=\"\u041f\u0440\u0438\u0434\u0431\u0430\u0442\u0438\" href=\"https:\/\/store.payproglobal.com\/checkout?products[1][id]=1978&amp;products[2][id]=1948\" target=\"_blank\" rel=\"noopener noreferrer\"><strong>\u041f\u0440\u0438\u0434\u0431\u0430\u0442\u0438!<\/strong><\/a><\/td>\n<\/tr>\n<tr>\n<td height=\"25\"><a title=\"Multi Room Audio Player 5\" href=\"\/\"><strong>Multi Room Audio Player 5<\/strong><\/a> \u0437 REST API, GPIO (\u041f\u0440\u043e\u0444\u0435\u0441\u0456\u0439\u043d\u0430 \u0411\u0456\u0437\u043d\u0435\u0441 \u041b\u0456\u0446\u0435\u043d\u0437\u0456\u044f)<\/td>\n<td align=\"center\">$359.95<\/td>\n<td align=\"center\"><a title=\"\u041f\u0440\u0438\u0434\u0431\u0430\u0442\u0438\" href=\"https:\/\/store.payproglobal.com\/checkout?products[1][id]=42290&amp;products[2][id]=1948\" target=\"_blank\" rel=\"noopener noreferrer\"><strong>\u041f\u0440\u0438\u0434\u0431\u0430\u0442\u0438!<\/strong><\/a><\/td>\n<\/tr>\n<\/tbody>\n<\/table>\n<p>\u042f\u043a\u0449\u043e \u0432\u0438 \u0440\u043e\u0437\u0443\u043c\u0456\u0454\u0442\u0435 \u0440\u0456\u0434\u043d\u0443 \u0441\u043e\u043b\u043e\u0432&#8217;\u0457\u043d\u0443 \u043c\u043e\u0432\u0443 \u043c\u0438 \u0437\u0430\u043f\u0440\u043e\u043f\u043e\u043d\u0443\u0454\u043c\u043e \u0432\u0430\u043c \u0433\u0430\u0440\u043d\u0456 \u0434\u043e\u0434\u0430\u0442\u043a\u043e\u0432\u0456 \u0437\u043d\u0438\u0436\u043a\u0438, <a href=\"http:\/\/multiroomaudioplayer.com\/uk\/contact\/\">\u043f\u0438\u0448\u0456\u0442\u044c \u043d\u0430\u043c<\/a>.<\/p>\n<p>\u041f\u0456\u0441\u043b\u044f \u043f\u043e\u043a\u0443\u043f\u043a\u0438 \u0432\u0438 \u043e\u0442\u0440\u0438\u043c\u0430\u0454\u0442\u0435 \u043b\u0438\u0441\u0442 \u0437 \u0440\u0435\u0454\u0441\u0442\u0440\u0430\u0446\u0456\u0439\u043d\u0438\u043c\u0438 \u0434\u0430\u043d\u043d\u0438\u043c\u0438 \u043d\u0430 \u043f\u0440\u043e\u0442\u044f\u0437\u0456 12 \u0433\u043e\u0434\u0438\u043d\u0438 \u0435\u043b\u0435\u043a\u0442\u0440\u043e\u043d\u043d\u043e\u044e \u043f\u043e\u0448\u0442\u043e\u044e. \u042f\u043a\u0449\u043e \u0443 \u0432\u0430\u0441 \u0432\u0438\u043d\u0438\u043a\u043b\u0438 \u0441\u043a\u043b\u0430\u0434\u043d\u043e\u0441\u0442\u0456 \u0430\u0431\u043e \u0432\u0438 \u043c\u0430\u0454\u0442\u0435 \u043f\u0438\u0442\u0430\u043d\u043d\u044f, \u043f\u0438\u0448\u0456\u0442\u044c \u043d\u0430\u043c.<\/p>\n<p><strong>\u041f\u0435\u0440\u0435\u0432\u0430\u0433\u0438 \u0440\u0435\u0454\u0441\u0442\u0440\u0430\u0446\u0456\u0457:<\/strong><\/p>\n<ul>\n<li>\u0411\u0435\u0437\u043a\u043e\u0448\u0442\u043e\u0432\u043d\u0435 \u043e\u043d\u043e\u0432\u043b\u0435\u043d\u043d\u044f \u043d\u0430 \u043f\u0440\u043e\u0442\u044f\u0437\u0456 1 \u0440\u043e\u043a\u0443;<\/li>\n<li>\u0411\u0435\u0437\u043a\u043e\u0448\u0442\u043e\u0432\u043d\u0430 \u0442\u0435\u0445\u043d\u0456\u0447\u043d\u0430 \u043f\u0456\u0434\u0442\u0440\u0438\u043c\u043a\u0430 \u043d\u0430 \u043f\u0440\u043e\u0442\u044f\u0437\u0456 1 \u0440\u043e\u043a\u0443;<\/li>\n<li>\u041a\u043e\u0440\u0438\u0441\u0442\u0443\u0432\u0430\u043d\u043d\u044f \u043f\u0440\u043e\u0433\u0440\u0430\u043c\u043d\u0438\u043c \u0437\u0430\u0431\u0435\u0437\u043f\u0435\u0447\u0435\u043d\u043d\u044f\u043c \u0431\u0435\u0437 \u043e\u0431\u043c\u0435\u0436\u0435\u043d\u044c.<\/li>\n<\/ul>\n","protected":false},"excerpt":{"rendered":"<p>\u041d\u0430\u0439\u043f\u0440\u043e\u0441\u0442\u0456\u0448\u0435 \u043f\u0440\u0438\u0434\u0431\u0430\u0442\u0438 \u043d\u0430\u0448\u0456 \u043f\u0440\u043e\u0434\u0443\u043a\u0442\u0438 \u0437\u0430 \u0434\u043e\u043f\u043e\u043c\u043e\u0433\u043e\u044e \u0441\u0435\u0440\u0432\u0456\u0441\u0443 PayPro. \u0426\u0435\u0439 \u0441\u0435\u0440\u0432\u0456\u0441 \u043f\u0440\u043e\u043f\u043e\u043d\u0443\u0454 \u0437\u0440\u0443\u0447\u043d\u0456 \u043c\u0435\u0442\u043e\u0434\u0438 \u043e\u043f\u043b\u0430\u0442\u0438 &#8211; \u043a\u0440\u0435\u0434\u0438\u0442\u043d\u0430 \u043a\u0430\u0440\u0442\u043a\u0430, \u0431\u0430\u043d\u043a\u0456\u0432\u0441\u044c\u043a\u0438\u0439 \u043f\u0435\u0440\u0435\u043a\u0430\u0437, \u0447\u0435\u043a, PayPal, Webmoney, \u042f\u043d\u0434\u0435\u043a\u0441 \u0413\u0440\u043e\u0448\u0456 \u0442\u0430 \u0456\u043d\u0448\u0456. \u041b\u0456\u0446\u0435\u043d\u0437\u0456\u044f \u0426\u0456\u043d\u0430 \u041f\u043e\u0441\u0438\u043b\u0430\u043d\u043d\u044f Multi Zone Audio Player 7 (\u0411\u0456\u0437\u043d\u0435\u0441 \u041b\u0456\u0446\u0435\u043d\u0437\u0456\u044f)One Time Fee $399.95 \u041f\u0440\u0438\u0434\u0431\u0430\u0442\u0438! Multi Room Audio Player 5 \u0437 REST API (\u0411\u0456\u0437\u043d\u0435\u0441 \u041b\u0456\u0446\u0435\u043d\u0437\u0456\u044f) $299.95 \u041f\u0440\u0438\u0434\u0431\u0430\u0442\u0438! Multi Room Audio <a class=\"more-link\" href=\"https:\/\/multiroomaudioplayer.com\/uk\/buy\/\">Read More &#8230;<\/a><\/p>\n","protected":false},"author":1,"featured_media":0,"parent":0,"menu_order":0,"comment_status":"closed","ping_status":"open","template":"","meta":{"_monsterinsights_skip_tracking":false,"_monsterinsights_sitenote_active":false,"_monsterinsights_sitenote_note":"","_monsterinsights_sitenote_category":0,"footnotes":""},"class_list":["post-398","page","type-page","status-publish","hentry"],"yoast_head":"<!-- This site is optimized with the Yoast SEO plugin v27.2 - https:\/\/yoast.com\/product\/yoast-seo-wordpress\/ -->\n<title>\u041f\u0440\u0438\u0434\u0431\u0430\u0442\u0438 Multi Room Audio Player<\/title>\n<meta name=\"robots\" content=\"index, follow, max-snippet:-1, max-image-preview:large, max-video-preview:-1\" \/>\n<link rel=\"canonical\" href=\"https:\/\/multiroomaudioplayer.com\/uk\/buy\/\" \/>\n<meta property=\"og:locale\" content=\"uk_UA\" \/>\n<meta property=\"og:type\" content=\"article\" \/>\n<meta property=\"og:title\" content=\"\u041f\u0440\u0438\u0434\u0431\u0430\u0442\u0438 Multi Room Audio Player\" \/>\n<meta property=\"og:description\" content=\"\u041d\u0430\u0439\u043f\u0440\u043e\u0441\u0442\u0456\u0448\u0435 \u043f\u0440\u0438\u0434\u0431\u0430\u0442\u0438 \u043d\u0430\u0448\u0456 \u043f\u0440\u043e\u0434\u0443\u043a\u0442\u0438 \u0437\u0430 \u0434\u043e\u043f\u043e\u043c\u043e\u0433\u043e\u044e \u0441\u0435\u0440\u0432\u0456\u0441\u0443 PayPro. \u0426\u0435\u0439 \u0441\u0435\u0440\u0432\u0456\u0441 \u043f\u0440\u043e\u043f\u043e\u043d\u0443\u0454 \u0437\u0440\u0443\u0447\u043d\u0456 \u043c\u0435\u0442\u043e\u0434\u0438 \u043e\u043f\u043b\u0430\u0442\u0438 &#8211; \u043a\u0440\u0435\u0434\u0438\u0442\u043d\u0430 \u043a\u0430\u0440\u0442\u043a\u0430, \u0431\u0430\u043d\u043a\u0456\u0432\u0441\u044c\u043a\u0438\u0439 \u043f\u0435\u0440\u0435\u043a\u0430\u0437, \u0447\u0435\u043a, PayPal, Webmoney, \u042f\u043d\u0434\u0435\u043a\u0441 \u0413\u0440\u043e\u0448\u0456 \u0442\u0430 \u0456\u043d\u0448\u0456. \u041b\u0456\u0446\u0435\u043d\u0437\u0456\u044f \u0426\u0456\u043d\u0430 \u041f\u043e\u0441\u0438\u043b\u0430\u043d\u043d\u044f Multi Zone Audio Player 7 (\u0411\u0456\u0437\u043d\u0435\u0441 \u041b\u0456\u0446\u0435\u043d\u0437\u0456\u044f)One Time Fee $399.95 \u041f\u0440\u0438\u0434\u0431\u0430\u0442\u0438! Multi Room Audio Player 5 \u0437 REST API (\u0411\u0456\u0437\u043d\u0435\u0441 \u041b\u0456\u0446\u0435\u043d\u0437\u0456\u044f) $299.95 \u041f\u0440\u0438\u0434\u0431\u0430\u0442\u0438! Multi Room Audio Read More ...\" \/>\n<meta property=\"og:url\" content=\"https:\/\/multiroomaudioplayer.com\/uk\/buy\/\" \/>\n<meta property=\"og:site_name\" content=\"Multi Room Audio Player\" \/>\n<meta property=\"article:publisher\" content=\"https:\/\/www.facebook.com\/MultiRoomAudioPlayer\" \/>\n<meta property=\"article:modified_time\" content=\"2026-03-22T19:30:25+00:00\" \/>\n<meta name=\"twitter:card\" content=\"summary_large_image\" \/>\n<meta name=\"twitter:site\" content=\"@pistonsoftware\" \/>\n<meta name=\"twitter:label1\" content=\"Est. reading time\" \/>\n\t<meta name=\"twitter:data1\" content=\"1 minute\" \/>\n<script type=\"application\/ld+json\" class=\"yoast-schema-graph\">{\"@context\":\"https:\/\/schema.org\",\"@graph\":[{\"@type\":\"WebPage\",\"@id\":\"https:\/\/multiroomaudioplayer.com\/uk\/buy\/\",\"url\":\"https:\/\/multiroomaudioplayer.com\/uk\/buy\/\",\"name\":\"\u041f\u0440\u0438\u0434\u0431\u0430\u0442\u0438 Multi Room Audio Player\",\"isPartOf\":{\"@id\":\"https:\/\/multiroomaudioplayer.com\/en\/#website\"},\"datePublished\":\"2015-07-26T15:43:56+00:00\",\"dateModified\":\"2026-03-22T19:30:25+00:00\",\"breadcrumb\":{\"@id\":\"https:\/\/multiroomaudioplayer.com\/uk\/buy\/#breadcrumb\"},\"inLanguage\":\"uk-UA\",\"potentialAction\":[{\"@type\":\"ReadAction\",\"target\":[\"https:\/\/multiroomaudioplayer.com\/uk\/buy\/\"]}]},{\"@type\":\"BreadcrumbList\",\"@id\":\"https:\/\/multiroomaudioplayer.com\/uk\/buy\/#breadcrumb\",\"itemListElement\":[{\"@type\":\"ListItem\",\"position\":1,\"name\":\"Home\",\"item\":\"https:\/\/multiroomaudioplayer.com\/uk\/\"},{\"@type\":\"ListItem\",\"position\":2,\"name\":\"\u041f\u0440\u0438\u0434\u0431\u0430\u0442\u0438 Multi Room Audio Player\"}]},{\"@type\":\"WebSite\",\"@id\":\"https:\/\/multiroomaudioplayer.com\/en\/#website\",\"url\":\"https:\/\/multiroomaudioplayer.com\/en\/\",\"name\":\"Multi Room Audio Player\",\"description\":\"music control software for hotels, shops, clubs, theme parks, zoo, sport centers, haunted houses and intellihome\",\"potentialAction\":[{\"@type\":\"SearchAction\",\"target\":{\"@type\":\"EntryPoint\",\"urlTemplate\":\"https:\/\/multiroomaudioplayer.com\/en\/?s={search_term_string}\"},\"query-input\":{\"@type\":\"PropertyValueSpecification\",\"valueRequired\":true,\"valueName\":\"search_term_string\"}}],\"inLanguage\":\"uk-UA\"}]}<\/script>\n<!-- \/ Yoast SEO plugin. -->","yoast_head_json":{"title":"\u041f\u0440\u0438\u0434\u0431\u0430\u0442\u0438 Multi Room Audio Player","robots":{"index":"index","follow":"follow","max-snippet":"max-snippet:-1","max-image-preview":"max-image-preview:large","max-video-preview":"max-video-preview:-1"},"canonical":"https:\/\/multiroomaudioplayer.com\/uk\/buy\/","og_locale":"uk_UA","og_type":"article","og_title":"\u041f\u0440\u0438\u0434\u0431\u0430\u0442\u0438 Multi Room Audio Player","og_description":"\u041d\u0430\u0439\u043f\u0440\u043e\u0441\u0442\u0456\u0448\u0435 \u043f\u0440\u0438\u0434\u0431\u0430\u0442\u0438 \u043d\u0430\u0448\u0456 \u043f\u0440\u043e\u0434\u0443\u043a\u0442\u0438 \u0437\u0430 \u0434\u043e\u043f\u043e\u043c\u043e\u0433\u043e\u044e \u0441\u0435\u0440\u0432\u0456\u0441\u0443 PayPro. \u0426\u0435\u0439 \u0441\u0435\u0440\u0432\u0456\u0441 \u043f\u0440\u043e\u043f\u043e\u043d\u0443\u0454 \u0437\u0440\u0443\u0447\u043d\u0456 \u043c\u0435\u0442\u043e\u0434\u0438 \u043e\u043f\u043b\u0430\u0442\u0438 &#8211; \u043a\u0440\u0435\u0434\u0438\u0442\u043d\u0430 \u043a\u0430\u0440\u0442\u043a\u0430, \u0431\u0430\u043d\u043a\u0456\u0432\u0441\u044c\u043a\u0438\u0439 \u043f\u0435\u0440\u0435\u043a\u0430\u0437, \u0447\u0435\u043a, PayPal, Webmoney, \u042f\u043d\u0434\u0435\u043a\u0441 \u0413\u0440\u043e\u0448\u0456 \u0442\u0430 \u0456\u043d\u0448\u0456. \u041b\u0456\u0446\u0435\u043d\u0437\u0456\u044f \u0426\u0456\u043d\u0430 \u041f\u043e\u0441\u0438\u043b\u0430\u043d\u043d\u044f Multi Zone Audio Player 7 (\u0411\u0456\u0437\u043d\u0435\u0441 \u041b\u0456\u0446\u0435\u043d\u0437\u0456\u044f)One Time Fee $399.95 \u041f\u0440\u0438\u0434\u0431\u0430\u0442\u0438! Multi Room Audio Player 5 \u0437 REST API (\u0411\u0456\u0437\u043d\u0435\u0441 \u041b\u0456\u0446\u0435\u043d\u0437\u0456\u044f) $299.95 \u041f\u0440\u0438\u0434\u0431\u0430\u0442\u0438! Multi Room Audio Read More ...","og_url":"https:\/\/multiroomaudioplayer.com\/uk\/buy\/","og_site_name":"Multi Room Audio Player","article_publisher":"https:\/\/www.facebook.com\/MultiRoomAudioPlayer","article_modified_time":"2026-03-22T19:30:25+00:00","twitter_card":"summary_large_image","twitter_site":"@pistonsoftware","twitter_misc":{"Est. reading time":"1 minute"},"schema":{"@context":"https:\/\/schema.org","@graph":[{"@type":"WebPage","@id":"https:\/\/multiroomaudioplayer.com\/uk\/buy\/","url":"https:\/\/multiroomaudioplayer.com\/uk\/buy\/","name":"\u041f\u0440\u0438\u0434\u0431\u0430\u0442\u0438 Multi Room Audio Player","isPartOf":{"@id":"https:\/\/multiroomaudioplayer.com\/en\/#website"},"datePublished":"2015-07-26T15:43:56+00:00","dateModified":"2026-03-22T19:30:25+00:00","breadcrumb":{"@id":"https:\/\/multiroomaudioplayer.com\/uk\/buy\/#breadcrumb"},"inLanguage":"uk-UA","potentialAction":[{"@type":"ReadAction","target":["https:\/\/multiroomaudioplayer.com\/uk\/buy\/"]}]},{"@type":"BreadcrumbList","@id":"https:\/\/multiroomaudioplayer.com\/uk\/buy\/#breadcrumb","itemListElement":[{"@type":"ListItem","position":1,"name":"Home","item":"https:\/\/multiroomaudioplayer.com\/uk\/"},{"@type":"ListItem","position":2,"name":"\u041f\u0440\u0438\u0434\u0431\u0430\u0442\u0438 Multi Room Audio Player"}]},{"@type":"WebSite","@id":"https:\/\/multiroomaudioplayer.com\/en\/#website","url":"https:\/\/multiroomaudioplayer.com\/en\/","name":"Multi Room Audio Player","description":"music control software for hotels, shops, clubs, theme parks, zoo, sport centers, haunted houses and intellihome","potentialAction":[{"@type":"SearchAction","target":{"@type":"EntryPoint","urlTemplate":"https:\/\/multiroomaudioplayer.com\/en\/?s={search_term_string}"},"query-input":{"@type":"PropertyValueSpecification","valueRequired":true,"valueName":"search_term_string"}}],"inLanguage":"uk-UA"}]}},"jetpack_sharing_enabled":true,"jetpack-related-posts":[{"id":13,"url":"https:\/\/multiroomaudioplayer.com\/en\/multi-room-audio-player-overview\/","url_meta":{"origin":398,"position":0},"title":"Multi Room Audio Player Overview","author":"AudioEngineer","date":"March 27, 2014","format":false,"excerpt":"Made With Passion For The Sound Multi Room Audio Player is a professional audio streaming software that allows you to manage multiple audio streams for playing different audio in different rooms. For those who need a centralized audio control center in places such as nightclubs or restaurants, hotels or shops,\u2026","rel":"","context":"Similar post","block_context":{"text":"Similar post","link":""},"img":{"alt_text":"Multi Room Audio Player perfect for commercial usage","src":"https:\/\/i0.wp.com\/multiroomaudioplayer.com\/wp-content\/uploads\/2014\/03\/multi-room-audio-player-art-2-1024x576.png?resize=350%2C200&ssl=1","width":350,"height":200,"srcset":"https:\/\/i0.wp.com\/multiroomaudioplayer.com\/wp-content\/uploads\/2014\/03\/multi-room-audio-player-art-2-1024x576.png?resize=350%2C200&ssl=1 1x, https:\/\/i0.wp.com\/multiroomaudioplayer.com\/wp-content\/uploads\/2014\/03\/multi-room-audio-player-art-2-1024x576.png?resize=525%2C300&ssl=1 1.5x, https:\/\/i0.wp.com\/multiroomaudioplayer.com\/wp-content\/uploads\/2014\/03\/multi-room-audio-player-art-2-1024x576.png?resize=700%2C400&ssl=1 2x"},"classes":[]},{"id":670,"url":"https:\/\/multiroomaudioplayer.com\/en\/revision-history\/","url_meta":{"origin":398,"position":1},"title":"Multi Room Audio Player Revision History","author":"AudioEngineer","date":"October 27, 2015","format":false,"excerpt":"Legend: [+] Added [-] Fixed [*] \u0421hanged\/Improved 25.06.2023 Released Multi Room Audio Player v5.4.8576.18819 Release Notes: [-] Fixed: 32 channels GPIO support. [*] Improved: GPIO monitoring time. 22.03.2019 Released Multi Room Audio Player v5.4.7020.20852 Release Notes: [-] Fixed: few Spotify REST API methods. 12.03.2019 Released Multi Room Audio Player v5.4.7010.29452\u2026","rel":"","context":"Similar post","block_context":{"text":"Similar post","link":""},"img":{"alt_text":"","src":"","width":0,"height":0},"classes":[]},{"id":126,"url":"https:\/\/multiroomaudioplayer.com\/en\/download\/","url_meta":{"origin":398,"position":2},"title":"Download Multi Room Audio Player","author":"AudioEngineer","date":"May 25, 2015","format":false,"excerpt":"Multi Room Audio Player is distributed as shareware. You can download an evaluation version of our software and try it for free. This is a full-featured 30-day trial version without any\u00a0restrictions. You can download Multi Room Audio Player in a self-extracting digitally signed executable EXE file (a security warning may\u2026","rel":"","context":"Similar post","block_context":{"text":"Similar post","link":""},"img":{"alt_text":"download button","src":"\/wp-content\/uploads\/2015\/05\/btn_download.png","width":350,"height":200},"classes":[]},{"id":379,"url":"https:\/\/multiroomaudioplayer.com\/ru\/download\/","url_meta":{"origin":398,"position":3},"title":"\u0421\u043a\u0430\u0447\u0430\u0442\u044c \u041c\u043d\u043e\u0433\u043e\u0437\u043e\u043d\u043d\u044b\u0439 \u0410\u0443\u0434\u0438\u043e \u041f\u0440\u043e\u0438\u0433\u0440\u044b\u0432\u0430\u0442\u0435\u043b\u044c","author":"AudioEngineer","date":"July 26, 2015","format":false,"excerpt":"\u0412\u044b \u043c\u043e\u0436\u0435\u0442\u0435 \u0441\u043a\u0430\u0447\u0430\u0442\u044c \u043f\u0440\u043e\u0431\u043d\u0443\u044e \u0432\u0435\u0440\u0441\u0438\u044e \u043f\u0440\u043e\u0433\u0440\u0430\u043c\u043c\u044b \u0430\u0431\u0441\u043e\u043b\u044e\u0442\u043d\u043e \u0431\u0435\u0441\u043f\u043b\u0430\u0442\u043d\u043e \u0438 \u043f\u043e\u043f\u0440\u043e\u0431\u043e\u0432\u0430\u0442\u044c \u0435\u0435 \u043f\u0435\u0440\u0435\u0434 \u043f\u043e\u043a\u0443\u043f\u043a\u043e\u0439 \u0432 \u0442\u0435\u0447\u0435\u043d\u0438\u0438 30 \u0434\u043d\u0435\u0439. \u041f\u043e\u0441\u043b\u0435 \u043f\u043e\u043a\u0443\u043f\u043a\u0438 \u0432\u044b \u0441\u043c\u043e\u0436\u0435\u0442\u0435 \u0438\u0441\u043f\u043e\u043b\u044c\u0437\u043e\u0432\u0430\u0442\u044c Multi Room Audio Player \u0431\u0435\u0437 \u043e\u0433\u0440\u0430\u043d\u0438\u0447\u0435\u043d\u0438\u0439. \u0412\u044b \u043c\u043e\u0436\u0435\u0442\u0435 \u0441\u043a\u0430\u0447\u0430\u0442\u044c Multi Room Audio Player \u0432 EXE, ZIP \u0438\u043b\u0438 RAR \u0444\u043e\u0440\u043c\u0430\u0442\u0430\u0445. Multi Zone Audio Player \u00a07 \u0411\u0435\u0440\u0435\u0437\u0435\u043d\u044c 2026, file size\u2026","rel":"","context":"Similar post","block_context":{"text":"Similar post","link":""},"img":{"alt_text":"download button","src":"\/wp-content\/uploads\/2015\/05\/btn_download.png","width":350,"height":200},"classes":[]},{"id":381,"url":"https:\/\/multiroomaudioplayer.com\/uk\/download\/","url_meta":{"origin":398,"position":4},"title":"\u0417\u0430\u0432\u0430\u043d\u0442\u0430\u0436\u0438\u0442\u0438 Multi Room Audio Player","author":"AudioEngineer","date":"July 26, 2015","format":false,"excerpt":"Multi Room Audio Player \u043f\u043e\u0448\u0438\u0440\u044e\u0454\u0442\u044c\u0441\u044f \u0437\u0430 \u043b\u0456\u0446\u0435\u043d\u0437\u0456\u0454\u044e \u0441\u043f\u0440\u043e\u0431\u0443\u0439-\u043f\u0435\u0440\u0435\u0434-\u0442\u0438\u043c-\u044f\u043a-\u043a\u0443\u043f\u0438\u0442\u0438. \u0412\u0438 \u043c\u043e\u0436\u0435\u0442\u0435 \u0437\u0430\u0432\u0430\u043d\u0442\u0430\u0436\u0438\u0442\u0438 \u043f\u0440\u043e\u0431\u043d\u0443 \u0432\u0435\u0440\u0441\u0456\u044e \u043d\u0430\u0448\u043e\u0433\u043e \u043f\u0440\u043e\u0433\u0440\u0430\u043c\u043d\u043e\u0433\u043e \u0437\u0430\u0431\u0435\u0437\u043f\u0435\u0447\u0435\u043d\u043d\u044f \u0456 \u0441\u043f\u0440\u043e\u0431\u0443\u0432\u0430\u0442\u0438 \u0457\u0457 \u0431\u0435\u0437\u043a\u043e\u0448\u0442\u043e\u0432\u043d\u043e \u043d\u0430\u043f\u0440\u043e\u0442\u044f\u0437\u0456 30 \u0434\u043d\u0456\u0432 \u0431\u0435\u0437 \u0431\u0443\u0434\u044c-\u044f\u043a\u0438\u0445 \u043e\u0431\u043c\u0435\u0436\u0435\u043d\u044c. \u0412\u0438 \u043c\u043e\u0436\u0435\u0442\u0435 \u0437\u0430\u0432\u0430\u043d\u0442\u0430\u0436\u0438\u0442\u0438\u00a0Multi Room Audio Player\u00a0\u0432 \u0434\u0435\u043a\u0456\u043b\u044c\u043a\u043e\u0445 \u0444\u043e\u0440\u043c\u0430\u0442\u0430\u0445,\u00a0\u00a0\u043f\u0456\u0434\u043f\u0438\u0441\u0430\u043d\u0438\u0439 \u0446\u0438\u0444\u0440\u043e\u0432\u0438\u043c \u043f\u0456\u0434\u043f\u0438\u0441\u043e\u043c EXE \u0444\u0430\u0439\u043b (\u043f\u043e\u043f\u0435\u0440\u0435\u0434\u0436\u0435\u043d\u043d\u044f \u043f\u0440\u043e \u0431\u0435\u0437\u043f\u0435\u043a\u0443 \u043c\u043e\u0436\u0435 \u0437'\u044f\u0432\u0438\u0442\u0438\u0441\u044f), \u0432 ZIP \u0430\u0431\u043e RAR \u0430\u0440\u0445\u0456\u0432\u0430\u0445. Multi Zone\u2026","rel":"","context":"Similar post","block_context":{"text":"Similar post","link":""},"img":{"alt_text":"download button","src":"\/wp-content\/uploads\/2015\/05\/btn_download.png","width":350,"height":200},"classes":[]},{"id":1106,"url":"https:\/\/multiroomaudioplayer.com\/de\/multi-room-audio-player-uebersicht\/","url_meta":{"origin":398,"position":5},"title":"Multi Room Audio Player \u00dcbersicht","author":"AudioEngineer","date":"August 14, 2016","format":false,"excerpt":"Aus Leidenschaft f\u00fcr Sound Der Multi Room Audio Player (Mehrzimmer Audio Player) ist eine professionelle Audio Streaming Anwendung die es Ihnen erm\u00f6glicht mehrere Audiostreams in verschiedenen R\u00e4umen abzuspielen. Eine zentrale Audiosteuerung f\u00fcr Nachtclubs oder Restaurants, Hotel oder Gesch\u00e4ft, Fitnessstudio, Sportzentrum, Intellihouse und auch Themenparks oder Zoos oder andere \u00f6ffentliche Pl\u00e4tze\u2026","rel":"","context":"Similar post","block_context":{"text":"Similar post","link":""},"img":{"alt_text":"Multi Room Audio Player eignet sich perfekt f\u00fcr kommerzielle Verwendung","src":"https:\/\/i0.wp.com\/multiroomaudioplayer.com\/wp-content\/uploads\/2014\/03\/multi-room-audio-player-art-2-1024x576.png?resize=350%2C200&ssl=1","width":350,"height":200,"srcset":"https:\/\/i0.wp.com\/multiroomaudioplayer.com\/wp-content\/uploads\/2014\/03\/multi-room-audio-player-art-2-1024x576.png?resize=350%2C200&ssl=1 1x, https:\/\/i0.wp.com\/multiroomaudioplayer.com\/wp-content\/uploads\/2014\/03\/multi-room-audio-player-art-2-1024x576.png?resize=525%2C300&ssl=1 1.5x, https:\/\/i0.wp.com\/multiroomaudioplayer.com\/wp-content\/uploads\/2014\/03\/multi-room-audio-player-art-2-1024x576.png?resize=700%2C400&ssl=1 2x"},"classes":[]}],"_links":{"self":[{"href":"https:\/\/multiroomaudioplayer.com\/uk\/wp-json\/wp\/v2\/pages\/398","targetHints":{"allow":["GET"]}}],"collection":[{"href":"https:\/\/multiroomaudioplayer.com\/uk\/wp-json\/wp\/v2\/pages"}],"about":[{"href":"https:\/\/multiroomaudioplayer.com\/uk\/wp-json\/wp\/v2\/types\/page"}],"author":[{"embeddable":true,"href":"https:\/\/multiroomaudioplayer.com\/uk\/wp-json\/wp\/v2\/users\/1"}],"replies":[{"embeddable":true,"href":"https:\/\/multiroomaudioplayer.com\/uk\/wp-json\/wp\/v2\/comments?post=398"}],"version-history":[{"count":3,"href":"https:\/\/multiroomaudioplayer.com\/uk\/wp-json\/wp\/v2\/pages\/398\/revisions"}],"predecessor-version":[{"id":2468,"href":"https:\/\/multiroomaudioplayer.com\/uk\/wp-json\/wp\/v2\/pages\/398\/revisions\/2468"}],"wp:attachment":[{"href":"https:\/\/multiroomaudioplayer.com\/uk\/wp-json\/wp\/v2\/media?parent=398"}],"curies":[{"name":"wp","href":"https:\/\/api.w.org\/{rel}","templated":true}]}}