{"id":53,"date":"2014-03-28T15:49:02","date_gmt":"2014-03-28T15:49:02","guid":{"rendered":"http:\/\/localhost\/multi-room-audio-player.com\/?page_id=53"},"modified":"2023-06-26T15:14:34","modified_gmt":"2023-06-26T13:14:34","slug":"features","status":"publish","type":"page","link":"https:\/\/multiroomaudioplayer.com\/en\/features\/","title":{"rendered":"Multi Room Audio Player Features"},"content":{"rendered":"<p><b>Multi Room Audio Player<\/b> was created in collaboration with professional sound engineers as a reply to the needs of musical control personnel, DJs, creative supervisors, etc. This is a complete audio solution for clubs, restaurants, hotels, multi-room apartments, smart homes, intellihomes, and large halls. The simple and intuitive interface is suitable not only for audio professionals but also for ordinary audiophiles and music lovers who need to play music in many rooms at once.<\/p>\n<p><a href=\"https:\/\/i0.wp.com\/multiroomaudioplayer.com\/wp-content\/uploads\/2014\/03\/multi-room-audio-player-art-1.png?ssl=1\"><img data-recalc-dims=\"1\" loading=\"lazy\" decoding=\"async\" data-attachment-id=\"310\" data-permalink=\"https:\/\/multiroomaudioplayer.com\/en\/multi-room-audio-player-overview\/multi-room-audio-player-art-1\/#main\" data-orig-file=\"https:\/\/i0.wp.com\/multiroomaudioplayer.com\/wp-content\/uploads\/2014\/03\/multi-room-audio-player-art-1.png?fit=1400%2C788&amp;ssl=1\" data-orig-size=\"1400,788\" data-comments-opened=\"1\" data-image-meta=\"{&quot;aperture&quot;:&quot;0&quot;,&quot;credit&quot;:&quot;&quot;,&quot;camera&quot;:&quot;&quot;,&quot;caption&quot;:&quot;&quot;,&quot;created_timestamp&quot;:&quot;0&quot;,&quot;copyright&quot;:&quot;&quot;,&quot;focal_length&quot;:&quot;0&quot;,&quot;iso&quot;:&quot;0&quot;,&quot;shutter_speed&quot;:&quot;0&quot;,&quot;title&quot;:&quot;&quot;,&quot;orientation&quot;:&quot;0&quot;}\" data-image-title=\"Manage lots of audio streams with only one PC\" data-image-description=\"\" data-image-caption=\"\" data-medium-file=\"https:\/\/i0.wp.com\/multiroomaudioplayer.com\/wp-content\/uploads\/2014\/03\/multi-room-audio-player-art-1.png?fit=300%2C169&amp;ssl=1\" data-large-file=\"https:\/\/i0.wp.com\/multiroomaudioplayer.com\/wp-content\/uploads\/2014\/03\/multi-room-audio-player-art-1.png?fit=780%2C439&amp;ssl=1\" class=\"aligncenter size-large wp-image-310\" src=\"https:\/\/i0.wp.com\/multiroomaudioplayer.com\/wp-content\/uploads\/2014\/03\/multi-room-audio-player-art-1.png?resize=780%2C439&#038;ssl=1\" alt=\"Multi Room Audio Player - Manage lots of audio streams with only one PC\" width=\"780\" height=\"439\" srcset=\"https:\/\/i0.wp.com\/multiroomaudioplayer.com\/wp-content\/uploads\/2014\/03\/multi-room-audio-player-art-1.png?resize=1024%2C576&amp;ssl=1 1024w, https:\/\/i0.wp.com\/multiroomaudioplayer.com\/wp-content\/uploads\/2014\/03\/multi-room-audio-player-art-1.png?resize=300%2C169&amp;ssl=1 300w, https:\/\/i0.wp.com\/multiroomaudioplayer.com\/wp-content\/uploads\/2014\/03\/multi-room-audio-player-art-1.png?resize=350%2C197&amp;ssl=1 350w, https:\/\/i0.wp.com\/multiroomaudioplayer.com\/wp-content\/uploads\/2014\/03\/multi-room-audio-player-art-1.png?resize=860%2C484&amp;ssl=1 860w, https:\/\/i0.wp.com\/multiroomaudioplayer.com\/wp-content\/uploads\/2014\/03\/multi-room-audio-player-art-1.png?w=1400&amp;ssl=1 1400w\" sizes=\"auto, (max-width: 780px) 100vw, 780px\" \/><\/a><\/p>\n<p>With <b>Multi Room Audio Player<\/b>, you can:<\/p>\n<ul>\n<li>Create and manage as many sound zones as you need from one audio player;<\/li>\n<li>Compatible with <a href=\"https:\/\/multiroomaudioplayer.com\/en\/2015\/11\/dante-audio-on-multi-room-audio-player\/\">Audinate Dante<\/a> and hundreds of Dante-enabled products;<\/li>\n<li>Control music over the network. See the <a href=\"\/Content\/remote.html\" target=\"_blank\" rel=\"noopener\">Remote network control example page<\/a>;<\/li>\n<li>Control each audio room individually or all together;<\/li>\n<li>Assign each zone to a corresponding output audio device;<\/li>\n<li>Play MP3, MP2, M4A, AAC, WMA, FLAC, OGG tracks and M3U playlists;<\/li>\n<li>Play Internet radio streams;<\/li>\n<li>Play\u00a0your Spotify playlists;<\/li>\n<li>Line-in support for external audio devices (TV,\u00a0CD\/DVD player or turntables);<\/li>\n<li>Create scheduled events;<\/li>\n<li>Control app via console command line;<\/li>\n<li>Use WCF or REST API;<\/li>\n<li>Make announcements with microphone management functionality;<\/li>\n<li>Use the built-in Music Library with a powerful search;<\/li>\n<li>Create new playlists using the Playlist generator;<\/li>\n<li>Correct sound with Equalizer for each zone;<\/li>\n<li>Use Instant Jingle hotkeys;<\/li>\n<li>All regular, built-in, semi-professional, and pro sound cards with WDM drivers supported;<\/li>\n<li>Use Zone Control window for centralized monitoring and control of all rooms;<\/li>\n<li>Use easy to use drag&amp;drop multilingual interface.<\/li>\n<\/ul>\n<p><b>Planned for the future:<\/b><\/p>\n<ul>\n<li>Native iPhone\/Android remote control application;<\/li>\n<li>ASIO audio cards support;<\/li>\n<li>Support for streaming;<\/li>\n<li>Audio normalization;<\/li>\n<li>Various audio settings like pitch, tempo, etc.;<\/li>\n<li>The &#8220;Solo&#8221; function allows monitoring music in rooms locally from a PC.<\/li>\n<\/ul>\n<p>Please read <a href=\"\/\">Multi Room Audio Player Overview<\/a>, take a look at this <a href=\"https:\/\/www.youtube.com\/watch?v=T0k1So2WVM4\" target=\"_blank\" rel=\"noopener\">short video<\/a>, or visit the <a href=\"https:\/\/multiroomaudioplayer.com\/en\/screenshots\/\">screenshots page<\/a>.<\/p>\n","protected":false},"excerpt":{"rendered":"<p>Multi Room Audio Player was created in collaboration with professional sound engineers as a reply to the needs of musical control personnel, DJs, creative supervisors, etc. This is a complete audio solution for clubs, restaurants, hotels, multi-room apartments, smart homes, intellihomes, and large halls. The simple and intuitive interface is suitable not only for audio <a class=\"more-link\" href=\"https:\/\/multiroomaudioplayer.com\/en\/features\/\">Read More &#8230;<\/a><\/p>\n","protected":false},"author":1,"featured_media":0,"parent":0,"menu_order":0,"comment_status":"closed","ping_status":"closed","template":"","meta":{"_monsterinsights_skip_tracking":false,"_monsterinsights_sitenote_active":false,"_monsterinsights_sitenote_note":"","_monsterinsights_sitenote_category":0,"footnotes":""},"class_list":["post-53","page","type-page","status-publish","hentry"],"yoast_head":"<!-- This site is optimized with the Yoast SEO plugin v27.2 - https:\/\/yoast.com\/product\/yoast-seo-wordpress\/ -->\n<title>Multi Room Audio Player Features<\/title>\n<meta name=\"description\" content=\"List of all Multi Room Audio Player Features\" \/>\n<meta name=\"robots\" content=\"index, follow, max-snippet:-1, max-image-preview:large, max-video-preview:-1\" \/>\n<link rel=\"canonical\" href=\"https:\/\/multiroomaudioplayer.com\/en\/features\/\" \/>\n<meta property=\"og:locale\" content=\"en_US\" \/>\n<meta property=\"og:type\" content=\"article\" \/>\n<meta property=\"og:title\" content=\"Multi Room Audio Player Features\" \/>\n<meta property=\"og:description\" content=\"List of all Multi Room Audio Player Features\" \/>\n<meta property=\"og:url\" content=\"https:\/\/multiroomaudioplayer.com\/en\/features\/\" \/>\n<meta property=\"og:site_name\" content=\"Multi Room Audio Player\" \/>\n<meta property=\"article:publisher\" content=\"https:\/\/www.facebook.com\/MultiRoomAudioPlayer\" \/>\n<meta property=\"article:modified_time\" content=\"2023-06-26T13:14:34+00:00\" \/>\n<meta property=\"og:image\" content=\"https:\/\/multiroomaudioplayer.com\/wp-content\/uploads\/2014\/03\/multi-room-audio-player-art-1-1024x576.png\" \/>\n<meta name=\"twitter:card\" content=\"summary_large_image\" \/>\n<meta name=\"twitter:site\" content=\"@pistonsoftware\" \/>\n<meta name=\"twitter:label1\" content=\"Est. reading time\" \/>\n\t<meta name=\"twitter:data1\" content=\"2 minutes\" \/>\n<script type=\"application\/ld+json\" class=\"yoast-schema-graph\">{\"@context\":\"https:\/\/schema.org\",\"@graph\":[{\"@type\":\"WebPage\",\"@id\":\"https:\/\/multiroomaudioplayer.com\/en\/features\/\",\"url\":\"https:\/\/multiroomaudioplayer.com\/en\/features\/\",\"name\":\"Multi Room Audio Player Features\",\"isPartOf\":{\"@id\":\"https:\/\/multiroomaudioplayer.com\/en\/#website\"},\"primaryImageOfPage\":{\"@id\":\"https:\/\/multiroomaudioplayer.com\/en\/features\/#primaryimage\"},\"image\":{\"@id\":\"https:\/\/multiroomaudioplayer.com\/en\/features\/#primaryimage\"},\"thumbnailUrl\":\"https:\/\/multiroomaudioplayer.com\/wp-content\/uploads\/2014\/03\/multi-room-audio-player-art-1-1024x576.png\",\"datePublished\":\"2014-03-28T15:49:02+00:00\",\"dateModified\":\"2023-06-26T13:14:34+00:00\",\"description\":\"List of all Multi Room Audio Player Features\",\"breadcrumb\":{\"@id\":\"https:\/\/multiroomaudioplayer.com\/en\/features\/#breadcrumb\"},\"inLanguage\":\"en-US\",\"potentialAction\":[{\"@type\":\"ReadAction\",\"target\":[\"https:\/\/multiroomaudioplayer.com\/en\/features\/\"]}]},{\"@type\":\"ImageObject\",\"inLanguage\":\"en-US\",\"@id\":\"https:\/\/multiroomaudioplayer.com\/en\/features\/#primaryimage\",\"url\":\"https:\/\/multiroomaudioplayer.com\/wp-content\/uploads\/2014\/03\/multi-room-audio-player-art-1-1024x576.png\",\"contentUrl\":\"https:\/\/multiroomaudioplayer.com\/wp-content\/uploads\/2014\/03\/multi-room-audio-player-art-1-1024x576.png\"},{\"@type\":\"BreadcrumbList\",\"@id\":\"https:\/\/multiroomaudioplayer.com\/en\/features\/#breadcrumb\",\"itemListElement\":[{\"@type\":\"ListItem\",\"position\":1,\"name\":\"Home\",\"item\":\"https:\/\/multiroomaudioplayer.com\/en\/\"},{\"@type\":\"ListItem\",\"position\":2,\"name\":\"Multi Room Audio Player Features\"}]},{\"@type\":\"WebSite\",\"@id\":\"https:\/\/multiroomaudioplayer.com\/en\/#website\",\"url\":\"https:\/\/multiroomaudioplayer.com\/en\/\",\"name\":\"Multi Room Audio Player\",\"description\":\"music control software for hotels, shops, clubs, theme parks, zoo, sport centers, haunted houses and intellihome\",\"potentialAction\":[{\"@type\":\"SearchAction\",\"target\":{\"@type\":\"EntryPoint\",\"urlTemplate\":\"https:\/\/multiroomaudioplayer.com\/en\/?s={search_term_string}\"},\"query-input\":{\"@type\":\"PropertyValueSpecification\",\"valueRequired\":true,\"valueName\":\"search_term_string\"}}],\"inLanguage\":\"en-US\"}]}<\/script>\n<!-- \/ Yoast SEO plugin. -->","yoast_head_json":{"title":"Multi Room Audio Player Features","description":"List of all Multi Room Audio Player Features","robots":{"index":"index","follow":"follow","max-snippet":"max-snippet:-1","max-image-preview":"max-image-preview:large","max-video-preview":"max-video-preview:-1"},"canonical":"https:\/\/multiroomaudioplayer.com\/en\/features\/","og_locale":"en_US","og_type":"article","og_title":"Multi Room Audio Player Features","og_description":"List of all Multi Room Audio Player Features","og_url":"https:\/\/multiroomaudioplayer.com\/en\/features\/","og_site_name":"Multi Room Audio Player","article_publisher":"https:\/\/www.facebook.com\/MultiRoomAudioPlayer","article_modified_time":"2023-06-26T13:14:34+00:00","og_image":[{"url":"https:\/\/multiroomaudioplayer.com\/wp-content\/uploads\/2014\/03\/multi-room-audio-player-art-1-1024x576.png","type":"","width":"","height":""}],"twitter_card":"summary_large_image","twitter_site":"@pistonsoftware","twitter_misc":{"Est. reading time":"2 minutes"},"schema":{"@context":"https:\/\/schema.org","@graph":[{"@type":"WebPage","@id":"https:\/\/multiroomaudioplayer.com\/en\/features\/","url":"https:\/\/multiroomaudioplayer.com\/en\/features\/","name":"Multi Room Audio Player Features","isPartOf":{"@id":"https:\/\/multiroomaudioplayer.com\/en\/#website"},"primaryImageOfPage":{"@id":"https:\/\/multiroomaudioplayer.com\/en\/features\/#primaryimage"},"image":{"@id":"https:\/\/multiroomaudioplayer.com\/en\/features\/#primaryimage"},"thumbnailUrl":"https:\/\/multiroomaudioplayer.com\/wp-content\/uploads\/2014\/03\/multi-room-audio-player-art-1-1024x576.png","datePublished":"2014-03-28T15:49:02+00:00","dateModified":"2023-06-26T13:14:34+00:00","description":"List of all Multi Room Audio Player Features","breadcrumb":{"@id":"https:\/\/multiroomaudioplayer.com\/en\/features\/#breadcrumb"},"inLanguage":"en-US","potentialAction":[{"@type":"ReadAction","target":["https:\/\/multiroomaudioplayer.com\/en\/features\/"]}]},{"@type":"ImageObject","inLanguage":"en-US","@id":"https:\/\/multiroomaudioplayer.com\/en\/features\/#primaryimage","url":"https:\/\/multiroomaudioplayer.com\/wp-content\/uploads\/2014\/03\/multi-room-audio-player-art-1-1024x576.png","contentUrl":"https:\/\/multiroomaudioplayer.com\/wp-content\/uploads\/2014\/03\/multi-room-audio-player-art-1-1024x576.png"},{"@type":"BreadcrumbList","@id":"https:\/\/multiroomaudioplayer.com\/en\/features\/#breadcrumb","itemListElement":[{"@type":"ListItem","position":1,"name":"Home","item":"https:\/\/multiroomaudioplayer.com\/en\/"},{"@type":"ListItem","position":2,"name":"Multi Room Audio Player Features"}]},{"@type":"WebSite","@id":"https:\/\/multiroomaudioplayer.com\/en\/#website","url":"https:\/\/multiroomaudioplayer.com\/en\/","name":"Multi Room Audio Player","description":"music control software for hotels, shops, clubs, theme parks, zoo, sport centers, haunted houses and intellihome","potentialAction":[{"@type":"SearchAction","target":{"@type":"EntryPoint","urlTemplate":"https:\/\/multiroomaudioplayer.com\/en\/?s={search_term_string}"},"query-input":{"@type":"PropertyValueSpecification","valueRequired":true,"valueName":"search_term_string"}}],"inLanguage":"en-US"}]}},"jetpack_sharing_enabled":true,"jetpack-related-posts":[{"id":13,"url":"https:\/\/multiroomaudioplayer.com\/en\/","url_meta":{"origin":53,"position":0},"title":"Multi Room Audio Player Overview","author":"AudioEngineer","date":"March 27, 2014","format":false,"excerpt":"Made With Passion For The Sound Multi Room Audio Player is a professional audio streaming software that allows you to manage multiple audio streams for playing different audio in different rooms. For those who need a centralized audio control center in places such as nightclubs or restaurants, hotels or shops,\u2026","rel":"","context":"Similar post","block_context":{"text":"Similar post","link":""},"img":{"alt_text":"Multi Room Audio Player perfect for commercial usage","src":"https:\/\/i0.wp.com\/multiroomaudioplayer.com\/wp-content\/uploads\/2014\/03\/multi-room-audio-player-art-2-1024x576.png?resize=350%2C200&ssl=1","width":350,"height":200,"srcset":"https:\/\/i0.wp.com\/multiroomaudioplayer.com\/wp-content\/uploads\/2014\/03\/multi-room-audio-player-art-2-1024x576.png?resize=350%2C200&ssl=1 1x, https:\/\/i0.wp.com\/multiroomaudioplayer.com\/wp-content\/uploads\/2014\/03\/multi-room-audio-player-art-2-1024x576.png?resize=525%2C300&ssl=1 1.5x, https:\/\/i0.wp.com\/multiroomaudioplayer.com\/wp-content\/uploads\/2014\/03\/multi-room-audio-player-art-2-1024x576.png?resize=700%2C400&ssl=1 2x"},"classes":[]},{"id":1106,"url":"https:\/\/multiroomaudioplayer.com\/de\/multi-room-audio-player-uebersicht\/","url_meta":{"origin":53,"position":1},"title":"Multi Room Audio Player \u00dcbersicht","author":"AudioEngineer","date":"August 14, 2016","format":false,"excerpt":"Aus Leidenschaft f\u00fcr Sound Der Multi Room Audio Player (Mehrzimmer Audio Player) ist eine professionelle Audio Streaming Anwendung die es Ihnen erm\u00f6glicht mehrere Audiostreams in verschiedenen R\u00e4umen abzuspielen. Eine zentrale Audiosteuerung f\u00fcr Nachtclubs oder Restaurants, Hotel oder Gesch\u00e4ft, Fitnessstudio, Sportzentrum, Intellihouse und auch Themenparks oder Zoos oder andere \u00f6ffentliche Pl\u00e4tze\u2026","rel":"","context":"Similar post","block_context":{"text":"Similar post","link":""},"img":{"alt_text":"Multi Room Audio Player eignet sich perfekt f\u00fcr kommerzielle Verwendung","src":"https:\/\/i0.wp.com\/multiroomaudioplayer.com\/wp-content\/uploads\/2014\/03\/multi-room-audio-player-art-2-1024x576.png?resize=350%2C200&ssl=1","width":350,"height":200,"srcset":"https:\/\/i0.wp.com\/multiroomaudioplayer.com\/wp-content\/uploads\/2014\/03\/multi-room-audio-player-art-2-1024x576.png?resize=350%2C200&ssl=1 1x, https:\/\/i0.wp.com\/multiroomaudioplayer.com\/wp-content\/uploads\/2014\/03\/multi-room-audio-player-art-2-1024x576.png?resize=525%2C300&ssl=1 1.5x, https:\/\/i0.wp.com\/multiroomaudioplayer.com\/wp-content\/uploads\/2014\/03\/multi-room-audio-player-art-2-1024x576.png?resize=700%2C400&ssl=1 2x"},"classes":[]},{"id":1117,"url":"https:\/\/multiroomaudioplayer.com\/de\/features\/","url_meta":{"origin":53,"position":2},"title":"Multi Room Audio Player Funktionen","author":"AudioEngineer","date":"August 16, 2016","format":false,"excerpt":"Der Multi Room Audio Player entstand aus einer Zusammenarbeit mit professionellen Soundtechnikern basierend auf die Anforderungen von DJs, kreativen Vorgesetzten und anderen Personen die sich mit der Musiksteuerung befassen. Hierbei handelt es sich um eine komplette Audio L\u00f6sung f\u00fcr Clubs, Restaurants, Hotels, Mehrzimmer Wohnungen, Intellihomes und gro\u00dfen Veranstaltungsorten. Die einfache\u2026","rel":"","context":"Similar post","block_context":{"text":"Similar post","link":""},"img":{"alt_text":"Multi Room Audio Player \u2013 Verwalten eine Vielzahl von Audio Streams mit nur einem Computer","src":"https:\/\/i0.wp.com\/multiroomaudioplayer.com\/wp-content\/uploads\/2014\/03\/multi-room-audio-player-art-1-1024x576.png?resize=350%2C200&ssl=1","width":350,"height":200,"srcset":"https:\/\/i0.wp.com\/multiroomaudioplayer.com\/wp-content\/uploads\/2014\/03\/multi-room-audio-player-art-1-1024x576.png?resize=350%2C200&ssl=1 1x, https:\/\/i0.wp.com\/multiroomaudioplayer.com\/wp-content\/uploads\/2014\/03\/multi-room-audio-player-art-1-1024x576.png?resize=525%2C300&ssl=1 1.5x, https:\/\/i0.wp.com\/multiroomaudioplayer.com\/wp-content\/uploads\/2014\/03\/multi-room-audio-player-art-1-1024x576.png?resize=700%2C400&ssl=1 2x"},"classes":[]},{"id":94,"url":"https:\/\/multiroomaudioplayer.com\/ru\/features\/","url_meta":{"origin":53,"position":3},"title":"\u0424\u0443\u043d\u043a\u0446\u0438\u0438 \u041c\u043d\u043e\u0433\u043e\u0437\u043e\u043d\u043d\u043e\u0433\u043e \u0410\u0443\u0434\u0438\u043e \u041f\u0440\u043e\u0438\u0433\u0440\u044b\u0432\u0430\u0442\u0435\u043b\u044f","author":"AudioEngineer","date":"May 20, 2015","format":false,"excerpt":"Multi Room Audio Player \u0441\u043e\u0437\u0434\u0430\u043d \u043f\u0440\u0438 \u0441\u043e\u0434\u0435\u0439\u0441\u0442\u0432\u0438\u0438 \u043f\u0440\u043e\u0444\u0435\u0441\u0441\u0438\u043e\u043d\u0430\u043b\u044c\u043d\u044b\u0445 \u0437\u0432\u0443\u043a\u043e\u0438\u043d\u0436\u0435\u043d\u0435\u0440\u043e\u0432. \u041d\u0430\u0448 Multi Room Audio Player \u044d\u0442\u043e \u0443\u0434\u043e\u0431\u043d\u043e\u0435 \u0440\u0435\u0448\u0435\u043d\u0438\u0435 \u0434\u043b\u044f \u043f\u0440\u043e\u0444\u0435\u0441\u0441\u0438\u043e\u043d\u0430\u043b\u044c\u043d\u044b\u0445 \u0437\u0432\u0443\u043a\u043e\u0438\u043d\u0436\u0435\u043d\u0435\u0440\u043e\u0432, \u0441\u043f\u0435\u0446\u0438\u0430\u043b\u0438\u0441\u0442\u043e\u0432 \u043f\u043e \u043e\u0437\u0432\u0443\u0447\u0438\u0432\u0430\u043d\u0438\u044f \u043f\u043e\u043c\u0435\u0449\u0435\u043d\u0438\u0439, \u0431\u0430\u0440\u043e\u0432, \u0440\u0435\u0441\u0442\u043e\u0440\u0430\u043d\u043e\u0432, \u043e\u0442\u0435\u043b\u0435\u0439, \u043c\u043d\u043e\u0433\u043e\u043a\u043e\u043c\u043d\u0430\u0442\u043d\u044b\u0445 \u043a\u0432\u0430\u0440\u0442\u0438\u0440, \u0431\u043e\u043b\u044c\u0448\u0438\u0445 \u0445\u043e\u043b\u043b\u043e\u0432, \u043e\u0442\u0435\u043b\u0435\u0439, \u043f\u0430\u0440\u043a\u043e\u0432 \u043e\u0442\u0434\u044b\u0445\u0430, \u0437\u043e\u043e\u043f\u0430\u0440\u043a\u043e\u0432 \u0438 \u0442\u0430\u043a \u0434\u0430\u043b\u0435\u0435. \u041f\u0440\u043e\u0441\u0442\u043e\u0439 \u0438 \u0443\u0434\u043e\u0431\u043d\u044b\u0439 \u0438\u043d\u0442\u0435\u0440\u0444\u0435\u0439\u0441 \u043e\u0446\u0435\u043d\u044f\u0442 \u043d\u0435 \u0442\u043e\u043b\u044c\u043a\u043e \u0430\u0443\u0434\u0438\u043e \u043f\u0440\u043e\u0444\u0435\u0441\u0441\u0438\u043e\u043d\u0430\u043b\u044b, \u043d\u043e \u0438 \u043e\u0431\u044b\u0447\u043d\u044b\u0435\u2026","rel":"","context":"Similar post","block_context":{"text":"Similar post","link":""},"img":{"alt_text":"Multi Room Audio Player - Manage lots of audio streams with only one PC","src":"https:\/\/i0.wp.com\/multiroomaudioplayer.com\/wp-content\/uploads\/2014\/03\/multi-room-audio-player-art-1-1024x576.png?resize=350%2C200&ssl=1","width":350,"height":200,"srcset":"https:\/\/i0.wp.com\/multiroomaudioplayer.com\/wp-content\/uploads\/2014\/03\/multi-room-audio-player-art-1-1024x576.png?resize=350%2C200&ssl=1 1x, https:\/\/i0.wp.com\/multiroomaudioplayer.com\/wp-content\/uploads\/2014\/03\/multi-room-audio-player-art-1-1024x576.png?resize=525%2C300&ssl=1 1.5x, https:\/\/i0.wp.com\/multiroomaudioplayer.com\/wp-content\/uploads\/2014\/03\/multi-room-audio-player-art-1-1024x576.png?resize=700%2C400&ssl=1 2x"},"classes":[]},{"id":670,"url":"https:\/\/multiroomaudioplayer.com\/en\/revision-history\/","url_meta":{"origin":53,"position":4},"title":"Multi Room Audio Player Revision History","author":"AudioEngineer","date":"October 27, 2015","format":false,"excerpt":"Legend: [+] Added [-] Fixed [*] \u0421hanged\/Improved 25.06.2023 Released Multi Room Audio Player v5.4.8576.18819 Release Notes: [-] Fixed: 32 channels GPIO support. [*] Improved: GPIO monitoring time. 22.03.2019 Released Multi Room Audio Player v5.4.7020.20852 Release Notes: [-] Fixed: few Spotify REST API methods. 12.03.2019 Released Multi Room Audio Player v5.4.7010.29452\u2026","rel":"","context":"Similar post","block_context":{"text":"Similar post","link":""},"img":{"alt_text":"","src":"","width":0,"height":0},"classes":[]},{"id":1120,"url":"https:\/\/multiroomaudioplayer.com\/de\/screenshots\/","url_meta":{"origin":53,"position":5},"title":"Bildschirmfotos","author":"AudioEngineer","date":"August 16, 2016","format":false,"excerpt":"Multi Room Audio Player Hauptfenster \u00a0 Soundsteuerung in jedem Raum per iPad \u00a0 Multi Room Sound System Fernbedienung auf Handy \u00a0 Zonen Editor Panel, Audio Ausgang, Kan\u00e4le, Equalizer \u00a0 Voll funktionsf\u00e4hige Mediendatenbank \u00a0 Abspiellisten Generator \u00a0 Control Center des Players \u00a0 Eventplaner","rel":"","context":"Similar post","block_context":{"text":"Similar post","link":""},"img":{"alt_text":"Multi Room Audio Player Hauptfenster","src":"\/screenshot\/multi-room-audio-player-1_400.png","width":350,"height":200},"classes":[]}],"_links":{"self":[{"href":"https:\/\/multiroomaudioplayer.com\/en\/wp-json\/wp\/v2\/pages\/53","targetHints":{"allow":["GET"]}}],"collection":[{"href":"https:\/\/multiroomaudioplayer.com\/en\/wp-json\/wp\/v2\/pages"}],"about":[{"href":"https:\/\/multiroomaudioplayer.com\/en\/wp-json\/wp\/v2\/types\/page"}],"author":[{"embeddable":true,"href":"https:\/\/multiroomaudioplayer.com\/en\/wp-json\/wp\/v2\/users\/1"}],"replies":[{"embeddable":true,"href":"https:\/\/multiroomaudioplayer.com\/en\/wp-json\/wp\/v2\/comments?post=53"}],"version-history":[{"count":1,"href":"https:\/\/multiroomaudioplayer.com\/en\/wp-json\/wp\/v2\/pages\/53\/revisions"}],"predecessor-version":[{"id":2324,"href":"https:\/\/multiroomaudioplayer.com\/en\/wp-json\/wp\/v2\/pages\/53\/revisions\/2324"}],"wp:attachment":[{"href":"https:\/\/multiroomaudioplayer.com\/en\/wp-json\/wp\/v2\/media?parent=53"}],"curies":[{"name":"wp","href":"https:\/\/api.w.org\/{rel}","templated":true}]}}