{"id":13,"date":"2014-03-27T14:26:26","date_gmt":"2014-03-27T14:26:26","guid":{"rendered":"http:\/\/localhost\/multi-room-audio-player.com\/?page_id=13"},"modified":"2024-03-25T12:48:30","modified_gmt":"2024-03-25T11:48:30","slug":"multi-room-audio-player-overview","status":"publish","type":"page","link":"https:\/\/multiroomaudioplayer.com\/en\/","title":{"rendered":"Multi Room Audio Player Overview"},"content":{"rendered":"<h2>Made With Passion For The Sound<\/h2>\n<div><strong>Multi Room Audio Player<\/strong> is a professional audio streaming software that allows you to manage multiple audio streams for playing different audio in different rooms. For those who need a centralized audio control center in places such as nightclubs or restaurants, hotels or shops, gyms, sports centers, intellihouses, and even theme parks or zoos,s or other public venues with multiple rooms, zones in which music is played, this software provides a stable and reliable solution. Using <strong>Multi Zone\u00a0Audio Player<\/strong>, you can easily control media playback in multiple areas of a venue of any size. This is perfect for a wide variety of commercial environments.<\/div>\n<p><iframe loading=\"lazy\" src=\"https:\/\/www.youtube.com\/embed\/T0k1So2WVM4\" width=\"560\" height=\"315\" allowfullscreen=\"allowfullscreen\"><\/iframe><\/p>\n<div>The software is designed to play multiple different audio tracks and playlists on any number of different channels on different audio cards. This is clearly far more convenient than individually managing each audio stream on a per-room basis.<\/div>\n<h2>Multi Room Audio Player is not just another media player<\/h2>\n<p>You can control every Multi Room Sound System zone via a browser. Please see an example <a href=\"..\/Content\/remote.html\" rel=\"noopener\">sound control page<\/a>. <strong>Multi Room Audio Player<\/strong> is specifically designed for optimizing audio playback and making as much use of your available hardware as possible. It saves you time by providing you with a centralized media control center as well. This also makes the process more reliable. Audio tracks can be played back through each available channel of any available sound card. For example, if the computer has one sound card which supports 5.1 (6 channels total) surround sound, you can have 6 playlists playing at once, with one for each of the channels. If you have four different audio devices in your computer, each supporting 7.1 surround sound (eight channels total), you can play 32 playlists at the same time. This means that, if you need to provide audio to a very large shopping center, nightclub, or any other entertainment venue, you can easily play different playlists for every room in that venue.<\/p>\n<div><\/div>\n<p><a href=\"https:\/\/i0.wp.com\/multiroomaudioplayer.com\/wp-content\/uploads\/2014\/03\/multi-room-audio-player-art-2.png?ssl=1\"><img data-recalc-dims=\"1\" loading=\"lazy\" decoding=\"async\" data-attachment-id=\"324\" data-permalink=\"https:\/\/multiroomaudioplayer.com\/en\/multi-room-audio-player-overview\/multi-room-audio-player-art-2\/#main\" data-orig-file=\"https:\/\/i0.wp.com\/multiroomaudioplayer.com\/wp-content\/uploads\/2014\/03\/multi-room-audio-player-art-2.png?fit=1400%2C788&amp;ssl=1\" data-orig-size=\"1400,788\" data-comments-opened=\"1\" data-image-meta=\"{&quot;aperture&quot;:&quot;0&quot;,&quot;credit&quot;:&quot;&quot;,&quot;camera&quot;:&quot;&quot;,&quot;caption&quot;:&quot;&quot;,&quot;created_timestamp&quot;:&quot;0&quot;,&quot;copyright&quot;:&quot;&quot;,&quot;focal_length&quot;:&quot;0&quot;,&quot;iso&quot;:&quot;0&quot;,&quot;shutter_speed&quot;:&quot;0&quot;,&quot;title&quot;:&quot;&quot;,&quot;orientation&quot;:&quot;0&quot;}\" data-image-title=\"Multi Room Audio Player perfect for commercial usage\" data-image-description=\"\" data-image-caption=\"\" data-medium-file=\"https:\/\/i0.wp.com\/multiroomaudioplayer.com\/wp-content\/uploads\/2014\/03\/multi-room-audio-player-art-2.png?fit=300%2C169&amp;ssl=1\" data-large-file=\"https:\/\/i0.wp.com\/multiroomaudioplayer.com\/wp-content\/uploads\/2014\/03\/multi-room-audio-player-art-2.png?fit=780%2C439&amp;ssl=1\" class=\"aligncenter size-large wp-image-324\" src=\"https:\/\/i0.wp.com\/multiroomaudioplayer.com\/wp-content\/uploads\/2014\/03\/multi-room-audio-player-art-2.png?resize=780%2C439&#038;ssl=1\" alt=\"Multi Room Audio Player perfect for commercial usage\" width=\"780\" height=\"439\" srcset=\"https:\/\/i0.wp.com\/multiroomaudioplayer.com\/wp-content\/uploads\/2014\/03\/multi-room-audio-player-art-2.png?resize=1024%2C576&amp;ssl=1 1024w, https:\/\/i0.wp.com\/multiroomaudioplayer.com\/wp-content\/uploads\/2014\/03\/multi-room-audio-player-art-2.png?resize=300%2C169&amp;ssl=1 300w, https:\/\/i0.wp.com\/multiroomaudioplayer.com\/wp-content\/uploads\/2014\/03\/multi-room-audio-player-art-2.png?resize=350%2C197&amp;ssl=1 350w, https:\/\/i0.wp.com\/multiroomaudioplayer.com\/wp-content\/uploads\/2014\/03\/multi-room-audio-player-art-2.png?resize=860%2C484&amp;ssl=1 860w, https:\/\/i0.wp.com\/multiroomaudioplayer.com\/wp-content\/uploads\/2014\/03\/multi-room-audio-player-art-2.png?w=1400&amp;ssl=1 1400w\" sizes=\"auto, (max-width: 780px) 100vw, 780px\" \/><\/a><\/p>\n<p><strong>Multi Room Audio Player<\/strong> is useful for anyone who wants to play different music in multiple areas, including rooms, corridors, and hallways, in any public venue. It can save you money as well since you won\u2019t have to hire as many people to manage each individual audio stream. In the example quoted above, you can use the software for supplying music to as many as 32 different areas of a building, yet you do not need 32 individual players running on separate computers to achieve this. Instead, it can all be handled from one convenient location with a single computer running this software. The number of rooms that the software can support is limited only by the available sound channels you have in your computer\u2019s configuration. Even the most basic computers these days include 5.1 support, which, by itself, allows for six mom channels. <strong>Multi Room Audio Player<\/strong> allows you to utilize your available hardware as required, by allowing you to use one channel to play a separate audio stream.<\/p>\n<p>The software also supplies <a href=\"https:\/\/multiroomaudioplayer.com\/en\/features\/\">some useful extra features<\/a> for further enhancing your results. These include an equalizer which you can use to configure the way audio sounds in each individual location. You can easily manage all of the locations using the special Zone and Player Control Center. Please see Multi Room Audio Player <a href=\"https:\/\/multiroomaudioplayer.com\/en\/screenshots\/\">screenshots<\/a>. In addition, many different formats (MP3, WMA, WAV, M4A, AAC) are supported, including less common ones such as OGG, FLAC, and APE. Compatible with <strong><a href=\"https:\/\/multiroomaudioplayer.com\/en\/2015\/11\/dante-audio-on-multi-room-audio-player\/\">Audinate Dante<\/a><\/strong> and hundreds of Dante-enabled products.<\/p>\n<p><strong>Multi Room\u00a0Audio Player<\/strong> is available for commercial use. <a href=\"\/download\/multi-room-audio-player.exe\">Download <strong>Multi Zone Audio Player<\/strong><\/a> now!<\/p>\n","protected":false},"excerpt":{"rendered":"<p>Made With Passion For The Sound Multi Room Audio Player is a professional audio streaming software that allows you to manage multiple audio streams for playing different audio in different rooms. For those who need a centralized audio control center in places such as nightclubs or restaurants, hotels or shops, gyms, sports centers, intellihouses, and <a class=\"more-link\" href=\"https:\/\/multiroomaudioplayer.com\/en\/\">Read More &#8230;<\/a><\/p>\n","protected":false},"author":1,"featured_media":0,"parent":0,"menu_order":0,"comment_status":"closed","ping_status":"closed","template":"","meta":{"_monsterinsights_skip_tracking":false,"_monsterinsights_sitenote_active":false,"_monsterinsights_sitenote_note":"","_monsterinsights_sitenote_category":0,"footnotes":""},"class_list":["post-13","page","type-page","status-publish","hentry"],"yoast_head":"<!-- This site is optimized with the Yoast SEO plugin v27.2 - https:\/\/yoast.com\/product\/yoast-seo-wordpress\/ -->\n<title>Multi Room\/Zone Audio Player software<\/title>\n<meta name=\"description\" content=\"Multi Room Audio Player - audio streaming software which allows you to manage multiple audio streams for playing different audio in different rooms.\" \/>\n<meta name=\"robots\" content=\"index, follow, max-snippet:-1, max-image-preview:large, max-video-preview:-1\" \/>\n<link rel=\"canonical\" href=\"https:\/\/multiroomaudioplayer.com\/en\/\" \/>\n<meta property=\"og:locale\" content=\"en_US\" \/>\n<meta property=\"og:type\" content=\"article\" \/>\n<meta property=\"og:title\" content=\"Multi Room\/Zone Audio Player software\" \/>\n<meta property=\"og:description\" content=\"Multi Room Audio Player - audio streaming software which allows you to manage multiple audio streams for playing different audio in different rooms.\" \/>\n<meta property=\"og:url\" content=\"https:\/\/multiroomaudioplayer.com\/en\/\" \/>\n<meta property=\"og:site_name\" content=\"Multi Room Audio Player\" \/>\n<meta property=\"article:publisher\" content=\"https:\/\/www.facebook.com\/MultiRoomAudioPlayer\" \/>\n<meta property=\"article:modified_time\" content=\"2024-03-25T11:48:30+00:00\" \/>\n<meta property=\"og:image\" content=\"https:\/\/multiroomaudioplayer.com\/wp-content\/uploads\/2014\/03\/multi-room-audio-player-art-2-1024x576.png\" \/>\n<meta name=\"twitter:card\" content=\"summary_large_image\" \/>\n<meta name=\"twitter:site\" content=\"@pistonsoftware\" \/>\n<meta name=\"twitter:label1\" content=\"Est. reading time\" \/>\n\t<meta name=\"twitter:data1\" content=\"3 minutes\" \/>\n<script type=\"application\/ld+json\" class=\"yoast-schema-graph\">{\"@context\":\"https:\/\/schema.org\",\"@graph\":[{\"@type\":\"WebPage\",\"@id\":\"https:\/\/multiroomaudioplayer.com\/en\/\",\"url\":\"https:\/\/multiroomaudioplayer.com\/en\/\",\"name\":\"Multi Room\/Zone Audio Player software\",\"isPartOf\":{\"@id\":\"https:\/\/multiroomaudioplayer.com\/en\/#website\"},\"primaryImageOfPage\":{\"@id\":\"https:\/\/multiroomaudioplayer.com\/en\/#primaryimage\"},\"image\":{\"@id\":\"https:\/\/multiroomaudioplayer.com\/en\/#primaryimage\"},\"thumbnailUrl\":\"https:\/\/multiroomaudioplayer.com\/wp-content\/uploads\/2014\/03\/multi-room-audio-player-art-2-1024x576.png\",\"datePublished\":\"2014-03-27T14:26:26+00:00\",\"dateModified\":\"2024-03-25T11:48:30+00:00\",\"description\":\"Multi Room Audio Player - audio streaming software which allows you to manage multiple audio streams for playing different audio in different rooms.\",\"breadcrumb\":{\"@id\":\"https:\/\/multiroomaudioplayer.com\/en\/#breadcrumb\"},\"inLanguage\":\"en-US\",\"potentialAction\":[{\"@type\":\"ReadAction\",\"target\":[\"https:\/\/multiroomaudioplayer.com\/en\/\"]}]},{\"@type\":\"ImageObject\",\"inLanguage\":\"en-US\",\"@id\":\"https:\/\/multiroomaudioplayer.com\/en\/#primaryimage\",\"url\":\"https:\/\/multiroomaudioplayer.com\/wp-content\/uploads\/2014\/03\/multi-room-audio-player-art-2-1024x576.png\",\"contentUrl\":\"https:\/\/multiroomaudioplayer.com\/wp-content\/uploads\/2014\/03\/multi-room-audio-player-art-2-1024x576.png\"},{\"@type\":\"BreadcrumbList\",\"@id\":\"https:\/\/multiroomaudioplayer.com\/en\/#breadcrumb\",\"itemListElement\":[{\"@type\":\"ListItem\",\"position\":1,\"name\":\"Home\",\"item\":\"https:\/\/multiroomaudioplayer.com\/en\/\"},{\"@type\":\"ListItem\",\"position\":2,\"name\":\"Multi Room Audio Player Overview\"}]},{\"@type\":\"WebSite\",\"@id\":\"https:\/\/multiroomaudioplayer.com\/en\/#website\",\"url\":\"https:\/\/multiroomaudioplayer.com\/en\/\",\"name\":\"Multi Room Audio Player\",\"description\":\"music control software for hotels, shops, clubs, theme parks, zoo, sport centers, haunted houses and intellihome\",\"potentialAction\":[{\"@type\":\"SearchAction\",\"target\":{\"@type\":\"EntryPoint\",\"urlTemplate\":\"https:\/\/multiroomaudioplayer.com\/en\/?s={search_term_string}\"},\"query-input\":{\"@type\":\"PropertyValueSpecification\",\"valueRequired\":true,\"valueName\":\"search_term_string\"}}],\"inLanguage\":\"en-US\"}]}<\/script>\n<!-- \/ Yoast SEO plugin. -->","yoast_head_json":{"title":"Multi Room\/Zone Audio Player software","description":"Multi Room Audio Player - audio streaming software which allows you to manage multiple audio streams for playing different audio in different rooms.","robots":{"index":"index","follow":"follow","max-snippet":"max-snippet:-1","max-image-preview":"max-image-preview:large","max-video-preview":"max-video-preview:-1"},"canonical":"https:\/\/multiroomaudioplayer.com\/en\/","og_locale":"en_US","og_type":"article","og_title":"Multi Room\/Zone Audio Player software","og_description":"Multi Room Audio Player - audio streaming software which allows you to manage multiple audio streams for playing different audio in different rooms.","og_url":"https:\/\/multiroomaudioplayer.com\/en\/","og_site_name":"Multi Room Audio Player","article_publisher":"https:\/\/www.facebook.com\/MultiRoomAudioPlayer","article_modified_time":"2024-03-25T11:48:30+00:00","og_image":[{"url":"https:\/\/multiroomaudioplayer.com\/wp-content\/uploads\/2014\/03\/multi-room-audio-player-art-2-1024x576.png","type":"","width":"","height":""}],"twitter_card":"summary_large_image","twitter_site":"@pistonsoftware","twitter_misc":{"Est. reading time":"3 minutes"},"schema":{"@context":"https:\/\/schema.org","@graph":[{"@type":"WebPage","@id":"https:\/\/multiroomaudioplayer.com\/en\/","url":"https:\/\/multiroomaudioplayer.com\/en\/","name":"Multi Room\/Zone Audio Player software","isPartOf":{"@id":"https:\/\/multiroomaudioplayer.com\/en\/#website"},"primaryImageOfPage":{"@id":"https:\/\/multiroomaudioplayer.com\/en\/#primaryimage"},"image":{"@id":"https:\/\/multiroomaudioplayer.com\/en\/#primaryimage"},"thumbnailUrl":"https:\/\/multiroomaudioplayer.com\/wp-content\/uploads\/2014\/03\/multi-room-audio-player-art-2-1024x576.png","datePublished":"2014-03-27T14:26:26+00:00","dateModified":"2024-03-25T11:48:30+00:00","description":"Multi Room Audio Player - audio streaming software which allows you to manage multiple audio streams for playing different audio in different rooms.","breadcrumb":{"@id":"https:\/\/multiroomaudioplayer.com\/en\/#breadcrumb"},"inLanguage":"en-US","potentialAction":[{"@type":"ReadAction","target":["https:\/\/multiroomaudioplayer.com\/en\/"]}]},{"@type":"ImageObject","inLanguage":"en-US","@id":"https:\/\/multiroomaudioplayer.com\/en\/#primaryimage","url":"https:\/\/multiroomaudioplayer.com\/wp-content\/uploads\/2014\/03\/multi-room-audio-player-art-2-1024x576.png","contentUrl":"https:\/\/multiroomaudioplayer.com\/wp-content\/uploads\/2014\/03\/multi-room-audio-player-art-2-1024x576.png"},{"@type":"BreadcrumbList","@id":"https:\/\/multiroomaudioplayer.com\/en\/#breadcrumb","itemListElement":[{"@type":"ListItem","position":1,"name":"Home","item":"https:\/\/multiroomaudioplayer.com\/en\/"},{"@type":"ListItem","position":2,"name":"Multi Room Audio Player Overview"}]},{"@type":"WebSite","@id":"https:\/\/multiroomaudioplayer.com\/en\/#website","url":"https:\/\/multiroomaudioplayer.com\/en\/","name":"Multi Room Audio Player","description":"music control software for hotels, shops, clubs, theme parks, zoo, sport centers, haunted houses and intellihome","potentialAction":[{"@type":"SearchAction","target":{"@type":"EntryPoint","urlTemplate":"https:\/\/multiroomaudioplayer.com\/en\/?s={search_term_string}"},"query-input":{"@type":"PropertyValueSpecification","valueRequired":true,"valueName":"search_term_string"}}],"inLanguage":"en-US"}]}},"jetpack_sharing_enabled":true,"jetpack-related-posts":[{"id":53,"url":"https:\/\/multiroomaudioplayer.com\/en\/features\/","url_meta":{"origin":13,"position":0},"title":"Multi Room Audio Player Features","author":"AudioEngineer","date":"March 28, 2014","format":false,"excerpt":"Multi Room Audio Player was created in collaboration with professional sound engineers as a reply to the needs of musical control personnel, DJs, creative supervisors, etc. This is a complete audio solution for clubs, restaurants, hotels, multi-room apartments, smart homes, intellihomes, and large halls. The simple and intuitive interface is\u2026","rel":"","context":"Similar post","block_context":{"text":"Similar post","link":""},"img":{"alt_text":"Multi Room Audio Player - Manage lots of audio streams with only one PC","src":"https:\/\/i0.wp.com\/multiroomaudioplayer.com\/wp-content\/uploads\/2014\/03\/multi-room-audio-player-art-1-1024x576.png?resize=350%2C200&ssl=1","width":350,"height":200,"srcset":"https:\/\/i0.wp.com\/multiroomaudioplayer.com\/wp-content\/uploads\/2014\/03\/multi-room-audio-player-art-1-1024x576.png?resize=350%2C200&ssl=1 1x, https:\/\/i0.wp.com\/multiroomaudioplayer.com\/wp-content\/uploads\/2014\/03\/multi-room-audio-player-art-1-1024x576.png?resize=525%2C300&ssl=1 1.5x, https:\/\/i0.wp.com\/multiroomaudioplayer.com\/wp-content\/uploads\/2014\/03\/multi-room-audio-player-art-1-1024x576.png?resize=700%2C400&ssl=1 2x"},"classes":[]},{"id":1106,"url":"https:\/\/multiroomaudioplayer.com\/de\/multi-room-audio-player-uebersicht\/","url_meta":{"origin":13,"position":1},"title":"Multi Room Audio Player \u00dcbersicht","author":"AudioEngineer","date":"August 14, 2016","format":false,"excerpt":"Aus Leidenschaft f\u00fcr Sound Der Multi Room Audio Player (Mehrzimmer Audio Player) ist eine professionelle Audio Streaming Anwendung die es Ihnen erm\u00f6glicht mehrere Audiostreams in verschiedenen R\u00e4umen abzuspielen. Eine zentrale Audiosteuerung f\u00fcr Nachtclubs oder Restaurants, Hotel oder Gesch\u00e4ft, Fitnessstudio, Sportzentrum, Intellihouse und auch Themenparks oder Zoos oder andere \u00f6ffentliche Pl\u00e4tze\u2026","rel":"","context":"Similar post","block_context":{"text":"Similar post","link":""},"img":{"alt_text":"Multi Room Audio Player eignet sich perfekt f\u00fcr kommerzielle Verwendung","src":"https:\/\/i0.wp.com\/multiroomaudioplayer.com\/wp-content\/uploads\/2014\/03\/multi-room-audio-player-art-2-1024x576.png?resize=350%2C200&ssl=1","width":350,"height":200,"srcset":"https:\/\/i0.wp.com\/multiroomaudioplayer.com\/wp-content\/uploads\/2014\/03\/multi-room-audio-player-art-2-1024x576.png?resize=350%2C200&ssl=1 1x, https:\/\/i0.wp.com\/multiroomaudioplayer.com\/wp-content\/uploads\/2014\/03\/multi-room-audio-player-art-2-1024x576.png?resize=525%2C300&ssl=1 1.5x, https:\/\/i0.wp.com\/multiroomaudioplayer.com\/wp-content\/uploads\/2014\/03\/multi-room-audio-player-art-2-1024x576.png?resize=700%2C400&ssl=1 2x"},"classes":[]},{"id":670,"url":"https:\/\/multiroomaudioplayer.com\/en\/revision-history\/","url_meta":{"origin":13,"position":2},"title":"Multi Room Audio Player Revision History","author":"AudioEngineer","date":"October 27, 2015","format":false,"excerpt":"Legend: [+] Added [-] Fixed [*] \u0421hanged\/Improved 25.06.2023 Released Multi Room Audio Player v5.4.8576.18819 Release Notes: [-] Fixed: 32 channels GPIO support. [*] Improved: GPIO monitoring time. 22.03.2019 Released Multi Room Audio Player v5.4.7020.20852 Release Notes: [-] Fixed: few Spotify REST API methods. 12.03.2019 Released Multi Room Audio Player v5.4.7010.29452\u2026","rel":"","context":"Similar post","block_context":{"text":"Similar post","link":""},"img":{"alt_text":"","src":"","width":0,"height":0},"classes":[]},{"id":124,"url":"https:\/\/multiroomaudioplayer.com\/en\/screenshots\/","url_meta":{"origin":13,"position":3},"title":"Screenshots","author":"AudioEngineer","date":"May 25, 2015","format":false,"excerpt":"Multi Room Audio Player Main Window \u00a0 Control sound in every room via iPad \u00a0 Multi Room Sound System Remote Control on the mobile cell phone \u00a0 Zone control window with equalizer \u00a0 Media library with powerful search \u00a0 Playlist generator \u00a0 Players Control Center \u00a0 Event Scheduler","rel":"","context":"Similar post","block_context":{"text":"Similar post","link":""},"img":{"alt_text":"Multi Room Audio Player Main Window","src":"\/screenshot\/multi-room-audio-player-1_400.png","width":350,"height":200},"classes":[]},{"id":1117,"url":"https:\/\/multiroomaudioplayer.com\/de\/features\/","url_meta":{"origin":13,"position":4},"title":"Multi Room Audio Player Funktionen","author":"AudioEngineer","date":"August 16, 2016","format":false,"excerpt":"Der Multi Room Audio Player entstand aus einer Zusammenarbeit mit professionellen Soundtechnikern basierend auf die Anforderungen von DJs, kreativen Vorgesetzten und anderen Personen die sich mit der Musiksteuerung befassen. Hierbei handelt es sich um eine komplette Audio L\u00f6sung f\u00fcr Clubs, Restaurants, Hotels, Mehrzimmer Wohnungen, Intellihomes und gro\u00dfen Veranstaltungsorten. Die einfache\u2026","rel":"","context":"Similar post","block_context":{"text":"Similar post","link":""},"img":{"alt_text":"Multi Room Audio Player \u2013 Verwalten eine Vielzahl von Audio Streams mit nur einem Computer","src":"https:\/\/i0.wp.com\/multiroomaudioplayer.com\/wp-content\/uploads\/2014\/03\/multi-room-audio-player-art-1-1024x576.png?resize=350%2C200&ssl=1","width":350,"height":200,"srcset":"https:\/\/i0.wp.com\/multiroomaudioplayer.com\/wp-content\/uploads\/2014\/03\/multi-room-audio-player-art-1-1024x576.png?resize=350%2C200&ssl=1 1x, https:\/\/i0.wp.com\/multiroomaudioplayer.com\/wp-content\/uploads\/2014\/03\/multi-room-audio-player-art-1-1024x576.png?resize=525%2C300&ssl=1 1.5x, https:\/\/i0.wp.com\/multiroomaudioplayer.com\/wp-content\/uploads\/2014\/03\/multi-room-audio-player-art-1-1024x576.png?resize=700%2C400&ssl=1 2x"},"classes":[]},{"id":126,"url":"https:\/\/multiroomaudioplayer.com\/en\/download\/","url_meta":{"origin":13,"position":5},"title":"Download Multi Room Audio Player","author":"AudioEngineer","date":"May 25, 2015","format":false,"excerpt":"Multi Room Audio Player is distributed as shareware. You can download an evaluation version of our software and try it for free. This is a full-featured 30-day trial version without any\u00a0restrictions. You can download Multi Room Audio Player in a self-extracting digitally signed executable EXE file (a security warning may\u2026","rel":"","context":"Similar post","block_context":{"text":"Similar post","link":""},"img":{"alt_text":"download button","src":"\/wp-content\/uploads\/2015\/05\/btn_download.png","width":350,"height":200},"classes":[]}],"_links":{"self":[{"href":"https:\/\/multiroomaudioplayer.com\/en\/wp-json\/wp\/v2\/pages\/13","targetHints":{"allow":["GET"]}}],"collection":[{"href":"https:\/\/multiroomaudioplayer.com\/en\/wp-json\/wp\/v2\/pages"}],"about":[{"href":"https:\/\/multiroomaudioplayer.com\/en\/wp-json\/wp\/v2\/types\/page"}],"author":[{"embeddable":true,"href":"https:\/\/multiroomaudioplayer.com\/en\/wp-json\/wp\/v2\/users\/1"}],"replies":[{"embeddable":true,"href":"https:\/\/multiroomaudioplayer.com\/en\/wp-json\/wp\/v2\/comments?post=13"}],"version-history":[{"count":1,"href":"https:\/\/multiroomaudioplayer.com\/en\/wp-json\/wp\/v2\/pages\/13\/revisions"}],"predecessor-version":[{"id":2326,"href":"https:\/\/multiroomaudioplayer.com\/en\/wp-json\/wp\/v2\/pages\/13\/revisions\/2326"}],"wp:attachment":[{"href":"https:\/\/multiroomaudioplayer.com\/en\/wp-json\/wp\/v2\/media?parent=13"}],"curies":[{"name":"wp","href":"https:\/\/api.w.org\/{rel}","templated":true}]}}