{"id":128,"date":"2015-05-25T12:39:45","date_gmt":"2015-05-25T12:39:45","guid":{"rendered":"http:\/\/dev.multiroomaudioplayer.com\/?page_id=128"},"modified":"2026-03-22T20:32:07","modified_gmt":"2026-03-22T19:32:07","slug":"buy","status":"publish","type":"page","link":"https:\/\/multiroomaudioplayer.com\/en\/buy\/","title":{"rendered":"Purchase Multi Room Audio Player"},"content":{"rendered":"<p>The best way to purchase our products is to get online registration through a third-party secure billing service provided by PayPro. This service also offers you offline ordering options &#8211; <strong>by phone, mail, fax, and wire transfer<\/strong>. You can purchase our software using <strong>Credit Card, Wire Transfer, Phone, Fax, Mail, Check, Money Order, or PayPal<\/strong>. To place an order by mail, fax or wire transfer use the online form and then choose one of the payment options you may find in the Payment option section of the form.<\/p>\n<table class=\"text-center\" style=\"border-width: 1px; border-spacing: 10px; padding: 10px; text-align: center; width: 100%;\">\n<tbody>\n<tr>\n<td style=\"height: 25px;\"><strong>License<\/strong><\/td>\n<td class=\"text-center\"><strong>Price<\/strong><\/td>\n<td class=\"text-center\"><strong>Order link<\/strong><\/td>\n<\/tr>\n<tr>\n<td style=\"height: 25px;\"><a title=\"Multi Zone Audio Player 7\" href=\"\/\"><strong>Multi Zone Audio Player 7<\/strong><\/a> (Business License)<br \/>\nOne Time Fee<\/td>\n<td class=\"text-center\">$399.95<\/td>\n<td class=\"text-center\"><a title=\"Purchase\" href=\"https:\/\/store.payproglobal.com\/checkout?products%5B1%5D%5Bid%5D=129455&amp;products%5B2%5D%5Bid%5D=1948\"><strong>Buy now!<\/strong><\/a><\/td>\n<\/tr>\n<tr>\n<td style=\"height: 25px;\"><a title=\"Multi Room Audio Player 5\" href=\"\/\"><strong>Multi Room Audio Player 5<\/strong><\/a> (Business License)<br \/>\nOne Time Fee<\/td>\n<td class=\"text-center\">$299.95<\/td>\n<td class=\"text-center\"><a title=\"Purchase\" href=\"https:\/\/store.payproglobal.com\/checkout?products%5B1%5D%5Bid%5D=1978&amp;products%5B2%5D%5Bid%5D=1948\"><strong>Buy now!<\/strong><\/a><\/td>\n<\/tr>\n<tr>\n<td style=\"height: 25px;\"><a title=\"Multi Room Audio Player 5\" href=\"\/\"><strong>Multi Room Audio Player 5<\/strong><\/a> (Professional Business License with GPIO support)<br \/>\nOne Time Fee<\/td>\n<td class=\"text-center\">$359.95<\/td>\n<td class=\"text-center\"><a title=\"Purchase\" href=\"https:\/\/store.payproglobal.com\/checkout?products%5B1%5D%5Bid%5D=42290&amp;products%5B2%5D%5Bid%5D=1948\"><strong>Buy now!<\/strong><\/a><\/td>\n<\/tr>\n<tr>\n<td style=\"height: 25px;\"><a title=\"Multi Room Audio Player 5\" href=\"\/\"><strong>Multi Room Audio Player 5<\/strong><\/a> (Professional Business License with GPIO support)<br \/>\n1 Year Subscription Plan<\/td>\n<td class=\"text-center\">$99.95<\/td>\n<td class=\"text-center\"><a title=\"Purchase\" href=\"https:\/\/store.payproglobal.com\/checkout?products%5B1%5D%5Bid%5D=11306&amp;products%5B2%5D%5Bid%5D=1948\"><strong>Subscribe!<\/strong><\/a><\/td>\n<\/tr>\n<\/tbody>\n<\/table>\n<p>Please <a href=\"https:\/\/multiroomaudioplayer.com\/en\/contact\/\">contact us<\/a> to get the price of a <strong>Personal License<\/strong>.<\/p>\n<p>After registering you will receive the registration information within 2 business hours by e-mail. If you have any questions regarding registration, please use our contact form.<\/p>\n<p><strong>Benefits of registration include:<\/strong><\/p>\n<ul>\n<li>Free updates for 1 year;<\/li>\n<li>Free email technical support for 1 year;<\/li>\n<li>Full unlimited product usage;<\/li>\n<li>You will use it without any restrictions.<\/li>\n<\/ul>\n","protected":false},"excerpt":{"rendered":"<p>The best way to purchase our products is to get online registration through a third-party secure billing service provided by PayPro. This service also offers you offline ordering options &#8211; by phone, mail, fax, and wire transfer. You can purchase our software using Credit Card, Wire Transfer, Phone, Fax, Mail, Check, Money Order, or PayPal. <a class=\"more-link\" href=\"https:\/\/multiroomaudioplayer.com\/en\/buy\/\">Read More &#8230;<\/a><\/p>\n","protected":false},"author":1,"featured_media":0,"parent":0,"menu_order":0,"comment_status":"closed","ping_status":"open","template":"","meta":{"_monsterinsights_skip_tracking":false,"_monsterinsights_sitenote_active":false,"_monsterinsights_sitenote_note":"","_monsterinsights_sitenote_category":0,"footnotes":""},"class_list":["post-128","page","type-page","status-publish","hentry"],"yoast_head":"<!-- This site is optimized with the Yoast SEO plugin v27.2 - https:\/\/yoast.com\/product\/yoast-seo-wordpress\/ -->\n<title>Purchase Multi Room Audio Player<\/title>\n<meta name=\"description\" content=\"The best way to buy Multi Room Audio Player is to get online registration through our secure billing service\" \/>\n<meta name=\"robots\" content=\"index, follow, max-snippet:-1, max-image-preview:large, max-video-preview:-1\" \/>\n<link rel=\"canonical\" href=\"https:\/\/multiroomaudioplayer.com\/en\/buy\/\" \/>\n<meta property=\"og:locale\" content=\"en_US\" \/>\n<meta property=\"og:type\" content=\"article\" \/>\n<meta property=\"og:title\" content=\"Purchase Multi Room Audio Player\" \/>\n<meta property=\"og:description\" content=\"The best way to buy Multi Room Audio Player is to get online registration through our secure billing service\" \/>\n<meta property=\"og:url\" content=\"https:\/\/multiroomaudioplayer.com\/en\/buy\/\" \/>\n<meta property=\"og:site_name\" content=\"Multi Room Audio Player\" \/>\n<meta property=\"article:publisher\" content=\"https:\/\/www.facebook.com\/MultiRoomAudioPlayer\" \/>\n<meta property=\"article:modified_time\" content=\"2026-03-22T19:32:07+00:00\" \/>\n<meta name=\"twitter:card\" content=\"summary_large_image\" \/>\n<meta name=\"twitter:site\" content=\"@pistonsoftware\" \/>\n<meta name=\"twitter:label1\" content=\"Est. reading time\" \/>\n\t<meta name=\"twitter:data1\" content=\"1 minute\" \/>\n<script type=\"application\/ld+json\" class=\"yoast-schema-graph\">{\"@context\":\"https:\/\/schema.org\",\"@graph\":[{\"@type\":\"WebPage\",\"@id\":\"https:\/\/multiroomaudioplayer.com\/en\/buy\/\",\"url\":\"https:\/\/multiroomaudioplayer.com\/en\/buy\/\",\"name\":\"Purchase Multi Room Audio Player\",\"isPartOf\":{\"@id\":\"https:\/\/multiroomaudioplayer.com\/en\/#website\"},\"datePublished\":\"2015-05-25T12:39:45+00:00\",\"dateModified\":\"2026-03-22T19:32:07+00:00\",\"description\":\"The best way to buy Multi Room Audio Player is to get online registration through our secure billing service\",\"breadcrumb\":{\"@id\":\"https:\/\/multiroomaudioplayer.com\/en\/buy\/#breadcrumb\"},\"inLanguage\":\"en-US\",\"potentialAction\":[{\"@type\":\"ReadAction\",\"target\":[\"https:\/\/multiroomaudioplayer.com\/en\/buy\/\"]}]},{\"@type\":\"BreadcrumbList\",\"@id\":\"https:\/\/multiroomaudioplayer.com\/en\/buy\/#breadcrumb\",\"itemListElement\":[{\"@type\":\"ListItem\",\"position\":1,\"name\":\"Home\",\"item\":\"https:\/\/multiroomaudioplayer.com\/en\/\"},{\"@type\":\"ListItem\",\"position\":2,\"name\":\"Purchase Multi Room Audio Player\"}]},{\"@type\":\"WebSite\",\"@id\":\"https:\/\/multiroomaudioplayer.com\/en\/#website\",\"url\":\"https:\/\/multiroomaudioplayer.com\/en\/\",\"name\":\"Multi Room Audio Player\",\"description\":\"music control software for hotels, shops, clubs, theme parks, zoo, sport centers, haunted houses and intellihome\",\"potentialAction\":[{\"@type\":\"SearchAction\",\"target\":{\"@type\":\"EntryPoint\",\"urlTemplate\":\"https:\/\/multiroomaudioplayer.com\/en\/?s={search_term_string}\"},\"query-input\":{\"@type\":\"PropertyValueSpecification\",\"valueRequired\":true,\"valueName\":\"search_term_string\"}}],\"inLanguage\":\"en-US\"}]}<\/script>\n<!-- \/ Yoast SEO plugin. -->","yoast_head_json":{"title":"Purchase Multi Room Audio Player","description":"The best way to buy Multi Room Audio Player is to get online registration through our secure billing service","robots":{"index":"index","follow":"follow","max-snippet":"max-snippet:-1","max-image-preview":"max-image-preview:large","max-video-preview":"max-video-preview:-1"},"canonical":"https:\/\/multiroomaudioplayer.com\/en\/buy\/","og_locale":"en_US","og_type":"article","og_title":"Purchase Multi Room Audio Player","og_description":"The best way to buy Multi Room Audio Player is to get online registration through our secure billing service","og_url":"https:\/\/multiroomaudioplayer.com\/en\/buy\/","og_site_name":"Multi Room Audio Player","article_publisher":"https:\/\/www.facebook.com\/MultiRoomAudioPlayer","article_modified_time":"2026-03-22T19:32:07+00:00","twitter_card":"summary_large_image","twitter_site":"@pistonsoftware","twitter_misc":{"Est. reading time":"1 minute"},"schema":{"@context":"https:\/\/schema.org","@graph":[{"@type":"WebPage","@id":"https:\/\/multiroomaudioplayer.com\/en\/buy\/","url":"https:\/\/multiroomaudioplayer.com\/en\/buy\/","name":"Purchase Multi Room Audio Player","isPartOf":{"@id":"https:\/\/multiroomaudioplayer.com\/en\/#website"},"datePublished":"2015-05-25T12:39:45+00:00","dateModified":"2026-03-22T19:32:07+00:00","description":"The best way to buy Multi Room Audio Player is to get online registration through our secure billing service","breadcrumb":{"@id":"https:\/\/multiroomaudioplayer.com\/en\/buy\/#breadcrumb"},"inLanguage":"en-US","potentialAction":[{"@type":"ReadAction","target":["https:\/\/multiroomaudioplayer.com\/en\/buy\/"]}]},{"@type":"BreadcrumbList","@id":"https:\/\/multiroomaudioplayer.com\/en\/buy\/#breadcrumb","itemListElement":[{"@type":"ListItem","position":1,"name":"Home","item":"https:\/\/multiroomaudioplayer.com\/en\/"},{"@type":"ListItem","position":2,"name":"Purchase Multi Room Audio Player"}]},{"@type":"WebSite","@id":"https:\/\/multiroomaudioplayer.com\/en\/#website","url":"https:\/\/multiroomaudioplayer.com\/en\/","name":"Multi Room Audio Player","description":"music control software for hotels, shops, clubs, theme parks, zoo, sport centers, haunted houses and intellihome","potentialAction":[{"@type":"SearchAction","target":{"@type":"EntryPoint","urlTemplate":"https:\/\/multiroomaudioplayer.com\/en\/?s={search_term_string}"},"query-input":{"@type":"PropertyValueSpecification","valueRequired":true,"valueName":"search_term_string"}}],"inLanguage":"en-US"}]}},"jetpack_sharing_enabled":true,"jetpack-related-posts":[{"id":1114,"url":"https:\/\/multiroomaudioplayer.com\/de\/buy\/","url_meta":{"origin":128,"position":0},"title":"Multi Room Audio Player kaufen","author":"AudioEngineer","date":"August 16, 2016","format":false,"excerpt":"Die einfachste Art und Weise unsere Produkte zu kaufen ist eine Anmeldung auf einer Seite eines Drittanbieters f\u00fcr Abrechnungsdiensten von PayPro. Dieser Service bietet unterschiedliche offline Bestelloptionen \u2013 per Telefon, Post, Fax oder \u00dcberweisung. Sie k\u00f6nnen unsere Anwendung mit Kreditkarte, \u00dcberweisung, Telefon, Fax, Post, Scheck, Postanweisung oder PayPal bestellen. F\u00fcr\u2026","rel":"","context":"Similar post","block_context":{"text":"Similar post","link":""},"img":{"alt_text":"","src":"","width":0,"height":0},"classes":[]},{"id":670,"url":"https:\/\/multiroomaudioplayer.com\/en\/revision-history\/","url_meta":{"origin":128,"position":1},"title":"Multi Room Audio Player Revision History","author":"AudioEngineer","date":"October 27, 2015","format":false,"excerpt":"Legend: [+] Added [-] Fixed [*] \u0421hanged\/Improved 25.06.2023 Released Multi Room Audio Player v5.4.8576.18819 Release Notes: [-] Fixed: 32 channels GPIO support. [*] Improved: GPIO monitoring time. 22.03.2019 Released Multi Room Audio Player v5.4.7020.20852 Release Notes: [-] Fixed: few Spotify REST API methods. 12.03.2019 Released Multi Room Audio Player v5.4.7010.29452\u2026","rel":"","context":"Similar post","block_context":{"text":"Similar post","link":""},"img":{"alt_text":"","src":"","width":0,"height":0},"classes":[]},{"id":126,"url":"https:\/\/multiroomaudioplayer.com\/en\/download\/","url_meta":{"origin":128,"position":2},"title":"Download Multi Room Audio Player","author":"AudioEngineer","date":"May 25, 2015","format":false,"excerpt":"Multi Room Audio Player is distributed as shareware. You can download an evaluation version of our software and try it for free. This is a full-featured 30-day trial version without any\u00a0restrictions. You can download Multi Room Audio Player in a self-extracting digitally signed executable EXE file (a security warning may\u2026","rel":"","context":"Similar post","block_context":{"text":"Similar post","link":""},"img":{"alt_text":"download button","src":"\/wp-content\/uploads\/2015\/05\/btn_download.png","width":350,"height":200},"classes":[]},{"id":381,"url":"https:\/\/multiroomaudioplayer.com\/uk\/download\/","url_meta":{"origin":128,"position":3},"title":"\u0417\u0430\u0432\u0430\u043d\u0442\u0430\u0436\u0438\u0442\u0438 Multi Room Audio Player","author":"AudioEngineer","date":"July 26, 2015","format":false,"excerpt":"Multi Room Audio Player \u043f\u043e\u0448\u0438\u0440\u044e\u0454\u0442\u044c\u0441\u044f \u0437\u0430 \u043b\u0456\u0446\u0435\u043d\u0437\u0456\u0454\u044e \u0441\u043f\u0440\u043e\u0431\u0443\u0439-\u043f\u0435\u0440\u0435\u0434-\u0442\u0438\u043c-\u044f\u043a-\u043a\u0443\u043f\u0438\u0442\u0438. \u0412\u0438 \u043c\u043e\u0436\u0435\u0442\u0435 \u0437\u0430\u0432\u0430\u043d\u0442\u0430\u0436\u0438\u0442\u0438 \u043f\u0440\u043e\u0431\u043d\u0443 \u0432\u0435\u0440\u0441\u0456\u044e \u043d\u0430\u0448\u043e\u0433\u043e \u043f\u0440\u043e\u0433\u0440\u0430\u043c\u043d\u043e\u0433\u043e \u0437\u0430\u0431\u0435\u0437\u043f\u0435\u0447\u0435\u043d\u043d\u044f \u0456 \u0441\u043f\u0440\u043e\u0431\u0443\u0432\u0430\u0442\u0438 \u0457\u0457 \u0431\u0435\u0437\u043a\u043e\u0448\u0442\u043e\u0432\u043d\u043e \u043d\u0430\u043f\u0440\u043e\u0442\u044f\u0437\u0456 30 \u0434\u043d\u0456\u0432 \u0431\u0435\u0437 \u0431\u0443\u0434\u044c-\u044f\u043a\u0438\u0445 \u043e\u0431\u043c\u0435\u0436\u0435\u043d\u044c. \u0412\u0438 \u043c\u043e\u0436\u0435\u0442\u0435 \u0437\u0430\u0432\u0430\u043d\u0442\u0430\u0436\u0438\u0442\u0438\u00a0Multi Room Audio Player\u00a0\u0432 \u0434\u0435\u043a\u0456\u043b\u044c\u043a\u043e\u0445 \u0444\u043e\u0440\u043c\u0430\u0442\u0430\u0445,\u00a0\u00a0\u043f\u0456\u0434\u043f\u0438\u0441\u0430\u043d\u0438\u0439 \u0446\u0438\u0444\u0440\u043e\u0432\u0438\u043c \u043f\u0456\u0434\u043f\u0438\u0441\u043e\u043c EXE \u0444\u0430\u0439\u043b (\u043f\u043e\u043f\u0435\u0440\u0435\u0434\u0436\u0435\u043d\u043d\u044f \u043f\u0440\u043e \u0431\u0435\u0437\u043f\u0435\u043a\u0443 \u043c\u043e\u0436\u0435 \u0437'\u044f\u0432\u0438\u0442\u0438\u0441\u044f), \u0432 ZIP \u0430\u0431\u043e RAR \u0430\u0440\u0445\u0456\u0432\u0430\u0445. Multi Zone\u2026","rel":"","context":"Similar post","block_context":{"text":"Similar post","link":""},"img":{"alt_text":"download button","src":"\/wp-content\/uploads\/2015\/05\/btn_download.png","width":350,"height":200},"classes":[]},{"id":1124,"url":"https:\/\/multiroomaudioplayer.com\/de\/download\/","url_meta":{"origin":128,"position":4},"title":"Multi Room Audio Player herunterladen","author":"AudioEngineer","date":"August 16, 2016","format":false,"excerpt":"Der Multi Room Audio Player wird als Shareware vertrieben. Sie k\u00f6nnen die Testversion unsere Anwendung herunterladen und gratis testen. Diese Testversion ist f\u00fcr 30 Tage g\u00fcltig und es k\u00f6nnen alle Funktionen verwendet werden. Sie k\u00f6nnen den Mehrzimmer Audio Player als selbstextrahierende und digital unterzeichnete EXE Datei (eine Sicherheitswarnung kann erscheinen),\u2026","rel":"","context":"Similar post","block_context":{"text":"Similar post","link":""},"img":{"alt_text":"download button","src":"\/wp-content\/uploads\/2015\/05\/btn_download.png","width":350,"height":200},"classes":[]},{"id":124,"url":"https:\/\/multiroomaudioplayer.com\/en\/screenshots\/","url_meta":{"origin":128,"position":5},"title":"Screenshots","author":"AudioEngineer","date":"May 25, 2015","format":false,"excerpt":"Multi Room Audio Player Main Window \u00a0 Control sound in every room via iPad \u00a0 Multi Room Sound System Remote Control on the mobile cell phone \u00a0 Zone control window with equalizer \u00a0 Media library with powerful search \u00a0 Playlist generator \u00a0 Players Control Center \u00a0 Event Scheduler","rel":"","context":"Similar post","block_context":{"text":"Similar post","link":""},"img":{"alt_text":"Multi Room Audio Player Main Window","src":"\/screenshot\/multi-room-audio-player-1_400.png","width":350,"height":200},"classes":[]}],"_links":{"self":[{"href":"https:\/\/multiroomaudioplayer.com\/en\/wp-json\/wp\/v2\/pages\/128","targetHints":{"allow":["GET"]}}],"collection":[{"href":"https:\/\/multiroomaudioplayer.com\/en\/wp-json\/wp\/v2\/pages"}],"about":[{"href":"https:\/\/multiroomaudioplayer.com\/en\/wp-json\/wp\/v2\/types\/page"}],"author":[{"embeddable":true,"href":"https:\/\/multiroomaudioplayer.com\/en\/wp-json\/wp\/v2\/users\/1"}],"replies":[{"embeddable":true,"href":"https:\/\/multiroomaudioplayer.com\/en\/wp-json\/wp\/v2\/comments?post=128"}],"version-history":[{"count":6,"href":"https:\/\/multiroomaudioplayer.com\/en\/wp-json\/wp\/v2\/pages\/128\/revisions"}],"predecessor-version":[{"id":2473,"href":"https:\/\/multiroomaudioplayer.com\/en\/wp-json\/wp\/v2\/pages\/128\/revisions\/2473"}],"wp:attachment":[{"href":"https:\/\/multiroomaudioplayer.com\/en\/wp-json\/wp\/v2\/media?parent=128"}],"curies":[{"name":"wp","href":"https:\/\/api.w.org\/{rel}","templated":true}]}}