{"id":126,"date":"2015-05-25T12:37:53","date_gmt":"2015-05-25T12:37:53","guid":{"rendered":"http:\/\/dev.multiroomaudioplayer.com\/?page_id=126"},"modified":"2026-04-25T11:39:31","modified_gmt":"2026-04-25T09:39:31","slug":"download","status":"publish","type":"page","link":"https:\/\/multiroomaudioplayer.com\/en\/download\/","title":{"rendered":"Download Multi Room Audio Player"},"content":{"rendered":"<p><b>Multi Room Audio Player<\/b> is distributed as shareware. You can download an evaluation version of our software and try it for free. This is a full-featured 30-day trial version without any<b>\u00a0<\/b>restrictions. You can download <b>Multi Room Audio Player<\/b> in a self-extracting digitally signed executable EXE file (a security warning may appear), in the ZIP archive format.<\/p>\n<p style=\"text-align: center;\"><b>Multi Zone Audio Player <\/b>\u00a07<\/p>\n<p style=\"text-align: center;\">released April 2026, file size 48,5 MB<\/p>\n<p style=\"text-align: center;\"><a id=\"download-button\" href=\"\/download\/MZAP-Setup.exe\"><img loading=\"lazy\" decoding=\"async\" data-attachment-id=\"192\" data-permalink=\"https:\/\/multiroomaudioplayer.com\/en\/download\/btn_download\/#main\" data-orig-file=\"https:\/\/i0.wp.com\/multiroomaudioplayer.com\/wp-content\/uploads\/2015\/05\/btn_download.png?fit=135%2C35&amp;ssl=1\" data-orig-size=\"135,35\" data-comments-opened=\"1\" data-image-meta=\"{&quot;aperture&quot;:&quot;0&quot;,&quot;credit&quot;:&quot;&quot;,&quot;camera&quot;:&quot;&quot;,&quot;caption&quot;:&quot;&quot;,&quot;created_timestamp&quot;:&quot;0&quot;,&quot;copyright&quot;:&quot;&quot;,&quot;focal_length&quot;:&quot;0&quot;,&quot;iso&quot;:&quot;0&quot;,&quot;shutter_speed&quot;:&quot;0&quot;,&quot;title&quot;:&quot;&quot;,&quot;orientation&quot;:&quot;0&quot;}\" data-image-title=\"download button\" data-image-description=\"\" data-image-caption=\"\" data-large-file=\"https:\/\/i0.wp.com\/multiroomaudioplayer.com\/wp-content\/uploads\/2015\/05\/btn_download.png?fit=135%2C35&amp;ssl=1\" class=\"alignnone size-full wp-image-192\" src=\"\/wp-content\/uploads\/2015\/05\/btn_download.png\" alt=\"download button\" width=\"135\" height=\"35\" \/><\/a><\/p>\n<p>These releases are compatible with Microsoft Windows 11.<\/p>\n<h2><b>How to install it<\/b>?<\/h2>\n<p>Simply run the downloaded file and follow the installation wizard instructions. You will be able to run <b>Multi Room Audio Player<\/b> using the Programs menu (Start button) or by clicking the program icon on your desktop. The setup file is digitally signed.<\/p>\n<p>If you have downloaded a compressed archive file, you should first unpack it to a temporary folder. Then run the multi-room-audio-player.exe\u00a0file and follow the setup instructions. After successful installation, run the program from the new program group.<\/p>\n","protected":false},"excerpt":{"rendered":"<p>Multi Room Audio Player is distributed as shareware. You can download an evaluation version of our software and try it for free. This is a full-featured 30-day trial version without any\u00a0restrictions. You can download Multi Room Audio Player in a self-extracting digitally signed executable EXE file (a security warning may appear), in the ZIP archive <a class=\"more-link\" href=\"https:\/\/multiroomaudioplayer.com\/en\/download\/\">Read More &#8230;<\/a><\/p>\n","protected":false},"author":1,"featured_media":0,"parent":0,"menu_order":0,"comment_status":"closed","ping_status":"open","template":"","meta":{"_monsterinsights_skip_tracking":false,"_monsterinsights_sitenote_active":false,"_monsterinsights_sitenote_note":"","_monsterinsights_sitenote_category":0,"footnotes":""},"class_list":["post-126","page","type-page","status-publish","hentry"],"yoast_head":"<!-- This site is optimized with the Yoast SEO plugin v27.4 - https:\/\/yoast.com\/product\/yoast-seo-wordpress\/ -->\n<title>Download Multi Room Audio Player<\/title>\n<meta name=\"description\" content=\"Download Multi Room Audio Player trial version from our website for free!\" \/>\n<meta name=\"robots\" content=\"index, follow, max-snippet:-1, max-image-preview:large, max-video-preview:-1\" \/>\n<link rel=\"canonical\" href=\"https:\/\/multiroomaudioplayer.com\/en\/download\/\" \/>\n<meta property=\"og:locale\" content=\"en_US\" \/>\n<meta property=\"og:type\" content=\"article\" \/>\n<meta property=\"og:title\" content=\"Download Multi Room Audio Player\" \/>\n<meta property=\"og:description\" content=\"Download Multi Room Audio Player trial version from our website for free!\" \/>\n<meta property=\"og:url\" content=\"https:\/\/multiroomaudioplayer.com\/en\/download\/\" \/>\n<meta property=\"og:site_name\" content=\"Multi Room Audio Player\" \/>\n<meta property=\"article:publisher\" content=\"https:\/\/www.facebook.com\/MultiRoomAudioPlayer\" \/>\n<meta property=\"article:modified_time\" content=\"2026-04-25T09:39:31+00:00\" \/>\n<meta name=\"twitter:card\" content=\"summary_large_image\" \/>\n<meta name=\"twitter:site\" content=\"@pistonsoftware\" \/>\n<meta name=\"twitter:label1\" content=\"Est. reading time\" \/>\n\t<meta name=\"twitter:data1\" content=\"2 minutes\" \/>\n<script type=\"application\/ld+json\" class=\"yoast-schema-graph\">{\"@context\":\"https:\\\/\\\/schema.org\",\"@graph\":[{\"@type\":\"WebPage\",\"@id\":\"https:\\\/\\\/multiroomaudioplayer.com\\\/en\\\/download\\\/\",\"url\":\"https:\\\/\\\/multiroomaudioplayer.com\\\/en\\\/download\\\/\",\"name\":\"Download Multi Room Audio Player\",\"isPartOf\":{\"@id\":\"https:\\\/\\\/multiroomaudioplayer.com\\\/en\\\/#website\"},\"datePublished\":\"2015-05-25T12:37:53+00:00\",\"dateModified\":\"2026-04-25T09:39:31+00:00\",\"description\":\"Download Multi Room Audio Player trial version from our website for free!\",\"breadcrumb\":{\"@id\":\"https:\\\/\\\/multiroomaudioplayer.com\\\/en\\\/download\\\/#breadcrumb\"},\"inLanguage\":\"en-US\",\"potentialAction\":[{\"@type\":\"ReadAction\",\"target\":[\"https:\\\/\\\/multiroomaudioplayer.com\\\/en\\\/download\\\/\"]}]},{\"@type\":\"BreadcrumbList\",\"@id\":\"https:\\\/\\\/multiroomaudioplayer.com\\\/en\\\/download\\\/#breadcrumb\",\"itemListElement\":[{\"@type\":\"ListItem\",\"position\":1,\"name\":\"Home\",\"item\":\"https:\\\/\\\/multiroomaudioplayer.com\\\/en\\\/\"},{\"@type\":\"ListItem\",\"position\":2,\"name\":\"Download Multi Room Audio Player\"}]},{\"@type\":\"WebSite\",\"@id\":\"https:\\\/\\\/multiroomaudioplayer.com\\\/en\\\/#website\",\"url\":\"https:\\\/\\\/multiroomaudioplayer.com\\\/en\\\/\",\"name\":\"Multi Room Audio Player\",\"description\":\"music control software for hotels, shops, clubs, theme parks, zoo, sport centers, haunted houses and intellihome\",\"potentialAction\":[{\"@type\":\"SearchAction\",\"target\":{\"@type\":\"EntryPoint\",\"urlTemplate\":\"https:\\\/\\\/multiroomaudioplayer.com\\\/en\\\/?s={search_term_string}\"},\"query-input\":{\"@type\":\"PropertyValueSpecification\",\"valueRequired\":true,\"valueName\":\"search_term_string\"}}],\"inLanguage\":\"en-US\"}]}<\/script>\n<!-- \/ Yoast SEO plugin. -->","yoast_head_json":{"title":"Download Multi Room Audio Player","description":"Download Multi Room Audio Player trial version from our website for free!","robots":{"index":"index","follow":"follow","max-snippet":"max-snippet:-1","max-image-preview":"max-image-preview:large","max-video-preview":"max-video-preview:-1"},"canonical":"https:\/\/multiroomaudioplayer.com\/en\/download\/","og_locale":"en_US","og_type":"article","og_title":"Download Multi Room Audio Player","og_description":"Download Multi Room Audio Player trial version from our website for free!","og_url":"https:\/\/multiroomaudioplayer.com\/en\/download\/","og_site_name":"Multi Room Audio Player","article_publisher":"https:\/\/www.facebook.com\/MultiRoomAudioPlayer","article_modified_time":"2026-04-25T09:39:31+00:00","twitter_card":"summary_large_image","twitter_site":"@pistonsoftware","twitter_misc":{"Est. reading time":"2 minutes"},"schema":{"@context":"https:\/\/schema.org","@graph":[{"@type":"WebPage","@id":"https:\/\/multiroomaudioplayer.com\/en\/download\/","url":"https:\/\/multiroomaudioplayer.com\/en\/download\/","name":"Download Multi Room Audio Player","isPartOf":{"@id":"https:\/\/multiroomaudioplayer.com\/en\/#website"},"datePublished":"2015-05-25T12:37:53+00:00","dateModified":"2026-04-25T09:39:31+00:00","description":"Download Multi Room Audio Player trial version from our website for free!","breadcrumb":{"@id":"https:\/\/multiroomaudioplayer.com\/en\/download\/#breadcrumb"},"inLanguage":"en-US","potentialAction":[{"@type":"ReadAction","target":["https:\/\/multiroomaudioplayer.com\/en\/download\/"]}]},{"@type":"BreadcrumbList","@id":"https:\/\/multiroomaudioplayer.com\/en\/download\/#breadcrumb","itemListElement":[{"@type":"ListItem","position":1,"name":"Home","item":"https:\/\/multiroomaudioplayer.com\/en\/"},{"@type":"ListItem","position":2,"name":"Download Multi Room Audio Player"}]},{"@type":"WebSite","@id":"https:\/\/multiroomaudioplayer.com\/en\/#website","url":"https:\/\/multiroomaudioplayer.com\/en\/","name":"Multi Room Audio Player","description":"music control software for hotels, shops, clubs, theme parks, zoo, sport centers, haunted houses and intellihome","potentialAction":[{"@type":"SearchAction","target":{"@type":"EntryPoint","urlTemplate":"https:\/\/multiroomaudioplayer.com\/en\/?s={search_term_string}"},"query-input":{"@type":"PropertyValueSpecification","valueRequired":true,"valueName":"search_term_string"}}],"inLanguage":"en-US"}]}},"jetpack_sharing_enabled":true,"jetpack-related-posts":[{"id":1124,"url":"https:\/\/multiroomaudioplayer.com\/de\/download\/","url_meta":{"origin":126,"position":0},"title":"Multi Room Audio Player herunterladen","author":"AudioEngineer","date":"August 16, 2016","format":false,"excerpt":"Der Multi Room Audio Player wird als Shareware vertrieben. Sie k\u00f6nnen die Testversion unsere Anwendung herunterladen und gratis testen. Diese Testversion ist f\u00fcr 30 Tage g\u00fcltig und es k\u00f6nnen alle Funktionen verwendet werden. Sie k\u00f6nnen den Mehrzimmer Audio Player als selbstextrahierende und digital unterzeichnete EXE Datei (eine Sicherheitswarnung kann erscheinen),\u2026","rel":"","context":"Similar post","block_context":{"text":"Similar post","link":""},"img":{"alt_text":"download button","src":"\/wp-content\/uploads\/2015\/05\/btn_download.png","width":350,"height":200},"classes":[]},{"id":379,"url":"https:\/\/multiroomaudioplayer.com\/ru\/download\/","url_meta":{"origin":126,"position":1},"title":"\u0421\u043a\u0430\u0447\u0430\u0442\u044c \u041c\u043d\u043e\u0433\u043e\u0437\u043e\u043d\u043d\u044b\u0439 \u0410\u0443\u0434\u0438\u043e \u041f\u0440\u043e\u0438\u0433\u0440\u044b\u0432\u0430\u0442\u0435\u043b\u044c","author":"AudioEngineer","date":"July 26, 2015","format":false,"excerpt":"\u0412\u044b \u043c\u043e\u0436\u0435\u0442\u0435 \u0441\u043a\u0430\u0447\u0430\u0442\u044c \u043f\u0440\u043e\u0431\u043d\u0443\u044e \u0432\u0435\u0440\u0441\u0438\u044e \u043f\u0440\u043e\u0433\u0440\u0430\u043c\u043c\u044b \u0430\u0431\u0441\u043e\u043b\u044e\u0442\u043d\u043e \u0431\u0435\u0441\u043f\u043b\u0430\u0442\u043d\u043e \u0438 \u043f\u043e\u043f\u0440\u043e\u0431\u043e\u0432\u0430\u0442\u044c \u0435\u0435 \u043f\u0435\u0440\u0435\u0434 \u043f\u043e\u043a\u0443\u043f\u043a\u043e\u0439 \u0432 \u0442\u0435\u0447\u0435\u043d\u0438\u0438 30 \u0434\u043d\u0435\u0439. \u041f\u043e\u0441\u043b\u0435 \u043f\u043e\u043a\u0443\u043f\u043a\u0438 \u0432\u044b \u0441\u043c\u043e\u0436\u0435\u0442\u0435 \u0438\u0441\u043f\u043e\u043b\u044c\u0437\u043e\u0432\u0430\u0442\u044c Multi Room Audio Player \u0431\u0435\u0437 \u043e\u0433\u0440\u0430\u043d\u0438\u0447\u0435\u043d\u0438\u0439. \u0412\u044b \u043c\u043e\u0436\u0435\u0442\u0435 \u0441\u043a\u0430\u0447\u0430\u0442\u044c Multi Room Audio Player \u0432 EXE, ZIP \u0438\u043b\u0438 RAR \u0444\u043e\u0440\u043c\u0430\u0442\u0430\u0445. Multi Zone Audio Player \u00a07 \u041a\u0432\u0456\u0442\u0435\u043d\u044c 2026, file size\u2026","rel":"","context":"Similar post","block_context":{"text":"Similar post","link":""},"img":{"alt_text":"download button","src":"\/wp-content\/uploads\/2015\/05\/btn_download.png","width":350,"height":200},"classes":[]},{"id":381,"url":"https:\/\/multiroomaudioplayer.com\/uk\/download\/","url_meta":{"origin":126,"position":2},"title":"\u0417\u0430\u0432\u0430\u043d\u0442\u0430\u0436\u0438\u0442\u0438 Multi Room Audio Player","author":"AudioEngineer","date":"July 26, 2015","format":false,"excerpt":"Multi Room Audio Player \u043f\u043e\u0448\u0438\u0440\u044e\u0454\u0442\u044c\u0441\u044f \u0437\u0430 \u043b\u0456\u0446\u0435\u043d\u0437\u0456\u0454\u044e \u0441\u043f\u0440\u043e\u0431\u0443\u0439-\u043f\u0435\u0440\u0435\u0434-\u0442\u0438\u043c-\u044f\u043a-\u043a\u0443\u043f\u0438\u0442\u0438. \u0412\u0438 \u043c\u043e\u0436\u0435\u0442\u0435 \u0437\u0430\u0432\u0430\u043d\u0442\u0430\u0436\u0438\u0442\u0438 \u043f\u0440\u043e\u0431\u043d\u0443 \u0432\u0435\u0440\u0441\u0456\u044e \u043d\u0430\u0448\u043e\u0433\u043e \u043f\u0440\u043e\u0433\u0440\u0430\u043c\u043d\u043e\u0433\u043e \u0437\u0430\u0431\u0435\u0437\u043f\u0435\u0447\u0435\u043d\u043d\u044f \u0456 \u0441\u043f\u0440\u043e\u0431\u0443\u0432\u0430\u0442\u0438 \u0457\u0457 \u0431\u0435\u0437\u043a\u043e\u0448\u0442\u043e\u0432\u043d\u043e \u043d\u0430\u043f\u0440\u043e\u0442\u044f\u0437\u0456 30 \u0434\u043d\u0456\u0432 \u0431\u0435\u0437 \u0431\u0443\u0434\u044c-\u044f\u043a\u0438\u0445 \u043e\u0431\u043c\u0435\u0436\u0435\u043d\u044c. \u0412\u0438 \u043c\u043e\u0436\u0435\u0442\u0435 \u0437\u0430\u0432\u0430\u043d\u0442\u0430\u0436\u0438\u0442\u0438\u00a0Multi Room Audio Player\u00a0\u0432 \u0434\u0435\u043a\u0456\u043b\u044c\u043a\u043e\u0445 \u0444\u043e\u0440\u043c\u0430\u0442\u0430\u0445,\u00a0\u00a0\u043f\u0456\u0434\u043f\u0438\u0441\u0430\u043d\u0438\u0439 \u0446\u0438\u0444\u0440\u043e\u0432\u0438\u043c \u043f\u0456\u0434\u043f\u0438\u0441\u043e\u043c EXE \u0444\u0430\u0439\u043b (\u043f\u043e\u043f\u0435\u0440\u0435\u0434\u0436\u0435\u043d\u043d\u044f \u043f\u0440\u043e \u0431\u0435\u0437\u043f\u0435\u043a\u0443 \u043c\u043e\u0436\u0435 \u0437'\u044f\u0432\u0438\u0442\u0438\u0441\u044f), \u0432 ZIP \u0430\u0431\u043e RAR \u0430\u0440\u0445\u0456\u0432\u0430\u0445. Multi Zone\u2026","rel":"","context":"Similar post","block_context":{"text":"Similar post","link":""},"img":{"alt_text":"download button","src":"\/wp-content\/uploads\/2015\/05\/btn_download.png","width":350,"height":200},"classes":[]},{"id":670,"url":"https:\/\/multiroomaudioplayer.com\/en\/revision-history\/","url_meta":{"origin":126,"position":3},"title":"Multi Room Audio Player Revision History","author":"AudioEngineer","date":"October 27, 2015","format":false,"excerpt":"Legend: [+] Added [-] Fixed [*] \u0421hanged\/Improved 25.06.2023 Released Multi Room Audio Player v5.4.8576.18819 Release Notes: [-] Fixed: 32 channels GPIO support. [*] Improved: GPIO monitoring time. 22.03.2019 Released Multi Room Audio Player v5.4.7020.20852 Release Notes: [-] Fixed: few Spotify REST API methods. 12.03.2019 Released Multi Room Audio Player v5.4.7010.29452\u2026","rel":"","context":"Similar post","block_context":{"text":"Similar post","link":""},"img":{"alt_text":"","src":"","width":0,"height":0},"classes":[]},{"id":243,"url":"https:\/\/multiroomaudioplayer.com\/en\/download-3\/","url_meta":{"origin":126,"position":4},"title":"\u0421\u043a\u0430\u0447\u0430\u0442\u044c \u041c\u043d\u043e\u0433\u043e\u0437\u043e\u043d\u043d\u044b\u0439 \u0410\u0443\u0434\u0438\u043e \u041f\u0440\u043e\u0438\u0433\u0440\u044b\u0432\u0430\u0442\u0435\u043b\u044c","author":"AudioEngineer","date":"May 28, 2015","format":false,"excerpt":"\u0412\u044b \u043c\u043e\u0436\u0435\u0442\u0435 \u0441\u043a\u0430\u0447\u0430\u0442\u044c \u043f\u0440\u043e\u0431\u043d\u0443\u044e \u0432\u0435\u0440\u0441\u0438\u044e \u043f\u0440\u043e\u0433\u0440\u0430\u043c\u043c\u044b \u0430\u0431\u0441\u043e\u043b\u044e\u0442\u043d\u043e \u0431\u0435\u0441\u043f\u043b\u0430\u0442\u043d\u043e \u0438 \u043f\u043e\u043f\u0440\u043e\u0431\u043e\u0432\u0430\u0442\u044c \u0435\u0435 \u043f\u0435\u0440\u0435\u0434 \u043f\u043e\u043a\u0443\u043f\u043a\u043e\u0439. \u0412 \u043f\u0440\u043e\u0433\u0440\u0430\u043c\u043c\u0435 \u0434\u043e\u0441\u0442\u0443\u043f\u043d\u044b \u0432\u0441\u0435 \u0444\u0443\u043d\u043a\u0446\u0438\u0438, \u043e\u0433\u0440\u0430\u043d\u0438\u0447\u0435\u043d\u043e \u0432\u0440\u0435\u043c\u044f \u0438\u0441\u043f\u043e\u043b\u044c\u0437\u043e\u0432\u0430\u043d\u0438\u044f \u0434\u043e\u00a030 \u0434\u043d\u0435\u0439.\u00a0\u041f\u043e\u0441\u043b\u0435 \u043f\u043e\u043a\u0443\u043f\u043a\u0438 \u044d\u0442\u043e \u043e\u0433\u0440\u0430\u043d\u0438\u0447\u0435\u043d\u0438\u0435 \u0441\u043d\u0438\u043c\u0430\u0435\u0442\u0441\u044f. \u0412\u044b \u043c\u043e\u0436\u0435\u0442\u0435 \u0441\u043a\u0430\u0447\u0430\u0442\u044c Multi Room Audio Player \u0432 EXE, ZIP \u0438\u043b\u0438 RAR \u0444\u043e\u0440\u043c\u0430\u0442\u0430\u0445. Multi Room Audio Player\u00a05 \u0434\u0430\u0442\u0430 17 \u0418\u044e\u043b\u044f 2015, \u0440\u0430\u0437\u043c\u0435\u0440 \u0444\u0430\u0439\u043b\u0430\u00a08,7\u2026","rel":"","context":"Similar post","block_context":{"text":"Similar post","link":""},"img":{"alt_text":"download button","src":"\/wp-content\/uploads\/2015\/05\/btn_download.png","width":350,"height":200},"classes":[]},{"id":13,"url":"https:\/\/multiroomaudioplayer.com\/en\/","url_meta":{"origin":126,"position":5},"title":"Multi Room Audio Player Overview","author":"AudioEngineer","date":"March 27, 2014","format":false,"excerpt":"Made With Passion For The Sound Multi Room Audio Player is a professional audio streaming software that allows you to manage multiple audio streams for playing different audio in different rooms. For those who need a centralized audio control center in places such as nightclubs or restaurants, hotels or shops,\u2026","rel":"","context":"Similar post","block_context":{"text":"Similar post","link":""},"img":{"alt_text":"Multi Room Audio Player perfect for commercial usage","src":"https:\/\/i0.wp.com\/multiroomaudioplayer.com\/wp-content\/uploads\/2014\/03\/multi-room-audio-player-art-2-1024x576.png?resize=350%2C200&ssl=1","width":350,"height":200,"srcset":"https:\/\/i0.wp.com\/multiroomaudioplayer.com\/wp-content\/uploads\/2014\/03\/multi-room-audio-player-art-2-1024x576.png?resize=350%2C200&ssl=1 1x, https:\/\/i0.wp.com\/multiroomaudioplayer.com\/wp-content\/uploads\/2014\/03\/multi-room-audio-player-art-2-1024x576.png?resize=525%2C300&ssl=1 1.5x, https:\/\/i0.wp.com\/multiroomaudioplayer.com\/wp-content\/uploads\/2014\/03\/multi-room-audio-player-art-2-1024x576.png?resize=700%2C400&ssl=1 2x"},"classes":[]}],"_links":{"self":[{"href":"https:\/\/multiroomaudioplayer.com\/en\/wp-json\/wp\/v2\/pages\/126","targetHints":{"allow":["GET"]}}],"collection":[{"href":"https:\/\/multiroomaudioplayer.com\/en\/wp-json\/wp\/v2\/pages"}],"about":[{"href":"https:\/\/multiroomaudioplayer.com\/en\/wp-json\/wp\/v2\/types\/page"}],"author":[{"embeddable":true,"href":"https:\/\/multiroomaudioplayer.com\/en\/wp-json\/wp\/v2\/users\/1"}],"replies":[{"embeddable":true,"href":"https:\/\/multiroomaudioplayer.com\/en\/wp-json\/wp\/v2\/comments?post=126"}],"version-history":[{"count":12,"href":"https:\/\/multiroomaudioplayer.com\/en\/wp-json\/wp\/v2\/pages\/126\/revisions"}],"predecessor-version":[{"id":2485,"href":"https:\/\/multiroomaudioplayer.com\/en\/wp-json\/wp\/v2\/pages\/126\/revisions\/2485"}],"wp:attachment":[{"href":"https:\/\/multiroomaudioplayer.com\/en\/wp-json\/wp\/v2\/media?parent=126"}],"curies":[{"name":"wp","href":"https:\/\/api.w.org\/{rel}","templated":true}]}}