{"id":124,"date":"2015-05-25T12:34:37","date_gmt":"2015-05-25T12:34:37","guid":{"rendered":"http:\/\/dev.multiroomaudioplayer.com\/?page_id=124"},"modified":"2015-07-17T20:50:35","modified_gmt":"2015-07-17T20:50:35","slug":"screenshots","status":"publish","type":"page","link":"https:\/\/multiroomaudioplayer.com\/en\/screenshots\/","title":{"rendered":"Screenshots"},"content":{"rendered":"<p><b>Multi Room Audio Player Main Window<\/b><br \/>\n<a title=\"Multi Room Audio Player Main Window\" href=\"\/screenshot\/multi-room-audio-player-1.png\"><img loading=\"lazy\" decoding=\"async\" src=\"\/screenshot\/multi-room-audio-player-1_400.png\" alt=\"Multi Room Audio Player Main Window\" width=\"400\" height=\"213\" \/><br \/>\n<\/a><\/p>\n<p>&nbsp;<\/p>\n<p><b>Control sound in every room via iPad<\/b><br \/>\n<a title=\"Multi Room Sound System on iPad\" href=\"\/screenshot\/ipad_1050.jpg\"><img loading=\"lazy\" decoding=\"async\" src=\"\/screenshot\/ipad_400.jpg\" alt=\"Multi Room Sound System on iPad\" width=\"404\" height=\"302\" \/><br \/>\n<\/a><\/p>\n<p>&nbsp;<\/p>\n<p><b>Multi Room Sound System Remote Control on the mobile cell phone<\/b><br \/>\n<a title=\"Multi Room Sound System on the Windows Phone 7\" href=\"\/screenshot\/wp7_1050.jpg\"><img loading=\"lazy\" decoding=\"async\" src=\"\/screenshot\/wp7_400.jpg\" alt=\"Multi Room Sound System on the Windows Phone 7\" width=\"404\" height=\"302\" \/><br \/>\n<\/a><\/p>\n<p>&nbsp;<\/p>\n<p><b>Zone control window with equalizer<\/b><br \/>\n<a title=\"Zone control window with equalizer\" href=\"\/screenshot\/zone.png\"><img loading=\"lazy\" decoding=\"async\" src=\"\/screenshot\/zone_400.png\" alt=\"Zone editor panel, audio output device, channels, equalizer\" width=\"362\" height=\"394\" \/><br \/>\n<\/a><\/p>\n<p>&nbsp;<\/p>\n<p><b>Media library with powerful search<\/b><br \/>\n<a title=\"Full-featured media library\" href=\"\/screenshot\/music-database.png\"><img loading=\"lazy\" decoding=\"async\" src=\"\/screenshot\/music-database_400.png\" alt=\"Full-featured media library\" width=\"400\" height=\"290\" \/><br \/>\n<\/a><\/p>\n<p>&nbsp;<\/p>\n<p><b>Playlist generator<\/b><br \/>\n<a title=\"Playlist generator\" href=\"\/screenshot\/playlist-generator.png\"><img loading=\"lazy\" decoding=\"async\" src=\"\/screenshot\/playlist-generator_400.png\" alt=\"Automatic playlist generator\" width=\"396\" height=\"205\" \/><br \/>\n<\/a><\/p>\n<p>&nbsp;<\/p>\n<p><b>Players Control Center<\/b><br \/>\n<a title=\"Players Control Center\" href=\"\/screenshot\/zone-control.png\"><img loading=\"lazy\" decoding=\"async\" src=\"\/screenshot\/zone-control_400.png\" alt=\"Zone Control\" width=\"400\" height=\"180\" \/><br \/>\n<\/a><\/p>\n<p>&nbsp;<\/p>\n<p><b>Event Scheduler<\/b><br \/>\n<a title=\"Events Scheduler\" href=\"\/screenshot\/scheduler.png\"><img loading=\"lazy\" decoding=\"async\" src=\"\/screenshot\/scheduler_400.png\" alt=\"Events Scheduler\" width=\"400\" height=\"264\" \/><br \/>\n<\/a><\/p>\n","protected":false},"excerpt":{"rendered":"<p>Multi Room Audio Player Main Window &nbsp; Control sound in every room via iPad &nbsp; Multi Room Sound System Remote Control on the mobile cell phone &nbsp; Zone control window with equalizer &nbsp; Media library with powerful search &nbsp; Playlist generator &nbsp; Players Control Center &nbsp; Event Scheduler<\/p>\n","protected":false},"author":1,"featured_media":0,"parent":0,"menu_order":0,"comment_status":"closed","ping_status":"open","template":"","meta":{"_monsterinsights_skip_tracking":false,"_monsterinsights_sitenote_active":false,"_monsterinsights_sitenote_note":"","_monsterinsights_sitenote_category":0,"footnotes":""},"class_list":["post-124","page","type-page","status-publish","hentry"],"yoast_head":"<!-- This site is optimized with the Yoast SEO plugin v27.2 - https:\/\/yoast.com\/product\/yoast-seo-wordpress\/ -->\n<title>Screenshots - Multi Room Audio Player<\/title>\n<meta name=\"description\" content=\"Multi Room Audio Player screenshots and photos.\" \/>\n<meta name=\"robots\" content=\"index, follow, max-snippet:-1, max-image-preview:large, max-video-preview:-1\" \/>\n<link rel=\"canonical\" href=\"https:\/\/multiroomaudioplayer.com\/en\/screenshots\/\" \/>\n<meta property=\"og:locale\" content=\"en_US\" \/>\n<meta property=\"og:type\" content=\"article\" \/>\n<meta property=\"og:title\" content=\"Screenshots - Multi Room Audio Player\" \/>\n<meta property=\"og:description\" content=\"Multi Room Audio Player screenshots and photos.\" \/>\n<meta property=\"og:url\" content=\"https:\/\/multiroomaudioplayer.com\/en\/screenshots\/\" \/>\n<meta property=\"og:site_name\" content=\"Multi Room Audio Player\" \/>\n<meta property=\"article:publisher\" content=\"https:\/\/www.facebook.com\/MultiRoomAudioPlayer\" \/>\n<meta property=\"article:modified_time\" content=\"2015-07-17T20:50:35+00:00\" \/>\n<meta property=\"og:image\" content=\"https:\/\/multiroomaudioplayer.com\/screenshot\/multi-room-audio-player-1_400.png\" \/>\n<meta name=\"twitter:card\" content=\"summary_large_image\" \/>\n<meta name=\"twitter:site\" content=\"@pistonsoftware\" \/>\n<script type=\"application\/ld+json\" class=\"yoast-schema-graph\">{\"@context\":\"https:\/\/schema.org\",\"@graph\":[{\"@type\":\"WebPage\",\"@id\":\"https:\/\/multiroomaudioplayer.com\/en\/screenshots\/\",\"url\":\"https:\/\/multiroomaudioplayer.com\/en\/screenshots\/\",\"name\":\"Screenshots - Multi Room Audio Player\",\"isPartOf\":{\"@id\":\"https:\/\/multiroomaudioplayer.com\/en\/#website\"},\"datePublished\":\"2015-05-25T12:34:37+00:00\",\"dateModified\":\"2015-07-17T20:50:35+00:00\",\"description\":\"Multi Room Audio Player screenshots and photos.\",\"breadcrumb\":{\"@id\":\"https:\/\/multiroomaudioplayer.com\/en\/screenshots\/#breadcrumb\"},\"inLanguage\":\"en-US\",\"potentialAction\":[{\"@type\":\"ReadAction\",\"target\":[\"https:\/\/multiroomaudioplayer.com\/en\/screenshots\/\"]}]},{\"@type\":\"BreadcrumbList\",\"@id\":\"https:\/\/multiroomaudioplayer.com\/en\/screenshots\/#breadcrumb\",\"itemListElement\":[{\"@type\":\"ListItem\",\"position\":1,\"name\":\"Home\",\"item\":\"https:\/\/multiroomaudioplayer.com\/en\/\"},{\"@type\":\"ListItem\",\"position\":2,\"name\":\"Screenshots\"}]},{\"@type\":\"WebSite\",\"@id\":\"https:\/\/multiroomaudioplayer.com\/en\/#website\",\"url\":\"https:\/\/multiroomaudioplayer.com\/en\/\",\"name\":\"Multi Room Audio Player\",\"description\":\"music control software for hotels, shops, clubs, theme parks, zoo, sport centers, haunted houses and intellihome\",\"potentialAction\":[{\"@type\":\"SearchAction\",\"target\":{\"@type\":\"EntryPoint\",\"urlTemplate\":\"https:\/\/multiroomaudioplayer.com\/en\/?s={search_term_string}\"},\"query-input\":{\"@type\":\"PropertyValueSpecification\",\"valueRequired\":true,\"valueName\":\"search_term_string\"}}],\"inLanguage\":\"en-US\"}]}<\/script>\n<!-- \/ Yoast SEO plugin. -->","yoast_head_json":{"title":"Screenshots - Multi Room Audio Player","description":"Multi Room Audio Player screenshots and photos.","robots":{"index":"index","follow":"follow","max-snippet":"max-snippet:-1","max-image-preview":"max-image-preview:large","max-video-preview":"max-video-preview:-1"},"canonical":"https:\/\/multiroomaudioplayer.com\/en\/screenshots\/","og_locale":"en_US","og_type":"article","og_title":"Screenshots - Multi Room Audio Player","og_description":"Multi Room Audio Player screenshots and photos.","og_url":"https:\/\/multiroomaudioplayer.com\/en\/screenshots\/","og_site_name":"Multi Room Audio Player","article_publisher":"https:\/\/www.facebook.com\/MultiRoomAudioPlayer","article_modified_time":"2015-07-17T20:50:35+00:00","og_image":[{"url":"https:\/\/multiroomaudioplayer.com\/screenshot\/multi-room-audio-player-1_400.png","type":"","width":"","height":""}],"twitter_card":"summary_large_image","twitter_site":"@pistonsoftware","schema":{"@context":"https:\/\/schema.org","@graph":[{"@type":"WebPage","@id":"https:\/\/multiroomaudioplayer.com\/en\/screenshots\/","url":"https:\/\/multiroomaudioplayer.com\/en\/screenshots\/","name":"Screenshots - Multi Room Audio Player","isPartOf":{"@id":"https:\/\/multiroomaudioplayer.com\/en\/#website"},"datePublished":"2015-05-25T12:34:37+00:00","dateModified":"2015-07-17T20:50:35+00:00","description":"Multi Room Audio Player screenshots and photos.","breadcrumb":{"@id":"https:\/\/multiroomaudioplayer.com\/en\/screenshots\/#breadcrumb"},"inLanguage":"en-US","potentialAction":[{"@type":"ReadAction","target":["https:\/\/multiroomaudioplayer.com\/en\/screenshots\/"]}]},{"@type":"BreadcrumbList","@id":"https:\/\/multiroomaudioplayer.com\/en\/screenshots\/#breadcrumb","itemListElement":[{"@type":"ListItem","position":1,"name":"Home","item":"https:\/\/multiroomaudioplayer.com\/en\/"},{"@type":"ListItem","position":2,"name":"Screenshots"}]},{"@type":"WebSite","@id":"https:\/\/multiroomaudioplayer.com\/en\/#website","url":"https:\/\/multiroomaudioplayer.com\/en\/","name":"Multi Room Audio Player","description":"music control software for hotels, shops, clubs, theme parks, zoo, sport centers, haunted houses and intellihome","potentialAction":[{"@type":"SearchAction","target":{"@type":"EntryPoint","urlTemplate":"https:\/\/multiroomaudioplayer.com\/en\/?s={search_term_string}"},"query-input":{"@type":"PropertyValueSpecification","valueRequired":true,"valueName":"search_term_string"}}],"inLanguage":"en-US"}]}},"jetpack_sharing_enabled":true,"jetpack-related-posts":[{"id":53,"url":"https:\/\/multiroomaudioplayer.com\/en\/features\/","url_meta":{"origin":124,"position":0},"title":"Multi Room Audio Player Features","author":"AudioEngineer","date":"March 28, 2014","format":false,"excerpt":"Multi Room Audio Player was created in collaboration with professional sound engineers as a reply to the needs of musical control personnel, DJs, creative supervisors, etc. This is a complete audio solution for clubs, restaurants, hotels, multi-room apartments, smart homes, intellihomes, and large halls. The simple and intuitive interface is\u2026","rel":"","context":"Similar post","block_context":{"text":"Similar post","link":""},"img":{"alt_text":"Multi Room Audio Player - Manage lots of audio streams with only one PC","src":"https:\/\/i0.wp.com\/multiroomaudioplayer.com\/wp-content\/uploads\/2014\/03\/multi-room-audio-player-art-1-1024x576.png?resize=350%2C200&ssl=1","width":350,"height":200,"srcset":"https:\/\/i0.wp.com\/multiroomaudioplayer.com\/wp-content\/uploads\/2014\/03\/multi-room-audio-player-art-1-1024x576.png?resize=350%2C200&ssl=1 1x, https:\/\/i0.wp.com\/multiroomaudioplayer.com\/wp-content\/uploads\/2014\/03\/multi-room-audio-player-art-1-1024x576.png?resize=525%2C300&ssl=1 1.5x, https:\/\/i0.wp.com\/multiroomaudioplayer.com\/wp-content\/uploads\/2014\/03\/multi-room-audio-player-art-1-1024x576.png?resize=700%2C400&ssl=1 2x"},"classes":[]},{"id":13,"url":"https:\/\/multiroomaudioplayer.com\/en\/","url_meta":{"origin":124,"position":1},"title":"Multi Room Audio Player Overview","author":"AudioEngineer","date":"March 27, 2014","format":false,"excerpt":"Made With Passion For The Sound Multi Room Audio Player is a professional audio streaming software that allows you to manage multiple audio streams for playing different audio in different rooms. For those who need a centralized audio control center in places such as nightclubs or restaurants, hotels or shops,\u2026","rel":"","context":"Similar post","block_context":{"text":"Similar post","link":""},"img":{"alt_text":"Multi Room Audio Player perfect for commercial usage","src":"https:\/\/i0.wp.com\/multiroomaudioplayer.com\/wp-content\/uploads\/2014\/03\/multi-room-audio-player-art-2-1024x576.png?resize=350%2C200&ssl=1","width":350,"height":200,"srcset":"https:\/\/i0.wp.com\/multiroomaudioplayer.com\/wp-content\/uploads\/2014\/03\/multi-room-audio-player-art-2-1024x576.png?resize=350%2C200&ssl=1 1x, https:\/\/i0.wp.com\/multiroomaudioplayer.com\/wp-content\/uploads\/2014\/03\/multi-room-audio-player-art-2-1024x576.png?resize=525%2C300&ssl=1 1.5x, https:\/\/i0.wp.com\/multiroomaudioplayer.com\/wp-content\/uploads\/2014\/03\/multi-room-audio-player-art-2-1024x576.png?resize=700%2C400&ssl=1 2x"},"classes":[]},{"id":1120,"url":"https:\/\/multiroomaudioplayer.com\/de\/screenshots\/","url_meta":{"origin":124,"position":2},"title":"Bildschirmfotos","author":"AudioEngineer","date":"August 16, 2016","format":false,"excerpt":"Multi Room Audio Player Hauptfenster \u00a0 Soundsteuerung in jedem Raum per iPad \u00a0 Multi Room Sound System Fernbedienung auf Handy \u00a0 Zonen Editor Panel, Audio Ausgang, Kan\u00e4le, Equalizer \u00a0 Voll funktionsf\u00e4hige Mediendatenbank \u00a0 Abspiellisten Generator \u00a0 Control Center des Players \u00a0 Eventplaner","rel":"","context":"Similar post","block_context":{"text":"Similar post","link":""},"img":{"alt_text":"Multi Room Audio Player Hauptfenster","src":"\/screenshot\/multi-room-audio-player-1_400.png","width":350,"height":200},"classes":[]},{"id":670,"url":"https:\/\/multiroomaudioplayer.com\/en\/revision-history\/","url_meta":{"origin":124,"position":3},"title":"Multi Room Audio Player Revision History","author":"AudioEngineer","date":"October 27, 2015","format":false,"excerpt":"Legend: [+] Added [-] Fixed [*] \u0421hanged\/Improved 25.06.2023 Released Multi Room Audio Player v5.4.8576.18819 Release Notes: [-] Fixed: 32 channels GPIO support. [*] Improved: GPIO monitoring time. 22.03.2019 Released Multi Room Audio Player v5.4.7020.20852 Release Notes: [-] Fixed: few Spotify REST API methods. 12.03.2019 Released Multi Room Audio Player v5.4.7010.29452\u2026","rel":"","context":"Similar post","block_context":{"text":"Similar post","link":""},"img":{"alt_text":"","src":"","width":0,"height":0},"classes":[]},{"id":1106,"url":"https:\/\/multiroomaudioplayer.com\/de\/multi-room-audio-player-uebersicht\/","url_meta":{"origin":124,"position":4},"title":"Multi Room Audio Player \u00dcbersicht","author":"AudioEngineer","date":"August 14, 2016","format":false,"excerpt":"Aus Leidenschaft f\u00fcr Sound Der Multi Room Audio Player (Mehrzimmer Audio Player) ist eine professionelle Audio Streaming Anwendung die es Ihnen erm\u00f6glicht mehrere Audiostreams in verschiedenen R\u00e4umen abzuspielen. Eine zentrale Audiosteuerung f\u00fcr Nachtclubs oder Restaurants, Hotel oder Gesch\u00e4ft, Fitnessstudio, Sportzentrum, Intellihouse und auch Themenparks oder Zoos oder andere \u00f6ffentliche Pl\u00e4tze\u2026","rel":"","context":"Similar post","block_context":{"text":"Similar post","link":""},"img":{"alt_text":"Multi Room Audio Player eignet sich perfekt f\u00fcr kommerzielle Verwendung","src":"https:\/\/i0.wp.com\/multiroomaudioplayer.com\/wp-content\/uploads\/2014\/03\/multi-room-audio-player-art-2-1024x576.png?resize=350%2C200&ssl=1","width":350,"height":200,"srcset":"https:\/\/i0.wp.com\/multiroomaudioplayer.com\/wp-content\/uploads\/2014\/03\/multi-room-audio-player-art-2-1024x576.png?resize=350%2C200&ssl=1 1x, https:\/\/i0.wp.com\/multiroomaudioplayer.com\/wp-content\/uploads\/2014\/03\/multi-room-audio-player-art-2-1024x576.png?resize=525%2C300&ssl=1 1.5x, https:\/\/i0.wp.com\/multiroomaudioplayer.com\/wp-content\/uploads\/2014\/03\/multi-room-audio-player-art-2-1024x576.png?resize=700%2C400&ssl=1 2x"},"classes":[]},{"id":249,"url":"https:\/\/multiroomaudioplayer.com\/ru\/screenshots\/","url_meta":{"origin":124,"position":5},"title":"\u0421\u043a\u0440\u0438\u043d\u0448\u043e\u0442\u044b \u041c\u043d\u043e\u0433\u043e\u0437\u043e\u043d\u043d\u043e\u0433\u043e \u0410\u0443\u0434\u0438\u043e \u041f\u0440\u043e\u0438\u0433\u0440\u044b\u0432\u0430\u0442\u0435\u043b\u044f","author":"AudioEngineer","date":"May 28, 2015","format":false,"excerpt":"\u0413\u043b\u0430\u0432\u043d\u043e\u0435 \u043e\u043a\u043d\u043e \u00a0 \u0423\u043f\u0440\u0430\u0432\u043b\u0435\u043d\u0438\u0435 \u0447\u0435\u0440\u0435\u0437 iPad \u00a0 \u0423\u0434\u0430\u043b\u0435\u043d\u043d\u043e\u0435 \u0443\u043f\u0440\u0430\u0432\u043b\u0435\u043d\u0438\u0435 \u0441 \u043f\u043e\u043c\u043e\u0449\u044c\u044e \u0441\u043c\u0430\u0440\u0442\u0444\u043e\u043d\u0430 \u0438\u043b\u0438 \u043c\u043e\u0431\u0438\u043b\u044c\u043d\u043e\u0433\u043e \u0442\u0435\u043b\u0435\u0444\u043e\u043d\u0430 \u00a0 \u041d\u0430\u0441\u0442\u0440\u043e\u0439\u043a\u0438 \u0437\u043e\u043d\u044b, \u044d\u043a\u0432\u0430\u043b\u0430\u0439\u0437\u0435\u0440 \u00a0 \u0411\u0438\u0431\u043b\u0438\u043e\u0442\u0435\u043a\u0430, \u0411\u0430\u0437\u0430 \u0434\u0430\u043d\u043d\u044b\u0445 \u043c\u0443\u0437\u044b\u043a\u0430\u043b\u044c\u043d\u044b\u0445 \u0444\u0430\u0439\u043b\u043e\u0432 \u00a0 \u0413\u0435\u043d\u0435\u0440\u0430\u0442\u043e\u0440 \u043f\u043b\u0435\u0439\u043b\u0438\u0441\u0442\u043e\u0432 \u00a0 \u0426\u0435\u043d\u0442\u0440 \u0443\u043f\u0440\u0430\u0432\u043b\u0435\u043d\u0438\u0435 \u043f\u0440\u043e\u0438\u0433\u0440\u044b\u0432\u0430\u0442\u0435\u043b\u044f\u043c\u0438 \u00a0 \u041f\u043b\u0430\u043d\u0438\u0440\u043e\u0432\u0449\u0438\u043a \u0441\u043e\u0431\u044b\u0442\u0438\u0439","rel":"","context":"Similar post","block_context":{"text":"Similar post","link":""},"img":{"alt_text":"\u0413\u043b\u0430\u0432\u043d\u043e\u0435 \u043e\u043a\u043d\u043e","src":"\/screenshot\/multi-room-audio-player-1_400.png","width":350,"height":200},"classes":[]}],"_links":{"self":[{"href":"https:\/\/multiroomaudioplayer.com\/en\/wp-json\/wp\/v2\/pages\/124","targetHints":{"allow":["GET"]}}],"collection":[{"href":"https:\/\/multiroomaudioplayer.com\/en\/wp-json\/wp\/v2\/pages"}],"about":[{"href":"https:\/\/multiroomaudioplayer.com\/en\/wp-json\/wp\/v2\/types\/page"}],"author":[{"embeddable":true,"href":"https:\/\/multiroomaudioplayer.com\/en\/wp-json\/wp\/v2\/users\/1"}],"replies":[{"embeddable":true,"href":"https:\/\/multiroomaudioplayer.com\/en\/wp-json\/wp\/v2\/comments?post=124"}],"version-history":[{"count":0,"href":"https:\/\/multiroomaudioplayer.com\/en\/wp-json\/wp\/v2\/pages\/124\/revisions"}],"wp:attachment":[{"href":"https:\/\/multiroomaudioplayer.com\/en\/wp-json\/wp\/v2\/media?parent=124"}],"curies":[{"name":"wp","href":"https:\/\/api.w.org\/{rel}","templated":true}]}}