{"id":1415,"date":"2016-08-17T00:05:12","date_gmt":"2016-08-16T22:05:12","guid":{"rendered":"http:\/\/dev.multiroomaudioplayer.com\/de\/?page_id=1415"},"modified":"2016-08-17T00:05:12","modified_gmt":"2016-08-16T22:05:12","slug":"multiroommusicplayer","status":"publish","type":"page","link":"https:\/\/multiroomaudioplayer.com\/de\/multiroommusicplayer\/","title":{"rendered":"Mehrzimmer Music Player"},"content":{"rendered":"<p>&#8222;MultiRoom Music Player ist eine gro\u00dfartige Anwendung und spielt eine wichtige Rolle in unserem Spukhaus. Durch die Verwendung eines Computers mit einigen Soundkarten sind wir nun dazu in der Lage <strong>8 separate Zonen<\/strong> f\u00fcr Audio zu verwenden. Alle Zonen unterst\u00fctzen nun Abspiellisten und automatische Startfunktion. Wir haben das gesamte Programm nach unseren W\u00fcnschen eingerichtet und anschlie\u00dfend eine Verkn\u00fcpfung im Autostart Ordner erstellt. Nun m\u00fcssen wir am Abend nur den Computer einschalten und die Anwendung \u00fcbernimmt den Rest! Die Anwendung wird automatisch gestartet, konfiguriert die Soundkarten, l\u00e4dt eine Abspielliste f\u00fcr die Zonen und beginnt die Wiedergabe.<\/p>\n<p>Das System ist so einfach das es von einer jeden Person mit nur einem Knopfdruck gestartet werden kann! Zus\u00e4tzlich hierzu gef\u00e4llt uns die Tatsache, dass wir das System durch ein einfaches Hinzuf\u00fcgen weitere Soundkarten im Hostcomputer erweitern k\u00f6nnen! Die Verwendung von Surround Soundkarten mit 3 separaten Ausg\u00e4ngen k\u00f6nnen wir bis zu 6 voneinander unabh\u00e4ngige Mono-Kan\u00e4le pro Soundkarte erzeugen, mit einer M\u00f6glichkeit von <strong>18 Kan\u00e4len<\/strong> in unserem Setup. Dies macht diese Anwendung sicher f\u00fcr Wachstum in der Zukunft.<\/p>\n<p>Es gibt viele weitere Funktionen die das Geld der Anwendung wert sind und wir sind uns sicher, dass die Anwendung auch f\u00fcr andere Spukh\u00e4user, Gesch\u00e4fte, Restaurants, Bars und andere Unternehmen verwendet werden kann. Danke f\u00fcr diese gro\u00dfartige Anwendung mit erstklassigen Funktionen \u2013 sie funktioniert einwandfrei!&#8220;<\/p>\n<p><span style=\"font-style: italic;\"><b>Russ W. Moore<\/b><br \/>\nSpukhaus Meister<br \/>\nTayman Friedhof Spukhaus Attraktion \u2013 Midlothian, Texas<br \/>\n<\/span><\/p>\n","protected":false},"excerpt":{"rendered":"<p>&#8222;MultiRoom Music Player ist eine gro\u00dfartige Anwendung und spielt eine wichtige Rolle in unserem Spukhaus. Durch die Verwendung eines Computers mit einigen Soundkarten sind wir nun dazu in der Lage 8 separate Zonen f\u00fcr Audio zu verwenden. Alle Zonen unterst\u00fctzen nun Abspiellisten und automatische Startfunktion. Wir haben das gesamte Programm nach unseren W\u00fcnschen eingerichtet und <a class=\"more-link\" href=\"https:\/\/multiroomaudioplayer.com\/de\/multiroommusicplayer\/\">Read More &#8230;<\/a><\/p>\n","protected":false},"author":1,"featured_media":0,"parent":0,"menu_order":0,"comment_status":"closed","ping_status":"closed","template":"","meta":{"_monsterinsights_skip_tracking":false,"_monsterinsights_sitenote_active":false,"_monsterinsights_sitenote_note":"","_monsterinsights_sitenote_category":0,"footnotes":""},"class_list":["post-1415","page","type-page","status-publish","hentry"],"yoast_head":"<!-- This site is optimized with the Yoast SEO plugin v27.2 - https:\/\/yoast.com\/product\/yoast-seo-wordpress\/ -->\n<title>Mehrzimmer Music Player - Multi Room Audio Player<\/title>\n<meta name=\"robots\" content=\"index, follow, max-snippet:-1, max-image-preview:large, max-video-preview:-1\" \/>\n<link rel=\"canonical\" href=\"https:\/\/multiroomaudioplayer.com\/de\/multiroommusicplayer\/\" \/>\n<meta property=\"og:locale\" content=\"de_DE\" \/>\n<meta property=\"og:type\" content=\"article\" \/>\n<meta property=\"og:title\" content=\"Mehrzimmer Music Player - Multi Room Audio Player\" \/>\n<meta property=\"og:description\" content=\"&#8222;MultiRoom Music Player ist eine gro\u00dfartige Anwendung und spielt eine wichtige Rolle in unserem Spukhaus. Durch die Verwendung eines Computers mit einigen Soundkarten sind wir nun dazu in der Lage 8 separate Zonen f\u00fcr Audio zu verwenden. Alle Zonen unterst\u00fctzen nun Abspiellisten und automatische Startfunktion. Wir haben das gesamte Programm nach unseren W\u00fcnschen eingerichtet und Read More ...\" \/>\n<meta property=\"og:url\" content=\"https:\/\/multiroomaudioplayer.com\/de\/multiroommusicplayer\/\" \/>\n<meta property=\"og:site_name\" content=\"Multi Room Audio Player\" \/>\n<meta property=\"article:publisher\" content=\"https:\/\/www.facebook.com\/MultiRoomAudioPlayer\" \/>\n<meta name=\"twitter:card\" content=\"summary_large_image\" \/>\n<meta name=\"twitter:site\" content=\"@pistonsoftware\" \/>\n<meta name=\"twitter:label1\" content=\"Gesch\u00e4tzte Lesezeit\" \/>\n\t<meta name=\"twitter:data1\" content=\"1\u00a0Minute\" \/>\n<script type=\"application\/ld+json\" class=\"yoast-schema-graph\">{\"@context\":\"https:\/\/schema.org\",\"@graph\":[{\"@type\":\"WebPage\",\"@id\":\"https:\/\/multiroomaudioplayer.com\/de\/multiroommusicplayer\/\",\"url\":\"https:\/\/multiroomaudioplayer.com\/de\/multiroommusicplayer\/\",\"name\":\"Mehrzimmer Music Player - Multi Room Audio Player\",\"isPartOf\":{\"@id\":\"https:\/\/multiroomaudioplayer.com\/en\/#website\"},\"datePublished\":\"2016-08-16T22:05:12+00:00\",\"breadcrumb\":{\"@id\":\"https:\/\/multiroomaudioplayer.com\/de\/multiroommusicplayer\/#breadcrumb\"},\"inLanguage\":\"de\",\"potentialAction\":[{\"@type\":\"ReadAction\",\"target\":[\"https:\/\/multiroomaudioplayer.com\/de\/multiroommusicplayer\/\"]}]},{\"@type\":\"BreadcrumbList\",\"@id\":\"https:\/\/multiroomaudioplayer.com\/de\/multiroommusicplayer\/#breadcrumb\",\"itemListElement\":[{\"@type\":\"ListItem\",\"position\":1,\"name\":\"Home\",\"item\":\"https:\/\/multiroomaudioplayer.com\/de\/\"},{\"@type\":\"ListItem\",\"position\":2,\"name\":\"Mehrzimmer Music Player\"}]},{\"@type\":\"WebSite\",\"@id\":\"https:\/\/multiroomaudioplayer.com\/en\/#website\",\"url\":\"https:\/\/multiroomaudioplayer.com\/en\/\",\"name\":\"Multi Room Audio Player\",\"description\":\"music control software for hotels, shops, clubs, theme parks, zoo, sport centers, haunted houses and intellihome\",\"potentialAction\":[{\"@type\":\"SearchAction\",\"target\":{\"@type\":\"EntryPoint\",\"urlTemplate\":\"https:\/\/multiroomaudioplayer.com\/en\/?s={search_term_string}\"},\"query-input\":{\"@type\":\"PropertyValueSpecification\",\"valueRequired\":true,\"valueName\":\"search_term_string\"}}],\"inLanguage\":\"de\"}]}<\/script>\n<!-- \/ Yoast SEO plugin. -->","yoast_head_json":{"title":"Mehrzimmer Music Player - Multi Room Audio Player","robots":{"index":"index","follow":"follow","max-snippet":"max-snippet:-1","max-image-preview":"max-image-preview:large","max-video-preview":"max-video-preview:-1"},"canonical":"https:\/\/multiroomaudioplayer.com\/de\/multiroommusicplayer\/","og_locale":"de_DE","og_type":"article","og_title":"Mehrzimmer Music Player - Multi Room Audio Player","og_description":"&#8222;MultiRoom Music Player ist eine gro\u00dfartige Anwendung und spielt eine wichtige Rolle in unserem Spukhaus. Durch die Verwendung eines Computers mit einigen Soundkarten sind wir nun dazu in der Lage 8 separate Zonen f\u00fcr Audio zu verwenden. Alle Zonen unterst\u00fctzen nun Abspiellisten und automatische Startfunktion. Wir haben das gesamte Programm nach unseren W\u00fcnschen eingerichtet und Read More ...","og_url":"https:\/\/multiroomaudioplayer.com\/de\/multiroommusicplayer\/","og_site_name":"Multi Room Audio Player","article_publisher":"https:\/\/www.facebook.com\/MultiRoomAudioPlayer","twitter_card":"summary_large_image","twitter_site":"@pistonsoftware","twitter_misc":{"Gesch\u00e4tzte Lesezeit":"1\u00a0Minute"},"schema":{"@context":"https:\/\/schema.org","@graph":[{"@type":"WebPage","@id":"https:\/\/multiroomaudioplayer.com\/de\/multiroommusicplayer\/","url":"https:\/\/multiroomaudioplayer.com\/de\/multiroommusicplayer\/","name":"Mehrzimmer Music Player - Multi Room Audio Player","isPartOf":{"@id":"https:\/\/multiroomaudioplayer.com\/en\/#website"},"datePublished":"2016-08-16T22:05:12+00:00","breadcrumb":{"@id":"https:\/\/multiroomaudioplayer.com\/de\/multiroommusicplayer\/#breadcrumb"},"inLanguage":"de","potentialAction":[{"@type":"ReadAction","target":["https:\/\/multiroomaudioplayer.com\/de\/multiroommusicplayer\/"]}]},{"@type":"BreadcrumbList","@id":"https:\/\/multiroomaudioplayer.com\/de\/multiroommusicplayer\/#breadcrumb","itemListElement":[{"@type":"ListItem","position":1,"name":"Home","item":"https:\/\/multiroomaudioplayer.com\/de\/"},{"@type":"ListItem","position":2,"name":"Mehrzimmer Music Player"}]},{"@type":"WebSite","@id":"https:\/\/multiroomaudioplayer.com\/en\/#website","url":"https:\/\/multiroomaudioplayer.com\/en\/","name":"Multi Room Audio Player","description":"music control software for hotels, shops, clubs, theme parks, zoo, sport centers, haunted houses and intellihome","potentialAction":[{"@type":"SearchAction","target":{"@type":"EntryPoint","urlTemplate":"https:\/\/multiroomaudioplayer.com\/en\/?s={search_term_string}"},"query-input":{"@type":"PropertyValueSpecification","valueRequired":true,"valueName":"search_term_string"}}],"inLanguage":"de"}]}},"jetpack_sharing_enabled":true,"jetpack-related-posts":[{"id":1106,"url":"https:\/\/multiroomaudioplayer.com\/de\/","url_meta":{"origin":1415,"position":0},"title":"Multi Room Audio Player \u00dcbersicht","author":"AudioEngineer","date":"August 14, 2016","format":false,"excerpt":"Aus Leidenschaft f\u00fcr Sound Der Multi Room Audio Player (Mehrzimmer Audio Player) ist eine professionelle Audio Streaming Anwendung die es Ihnen erm\u00f6glicht mehrere Audiostreams in verschiedenen R\u00e4umen abzuspielen. Eine zentrale Audiosteuerung f\u00fcr Nachtclubs oder Restaurants, Hotel oder Gesch\u00e4ft, Fitnessstudio, Sportzentrum, Intellihouse und auch Themenparks oder Zoos oder andere \u00f6ffentliche Pl\u00e4tze\u2026","rel":"","context":"\u00c4hnlicher Beitrag","block_context":{"text":"\u00c4hnlicher Beitrag","link":""},"img":{"alt_text":"Multi Room Audio Player eignet sich perfekt f\u00fcr kommerzielle Verwendung","src":"https:\/\/i0.wp.com\/multiroomaudioplayer.com\/wp-content\/uploads\/2014\/03\/multi-room-audio-player-art-2-1024x576.png?resize=350%2C200&ssl=1","width":350,"height":200,"srcset":"https:\/\/i0.wp.com\/multiroomaudioplayer.com\/wp-content\/uploads\/2014\/03\/multi-room-audio-player-art-2-1024x576.png?resize=350%2C200&ssl=1 1x, https:\/\/i0.wp.com\/multiroomaudioplayer.com\/wp-content\/uploads\/2014\/03\/multi-room-audio-player-art-2-1024x576.png?resize=525%2C300&ssl=1 1.5x, https:\/\/i0.wp.com\/multiroomaudioplayer.com\/wp-content\/uploads\/2014\/03\/multi-room-audio-player-art-2-1024x576.png?resize=700%2C400&ssl=1 2x"},"classes":[]},{"id":1117,"url":"https:\/\/multiroomaudioplayer.com\/de\/features\/","url_meta":{"origin":1415,"position":1},"title":"Multi Room Audio Player Funktionen","author":"AudioEngineer","date":"August 16, 2016","format":false,"excerpt":"Der Multi Room Audio Player entstand aus einer Zusammenarbeit mit professionellen Soundtechnikern basierend auf die Anforderungen von DJs, kreativen Vorgesetzten und anderen Personen die sich mit der Musiksteuerung befassen. Hierbei handelt es sich um eine komplette Audio L\u00f6sung f\u00fcr Clubs, Restaurants, Hotels, Mehrzimmer Wohnungen, Intellihomes und gro\u00dfen Veranstaltungsorten. Die einfache\u2026","rel":"","context":"\u00c4hnlicher Beitrag","block_context":{"text":"\u00c4hnlicher Beitrag","link":""},"img":{"alt_text":"Multi Room Audio Player \u2013 Verwalten eine Vielzahl von Audio Streams mit nur einem Computer","src":"https:\/\/i0.wp.com\/multiroomaudioplayer.com\/wp-content\/uploads\/2014\/03\/multi-room-audio-player-art-1-1024x576.png?resize=350%2C200&ssl=1","width":350,"height":200,"srcset":"https:\/\/i0.wp.com\/multiroomaudioplayer.com\/wp-content\/uploads\/2014\/03\/multi-room-audio-player-art-1-1024x576.png?resize=350%2C200&ssl=1 1x, https:\/\/i0.wp.com\/multiroomaudioplayer.com\/wp-content\/uploads\/2014\/03\/multi-room-audio-player-art-1-1024x576.png?resize=525%2C300&ssl=1 1.5x, https:\/\/i0.wp.com\/multiroomaudioplayer.com\/wp-content\/uploads\/2014\/03\/multi-room-audio-player-art-1-1024x576.png?resize=700%2C400&ssl=1 2x"},"classes":[]},{"id":1124,"url":"https:\/\/multiroomaudioplayer.com\/de\/download\/","url_meta":{"origin":1415,"position":2},"title":"Multi Room Audio Player herunterladen","author":"AudioEngineer","date":"August 16, 2016","format":false,"excerpt":"Der Multi Room Audio Player wird als Shareware vertrieben. Sie k\u00f6nnen die Testversion unsere Anwendung herunterladen und gratis testen. Diese Testversion ist f\u00fcr 30 Tage g\u00fcltig und es k\u00f6nnen alle Funktionen verwendet werden. Sie k\u00f6nnen den Mehrzimmer Audio Player als selbstextrahierende und digital unterzeichnete EXE Datei (eine Sicherheitswarnung kann erscheinen),\u2026","rel":"","context":"\u00c4hnlicher Beitrag","block_context":{"text":"\u00c4hnlicher Beitrag","link":""},"img":{"alt_text":"download button","src":"\/wp-content\/uploads\/2015\/05\/btn_download.png","width":350,"height":200},"classes":[]},{"id":1114,"url":"https:\/\/multiroomaudioplayer.com\/de\/buy\/","url_meta":{"origin":1415,"position":3},"title":"Multi Room Audio Player kaufen","author":"AudioEngineer","date":"August 16, 2016","format":false,"excerpt":"Die einfachste Art und Weise unsere Produkte zu kaufen ist eine Anmeldung auf einer Seite eines Drittanbieters f\u00fcr Abrechnungsdiensten von PayPro. Dieser Service bietet unterschiedliche offline Bestelloptionen \u2013 per Telefon, Post, Fax oder \u00dcberweisung. Sie k\u00f6nnen unsere Anwendung mit Kreditkarte, \u00dcberweisung, Telefon, Fax, Post, Scheck, Postanweisung oder PayPal bestellen. F\u00fcr\u2026","rel":"","context":"\u00c4hnlicher Beitrag","block_context":{"text":"\u00c4hnlicher Beitrag","link":""},"img":{"alt_text":"","src":"","width":0,"height":0},"classes":[]},{"id":13,"url":"https:\/\/multiroomaudioplayer.com\/en\/multi-room-audio-player-overview\/","url_meta":{"origin":1415,"position":4},"title":"Multi Room Audio Player Overview","author":"AudioEngineer","date":"M\u00e4rz 27, 2014","format":false,"excerpt":"Made With Passion For The Sound Multi Room Audio Player is a professional audio streaming software that allows you to manage multiple audio streams for playing different audio in different rooms. For those who need a centralized audio control center in places such as nightclubs or restaurants, hotels or shops,\u2026","rel":"","context":"\u00c4hnlicher Beitrag","block_context":{"text":"\u00c4hnlicher Beitrag","link":""},"img":{"alt_text":"Multi Room Audio Player perfect for commercial usage","src":"https:\/\/i0.wp.com\/multiroomaudioplayer.com\/wp-content\/uploads\/2014\/03\/multi-room-audio-player-art-2-1024x576.png?resize=350%2C200&ssl=1","width":350,"height":200,"srcset":"https:\/\/i0.wp.com\/multiroomaudioplayer.com\/wp-content\/uploads\/2014\/03\/multi-room-audio-player-art-2-1024x576.png?resize=350%2C200&ssl=1 1x, https:\/\/i0.wp.com\/multiroomaudioplayer.com\/wp-content\/uploads\/2014\/03\/multi-room-audio-player-art-2-1024x576.png?resize=525%2C300&ssl=1 1.5x, https:\/\/i0.wp.com\/multiroomaudioplayer.com\/wp-content\/uploads\/2014\/03\/multi-room-audio-player-art-2-1024x576.png?resize=700%2C400&ssl=1 2x"},"classes":[]},{"id":226,"url":"https:\/\/multiroomaudioplayer.com\/en\/multiroommusicplayer\/","url_meta":{"origin":1415,"position":5},"title":"MultiRoom Music Player","author":"AudioEngineer","date":"Mai 27, 2015","format":false,"excerpt":"\"MultiRoom Music Player is an amazing piece of software plays an important role in the audio chores at our haunted house. By using a very basic computer with a few sound cards, we have so far been able to create 8 separate zones of audio for the haunt, complete with\u2026","rel":"","context":"\u00c4hnlicher Beitrag","block_context":{"text":"\u00c4hnlicher Beitrag","link":""},"img":{"alt_text":"","src":"","width":0,"height":0},"classes":[]}],"_links":{"self":[{"href":"https:\/\/multiroomaudioplayer.com\/de\/wp-json\/wp\/v2\/pages\/1415","targetHints":{"allow":["GET"]}}],"collection":[{"href":"https:\/\/multiroomaudioplayer.com\/de\/wp-json\/wp\/v2\/pages"}],"about":[{"href":"https:\/\/multiroomaudioplayer.com\/de\/wp-json\/wp\/v2\/types\/page"}],"author":[{"embeddable":true,"href":"https:\/\/multiroomaudioplayer.com\/de\/wp-json\/wp\/v2\/users\/1"}],"replies":[{"embeddable":true,"href":"https:\/\/multiroomaudioplayer.com\/de\/wp-json\/wp\/v2\/comments?post=1415"}],"version-history":[{"count":0,"href":"https:\/\/multiroomaudioplayer.com\/de\/wp-json\/wp\/v2\/pages\/1415\/revisions"}],"wp:attachment":[{"href":"https:\/\/multiroomaudioplayer.com\/de\/wp-json\/wp\/v2\/media?parent=1415"}],"curies":[{"name":"wp","href":"https:\/\/api.w.org\/{rel}","templated":true}]}}