{"id":1128,"date":"2016-08-16T16:48:16","date_gmt":"2016-08-16T14:48:16","guid":{"rendered":"http:\/\/dev.multiroomaudioplayer.com\/de\/?page_id=1128"},"modified":"2023-06-26T15:11:15","modified_gmt":"2023-06-26T13:11:15","slug":"contact","status":"publish","type":"page","link":"https:\/\/multiroomaudioplayer.com\/de\/contact\/","title":{"rendered":"Kontaktieren Sie uns"},"content":{"rendered":"<p>Sollten Sie Fragen, Kommentare oder Vorschl\u00e4ge bez\u00fcglich unseres Produktes haben, dann kontaktieren Sie uns bitte per folgendes Formular. Wir stehen unseren Benutzern stets zur Seite. Bitte versuchen Sie eine Antwort auf unserer <a href=\"https:\/\/multiroomaudioplayer.com\/de\/category\/hilfe\/\">Hilfeseite<\/a> zu finden.<\/p>\n\n<div class=\"wpcf7 no-js\" id=\"wpcf7-f1133-o1\" lang=\"en-US\" dir=\"ltr\" data-wpcf7-id=\"1133\">\n<div class=\"screen-reader-response\"><p role=\"status\" aria-live=\"polite\" aria-atomic=\"true\"><\/p> <ul><\/ul><\/div>\n<form action=\"\/de\/wp-json\/wp\/v2\/pages\/1128#wpcf7-f1133-o1\" method=\"post\" class=\"wpcf7-form init\" aria-label=\"Contact form\" novalidate=\"novalidate\" data-status=\"init\">\n<fieldset class=\"hidden-fields-container\"><input type=\"hidden\" name=\"_wpcf7\" value=\"1133\" \/><input type=\"hidden\" name=\"_wpcf7_version\" value=\"6.1.5\" \/><input type=\"hidden\" name=\"_wpcf7_locale\" value=\"en_US\" \/><input type=\"hidden\" name=\"_wpcf7_unit_tag\" value=\"wpcf7-f1133-o1\" \/><input type=\"hidden\" name=\"_wpcf7_container_post\" value=\"0\" \/><input type=\"hidden\" name=\"_wpcf7_posted_data_hash\" value=\"\" \/>\n<\/fieldset>\n<p>Ihr Name (erfordert)\n<\/p>\n<p><span class=\"wpcf7-form-control-wrap\" data-name=\"your-name\"><input size=\"40\" maxlength=\"400\" class=\"wpcf7-form-control wpcf7-text wpcf7-validates-as-required\" aria-required=\"true\" aria-invalid=\"false\" value=\"\" type=\"text\" name=\"your-name\" \/><\/span>\n<\/p>\n<p>Ihre E-Mail Adresse (erfordert)\n<\/p>\n<p><span class=\"wpcf7-form-control-wrap\" data-name=\"your-email\"><input size=\"40\" maxlength=\"400\" class=\"wpcf7-form-control wpcf7-email wpcf7-validates-as-required wpcf7-text wpcf7-validates-as-email\" aria-required=\"true\" aria-invalid=\"false\" value=\"\" type=\"email\" name=\"your-email\" \/><\/span>\n<\/p>\n<p><span id=\"wpcf7-69d8013dcc397-wrapper\" class=\"wpcf7-form-control-wrap email-644-wrap\" style=\"display:none !important; visibility:hidden !important;\"><label for=\"wpcf7-69d8013dcc397-field\" class=\"hp-message\">Please leave this field empty.<\/label><input id=\"wpcf7-69d8013dcc397-field\"  class=\"wpcf7-form-control wpcf7-text\" type=\"text\" name=\"email-644\" value=\"\" size=\"40\" tabindex=\"-1\" autocomplete=\"off\" \/><\/span>\n<\/p>\n<p>Betreff\n<\/p>\n<p><span class=\"wpcf7-form-control-wrap\" data-name=\"menu-646\"><select class=\"wpcf7-form-control wpcf7-select wpcf7-validates-as-required\" aria-required=\"true\" aria-invalid=\"false\" name=\"menu-646\"><option value=\"Support Frage\">Support Frage<\/option><option value=\"Sales Frage\">Sales Frage<\/option><option value=\"Distribution\">Distribution<\/option><option value=\"Upgrade\">Upgrade<\/option><option value=\"Bug Report\">Bug Report<\/option><option value=\"Lost Registrierungsschl\u00fcssel\">Lost Registrierungsschl\u00fcssel<\/option><option value=\"Feedback\">Feedback<\/option><option value=\"Partner\">Partner<\/option><option value=\"\u00dcbersetzung\">\u00dcbersetzung<\/option><\/select><\/span>\n<\/p>\n<p>Ihre Nachricht\n<\/p>\n<p><span class=\"wpcf7-form-control-wrap\" data-name=\"your-message\"><textarea cols=\"40\" rows=\"10\" maxlength=\"2000\" class=\"wpcf7-form-control wpcf7-textarea\" aria-invalid=\"false\" name=\"your-message\"><\/textarea><\/span>\n<\/p>\n<p><br \/>\n<span class=\"wpcf7-form-control-wrap\" data-name=\"email-3\"><label><span class=\"wpcf7-quiz-label\">2x3= ?<\/span> <input size=\"40\" class=\"wpcf7-form-control wpcf7-quiz\" autocomplete=\"off\" aria-required=\"true\" aria-invalid=\"false\" type=\"text\" name=\"email-3\" \/><\/label><input type=\"hidden\" name=\"_wpcf7_quiz_answer_email-3\" value=\"2872b4e20cbbaf9efaa6c4fa75cc353d\" \/><\/span>\n<\/p>\n<p><input class=\"wpcf7-form-control wpcf7-submit has-spinner\" type=\"submit\" value=\"Senden\" \/>\n<\/p><p style=\"display: none !important;\" class=\"akismet-fields-container\" data-prefix=\"_wpcf7_ak_\"><label>&#916;<textarea name=\"_wpcf7_ak_hp_textarea\" cols=\"45\" rows=\"8\" maxlength=\"100\"><\/textarea><\/label><input type=\"hidden\" id=\"ak_js_1\" name=\"_wpcf7_ak_js\" value=\"170\"\/><script>document.getElementById( \"ak_js_1\" ).setAttribute( \"value\", ( new Date() ).getTime() );<\/script><\/p><div class=\"wpcf7-response-output\" aria-hidden=\"true\"><\/div>\n<\/form>\n<\/div>\n\n<hr \/>\n<p><strong>Postanschrift<\/strong><br \/>\nIvan Gerasymchuk<br \/>\nLesya Kurbasa Str 3<br \/>\n03148 Kyiv<br \/>\nUkraine<\/p>\n<hr \/>\n<p><strong>DUNS Nummer<\/strong><br \/>\n683522912<\/p>\n","protected":false},"excerpt":{"rendered":"<p>Sollten Sie Fragen, Kommentare oder Vorschl\u00e4ge bez\u00fcglich unseres Produktes haben, dann kontaktieren Sie uns bitte per folgendes Formular. Wir stehen unseren Benutzern stets zur Seite. Bitte versuchen Sie eine Antwort auf unserer Hilfeseite zu finden. Postanschrift Ivan Gerasymchuk Lesya Kurbasa Str 3 03148 Kyiv Ukraine DUNS Nummer 683522912<\/p>\n","protected":false},"author":1,"featured_media":0,"parent":0,"menu_order":0,"comment_status":"closed","ping_status":"closed","template":"","meta":{"_monsterinsights_skip_tracking":false,"_monsterinsights_sitenote_active":false,"_monsterinsights_sitenote_note":"","_monsterinsights_sitenote_category":0,"footnotes":""},"class_list":["post-1128","page","type-page","status-publish","hentry"],"yoast_head":"<!-- This site is optimized with the Yoast SEO plugin v27.2 - https:\/\/yoast.com\/product\/yoast-seo-wordpress\/ -->\n<title>Kontaktieren Sie uns - Multi Room Audio Player<\/title>\n<meta name=\"robots\" content=\"index, follow, max-snippet:-1, max-image-preview:large, max-video-preview:-1\" \/>\n<link rel=\"canonical\" href=\"https:\/\/multiroomaudioplayer.com\/de\/contact\/\" \/>\n<meta property=\"og:locale\" content=\"de_DE\" \/>\n<meta property=\"og:type\" content=\"article\" \/>\n<meta property=\"og:title\" content=\"Kontaktieren Sie uns - Multi Room Audio Player\" \/>\n<meta property=\"og:description\" content=\"Sollten Sie Fragen, Kommentare oder Vorschl\u00e4ge bez\u00fcglich unseres Produktes haben, dann kontaktieren Sie uns bitte per folgendes Formular. Wir stehen unseren Benutzern stets zur Seite. Bitte versuchen Sie eine Antwort auf unserer Hilfeseite zu finden. Postanschrift Ivan Gerasymchuk Lesya Kurbasa Str 3 03148 Kyiv Ukraine DUNS Nummer 683522912\" \/>\n<meta property=\"og:url\" content=\"https:\/\/multiroomaudioplayer.com\/de\/contact\/\" \/>\n<meta property=\"og:site_name\" content=\"Multi Room Audio Player\" \/>\n<meta property=\"article:publisher\" content=\"https:\/\/www.facebook.com\/MultiRoomAudioPlayer\" \/>\n<meta property=\"article:modified_time\" content=\"2023-06-26T13:11:15+00:00\" \/>\n<meta name=\"twitter:card\" content=\"summary_large_image\" \/>\n<meta name=\"twitter:site\" content=\"@pistonsoftware\" \/>\n<meta name=\"twitter:label1\" content=\"Gesch\u00e4tzte Lesezeit\" \/>\n\t<meta name=\"twitter:data1\" content=\"1\u00a0Minute\" \/>\n<script type=\"application\/ld+json\" class=\"yoast-schema-graph\">{\"@context\":\"https:\/\/schema.org\",\"@graph\":[{\"@type\":\"WebPage\",\"@id\":\"https:\/\/multiroomaudioplayer.com\/de\/contact\/\",\"url\":\"https:\/\/multiroomaudioplayer.com\/de\/contact\/\",\"name\":\"Kontaktieren Sie uns - Multi Room Audio Player\",\"isPartOf\":{\"@id\":\"https:\/\/multiroomaudioplayer.com\/en\/#website\"},\"datePublished\":\"2016-08-16T14:48:16+00:00\",\"dateModified\":\"2023-06-26T13:11:15+00:00\",\"breadcrumb\":{\"@id\":\"https:\/\/multiroomaudioplayer.com\/de\/contact\/#breadcrumb\"},\"inLanguage\":\"de\",\"potentialAction\":[{\"@type\":\"ReadAction\",\"target\":[\"https:\/\/multiroomaudioplayer.com\/de\/contact\/\"]}]},{\"@type\":\"BreadcrumbList\",\"@id\":\"https:\/\/multiroomaudioplayer.com\/de\/contact\/#breadcrumb\",\"itemListElement\":[{\"@type\":\"ListItem\",\"position\":1,\"name\":\"Home\",\"item\":\"https:\/\/multiroomaudioplayer.com\/de\/\"},{\"@type\":\"ListItem\",\"position\":2,\"name\":\"Kontaktieren Sie uns\"}]},{\"@type\":\"WebSite\",\"@id\":\"https:\/\/multiroomaudioplayer.com\/en\/#website\",\"url\":\"https:\/\/multiroomaudioplayer.com\/en\/\",\"name\":\"Multi Room Audio Player\",\"description\":\"music control software for hotels, shops, clubs, theme parks, zoo, sport centers, haunted houses and intellihome\",\"potentialAction\":[{\"@type\":\"SearchAction\",\"target\":{\"@type\":\"EntryPoint\",\"urlTemplate\":\"https:\/\/multiroomaudioplayer.com\/en\/?s={search_term_string}\"},\"query-input\":{\"@type\":\"PropertyValueSpecification\",\"valueRequired\":true,\"valueName\":\"search_term_string\"}}],\"inLanguage\":\"de\"}]}<\/script>\n<!-- \/ Yoast SEO plugin. -->","yoast_head_json":{"title":"Kontaktieren Sie uns - Multi Room Audio Player","robots":{"index":"index","follow":"follow","max-snippet":"max-snippet:-1","max-image-preview":"max-image-preview:large","max-video-preview":"max-video-preview:-1"},"canonical":"https:\/\/multiroomaudioplayer.com\/de\/contact\/","og_locale":"de_DE","og_type":"article","og_title":"Kontaktieren Sie uns - Multi Room Audio Player","og_description":"Sollten Sie Fragen, Kommentare oder Vorschl\u00e4ge bez\u00fcglich unseres Produktes haben, dann kontaktieren Sie uns bitte per folgendes Formular. Wir stehen unseren Benutzern stets zur Seite. Bitte versuchen Sie eine Antwort auf unserer Hilfeseite zu finden. Postanschrift Ivan Gerasymchuk Lesya Kurbasa Str 3 03148 Kyiv Ukraine DUNS Nummer 683522912","og_url":"https:\/\/multiroomaudioplayer.com\/de\/contact\/","og_site_name":"Multi Room Audio Player","article_publisher":"https:\/\/www.facebook.com\/MultiRoomAudioPlayer","article_modified_time":"2023-06-26T13:11:15+00:00","twitter_card":"summary_large_image","twitter_site":"@pistonsoftware","twitter_misc":{"Gesch\u00e4tzte Lesezeit":"1\u00a0Minute"},"schema":{"@context":"https:\/\/schema.org","@graph":[{"@type":"WebPage","@id":"https:\/\/multiroomaudioplayer.com\/de\/contact\/","url":"https:\/\/multiroomaudioplayer.com\/de\/contact\/","name":"Kontaktieren Sie uns - Multi Room Audio Player","isPartOf":{"@id":"https:\/\/multiroomaudioplayer.com\/en\/#website"},"datePublished":"2016-08-16T14:48:16+00:00","dateModified":"2023-06-26T13:11:15+00:00","breadcrumb":{"@id":"https:\/\/multiroomaudioplayer.com\/de\/contact\/#breadcrumb"},"inLanguage":"de","potentialAction":[{"@type":"ReadAction","target":["https:\/\/multiroomaudioplayer.com\/de\/contact\/"]}]},{"@type":"BreadcrumbList","@id":"https:\/\/multiroomaudioplayer.com\/de\/contact\/#breadcrumb","itemListElement":[{"@type":"ListItem","position":1,"name":"Home","item":"https:\/\/multiroomaudioplayer.com\/de\/"},{"@type":"ListItem","position":2,"name":"Kontaktieren Sie uns"}]},{"@type":"WebSite","@id":"https:\/\/multiroomaudioplayer.com\/en\/#website","url":"https:\/\/multiroomaudioplayer.com\/en\/","name":"Multi Room Audio Player","description":"music control software for hotels, shops, clubs, theme parks, zoo, sport centers, haunted houses and intellihome","potentialAction":[{"@type":"SearchAction","target":{"@type":"EntryPoint","urlTemplate":"https:\/\/multiroomaudioplayer.com\/en\/?s={search_term_string}"},"query-input":{"@type":"PropertyValueSpecification","valueRequired":true,"valueName":"search_term_string"}}],"inLanguage":"de"}]}},"jetpack_sharing_enabled":true,"jetpack-related-posts":[{"id":1114,"url":"https:\/\/multiroomaudioplayer.com\/de\/buy\/","url_meta":{"origin":1128,"position":0},"title":"Multi Room Audio Player kaufen","author":"AudioEngineer","date":"August 16, 2016","format":false,"excerpt":"Die einfachste Art und Weise unsere Produkte zu kaufen ist eine Anmeldung auf einer Seite eines Drittanbieters f\u00fcr Abrechnungsdiensten von PayPro. Dieser Service bietet unterschiedliche offline Bestelloptionen \u2013 per Telefon, Post, Fax oder \u00dcberweisung. Sie k\u00f6nnen unsere Anwendung mit Kreditkarte, \u00dcberweisung, Telefon, Fax, Post, Scheck, Postanweisung oder PayPal bestellen. F\u00fcr\u2026","rel":"","context":"\u00c4hnlicher Beitrag","block_context":{"text":"\u00c4hnlicher Beitrag","link":""},"img":{"alt_text":"","src":"","width":0,"height":0},"classes":[]},{"id":1106,"url":"https:\/\/multiroomaudioplayer.com\/de\/","url_meta":{"origin":1128,"position":1},"title":"Multi Room Audio Player \u00dcbersicht","author":"AudioEngineer","date":"August 14, 2016","format":false,"excerpt":"Aus Leidenschaft f\u00fcr Sound Der Multi Room Audio Player (Mehrzimmer Audio Player) ist eine professionelle Audio Streaming Anwendung die es Ihnen erm\u00f6glicht mehrere Audiostreams in verschiedenen R\u00e4umen abzuspielen. Eine zentrale Audiosteuerung f\u00fcr Nachtclubs oder Restaurants, Hotel oder Gesch\u00e4ft, Fitnessstudio, Sportzentrum, Intellihouse und auch Themenparks oder Zoos oder andere \u00f6ffentliche Pl\u00e4tze\u2026","rel":"","context":"\u00c4hnlicher Beitrag","block_context":{"text":"\u00c4hnlicher Beitrag","link":""},"img":{"alt_text":"Multi Room Audio Player eignet sich perfekt f\u00fcr kommerzielle Verwendung","src":"https:\/\/i0.wp.com\/multiroomaudioplayer.com\/wp-content\/uploads\/2014\/03\/multi-room-audio-player-art-2-1024x576.png?resize=350%2C200&ssl=1","width":350,"height":200,"srcset":"https:\/\/i0.wp.com\/multiroomaudioplayer.com\/wp-content\/uploads\/2014\/03\/multi-room-audio-player-art-2-1024x576.png?resize=350%2C200&ssl=1 1x, https:\/\/i0.wp.com\/multiroomaudioplayer.com\/wp-content\/uploads\/2014\/03\/multi-room-audio-player-art-2-1024x576.png?resize=525%2C300&ssl=1 1.5x, https:\/\/i0.wp.com\/multiroomaudioplayer.com\/wp-content\/uploads\/2014\/03\/multi-room-audio-player-art-2-1024x576.png?resize=700%2C400&ssl=1 2x"},"classes":[]},{"id":1124,"url":"https:\/\/multiroomaudioplayer.com\/de\/download\/","url_meta":{"origin":1128,"position":2},"title":"Multi Room Audio Player herunterladen","author":"AudioEngineer","date":"August 16, 2016","format":false,"excerpt":"Der Multi Room Audio Player wird als Shareware vertrieben. Sie k\u00f6nnen die Testversion unsere Anwendung herunterladen und gratis testen. Diese Testversion ist f\u00fcr 30 Tage g\u00fcltig und es k\u00f6nnen alle Funktionen verwendet werden. Sie k\u00f6nnen den Mehrzimmer Audio Player als selbstextrahierende und digital unterzeichnete EXE Datei (eine Sicherheitswarnung kann erscheinen),\u2026","rel":"","context":"\u00c4hnlicher Beitrag","block_context":{"text":"\u00c4hnlicher Beitrag","link":""},"img":{"alt_text":"download button","src":"\/wp-content\/uploads\/2015\/05\/btn_download.png","width":350,"height":200},"classes":[]},{"id":1117,"url":"https:\/\/multiroomaudioplayer.com\/de\/features\/","url_meta":{"origin":1128,"position":3},"title":"Multi Room Audio Player Funktionen","author":"AudioEngineer","date":"August 16, 2016","format":false,"excerpt":"Der Multi Room Audio Player entstand aus einer Zusammenarbeit mit professionellen Soundtechnikern basierend auf die Anforderungen von DJs, kreativen Vorgesetzten und anderen Personen die sich mit der Musiksteuerung befassen. Hierbei handelt es sich um eine komplette Audio L\u00f6sung f\u00fcr Clubs, Restaurants, Hotels, Mehrzimmer Wohnungen, Intellihomes und gro\u00dfen Veranstaltungsorten. Die einfache\u2026","rel":"","context":"\u00c4hnlicher Beitrag","block_context":{"text":"\u00c4hnlicher Beitrag","link":""},"img":{"alt_text":"Multi Room Audio Player \u2013 Verwalten eine Vielzahl von Audio Streams mit nur einem Computer","src":"https:\/\/i0.wp.com\/multiroomaudioplayer.com\/wp-content\/uploads\/2014\/03\/multi-room-audio-player-art-1-1024x576.png?resize=350%2C200&ssl=1","width":350,"height":200,"srcset":"https:\/\/i0.wp.com\/multiroomaudioplayer.com\/wp-content\/uploads\/2014\/03\/multi-room-audio-player-art-1-1024x576.png?resize=350%2C200&ssl=1 1x, https:\/\/i0.wp.com\/multiroomaudioplayer.com\/wp-content\/uploads\/2014\/03\/multi-room-audio-player-art-1-1024x576.png?resize=525%2C300&ssl=1 1.5x, https:\/\/i0.wp.com\/multiroomaudioplayer.com\/wp-content\/uploads\/2014\/03\/multi-room-audio-player-art-1-1024x576.png?resize=700%2C400&ssl=1 2x"},"classes":[]},{"id":1415,"url":"https:\/\/multiroomaudioplayer.com\/de\/multiroommusicplayer\/","url_meta":{"origin":1128,"position":4},"title":"Mehrzimmer Music Player","author":"AudioEngineer","date":"August 17, 2016","format":false,"excerpt":"\"MultiRoom Music Player ist eine gro\u00dfartige Anwendung und spielt eine wichtige Rolle in unserem Spukhaus. Durch die Verwendung eines Computers mit einigen Soundkarten sind wir nun dazu in der Lage 8 separate Zonen f\u00fcr Audio zu verwenden. Alle Zonen unterst\u00fctzen nun Abspiellisten und automatische Startfunktion. Wir haben das gesamte Programm\u2026","rel":"","context":"\u00c4hnlicher Beitrag","block_context":{"text":"\u00c4hnlicher Beitrag","link":""},"img":{"alt_text":"","src":"","width":0,"height":0},"classes":[]},{"id":130,"url":"https:\/\/multiroomaudioplayer.com\/en\/contact\/","url_meta":{"origin":1128,"position":5},"title":"Contact Us","author":"AudioEngineer","date":"Mai 25, 2015","format":false,"excerpt":"If you have any questions, comments, or suggestions regarding our product, please contact us using the form below. We are always ready to help our users. Please try to find an answer to your question in our help section. Mailing Address Ivan Gerasymchuk Lesya Kurbasa Str 3 03148 Kyiv Ukraine\u2026","rel":"","context":"\u00c4hnlicher Beitrag","block_context":{"text":"\u00c4hnlicher Beitrag","link":""},"img":{"alt_text":"","src":"","width":0,"height":0},"classes":[]}],"_links":{"self":[{"href":"https:\/\/multiroomaudioplayer.com\/de\/wp-json\/wp\/v2\/pages\/1128","targetHints":{"allow":["GET"]}}],"collection":[{"href":"https:\/\/multiroomaudioplayer.com\/de\/wp-json\/wp\/v2\/pages"}],"about":[{"href":"https:\/\/multiroomaudioplayer.com\/de\/wp-json\/wp\/v2\/types\/page"}],"author":[{"embeddable":true,"href":"https:\/\/multiroomaudioplayer.com\/de\/wp-json\/wp\/v2\/users\/1"}],"replies":[{"embeddable":true,"href":"https:\/\/multiroomaudioplayer.com\/de\/wp-json\/wp\/v2\/comments?post=1128"}],"version-history":[{"count":1,"href":"https:\/\/multiroomaudioplayer.com\/de\/wp-json\/wp\/v2\/pages\/1128\/revisions"}],"predecessor-version":[{"id":2320,"href":"https:\/\/multiroomaudioplayer.com\/de\/wp-json\/wp\/v2\/pages\/1128\/revisions\/2320"}],"wp:attachment":[{"href":"https:\/\/multiroomaudioplayer.com\/de\/wp-json\/wp\/v2\/media?parent=1128"}],"curies":[{"name":"wp","href":"https:\/\/api.w.org\/{rel}","templated":true}]}}