{"id":1124,"date":"2016-08-16T16:38:42","date_gmt":"2016-08-16T14:38:42","guid":{"rendered":"http:\/\/dev.multiroomaudioplayer.com\/de\/?page_id=1124"},"modified":"2026-03-22T20:17:10","modified_gmt":"2026-03-22T19:17:10","slug":"download","status":"publish","type":"page","link":"https:\/\/multiroomaudioplayer.com\/de\/download\/","title":{"rendered":"Multi Room Audio Player herunterladen"},"content":{"rendered":"<p>Der <strong>Multi Room Audio Player<\/strong> wird als Shareware vertrieben. Sie k\u00f6nnen die Testversion unsere Anwendung herunterladen und gratis testen. Diese Testversion ist f\u00fcr 30 Tage g\u00fcltig und es k\u00f6nnen alle Funktionen verwendet werden. Sie k\u00f6nnen den Mehrzimmer Audio Player als selbstextrahierende und digital unterzeichnete EXE Datei (eine Sicherheitswarnung kann erscheinen), im ZIP oder RAR Archiv Format herunterladen.<\/p>\n<p style=\"text-align: center;\"><b>Multi Zone Audio Player <\/b>\u00a07<\/p>\n<p style=\"text-align: center;\">released Mar 2026, file size 48,5 MB<\/p>\n<p style=\"text-align: center;\"><a id=\"download-button\" href=\"\/download\/MZAP-Setup.exe\"><img loading=\"lazy\" decoding=\"async\" class=\"alignnone size-full wp-image-192\" src=\"\/wp-content\/uploads\/2015\/05\/btn_download.png\" alt=\"download button\" width=\"135\" height=\"35\" \/><\/a><\/p>\n<hr \/>\n<p style=\"text-align: center;\"><b>Multi Room Audio Player<\/b>\u00a05<\/p>\n<p style=\"text-align: center;\">Juli 2025, 8,5 MB<\/p>\n<p style=\"text-align: center;\"><a id=\"download-button\" href=\"\/download\/multi-room-audio-player.exe\"><img loading=\"lazy\" decoding=\"async\" class=\"alignnone size-full wp-image-192\" src=\"\/wp-content\/uploads\/2015\/05\/btn_download.png\" alt=\"download button\" width=\"135\" height=\"35\" \/><\/a><\/p>\n<p style=\"text-align: center;\"><a id=\"download-exe\" href=\"\/download\/multi-room-audio-player.exe\">EXE<\/a> <a id=\"download-zip\" href=\"\/download\/multi-room-audio-player.zip\">ZIP<\/a> <a id=\"download-rar\" href=\"\/download\/multi-room-audio-player.rar\">RAR<\/a><\/p>\n<p>Diese Versionen sind mit Microsoft Windows 10 und h\u00f6her kompatibel.<\/p>\n<h2><b>Wie installiert man die Anwendung?<\/b><\/h2>\n<p>Starten Sie die heruntergeladene Datei und folgen Sie den Anweisungen auf dem Bildschirm. Sie k\u00f6nnen den <strong>Multi Room Audio Player<\/strong> aus dem Programm Men\u00fc (Start Knopf) oder durch einen Klick auf das Programmsymbol auf Ihrem Desktop starten. Die Installationsdatei wurde digital unterzeichnet.<\/p>\n<p>Sollten Sie eine komprimierte Datei heruntergeladen haben, dann muss deren Inhalt zuerst in einen tempor\u00e4ren Ordner entpackt werden. Starten Sie anschlie\u00dfend die multi-room-audio-player.exe Datei und folgen den Anweisungen. Nach erfolgreicher Installation k\u00f6nnen Sie das Programm aus der neu erstellen Programmgruppe starten.<\/p>\n","protected":false},"excerpt":{"rendered":"<p>Der Multi Room Audio Player wird als Shareware vertrieben. Sie k\u00f6nnen die Testversion unsere Anwendung herunterladen und gratis testen. Diese Testversion ist f\u00fcr 30 Tage g\u00fcltig und es k\u00f6nnen alle Funktionen verwendet werden. Sie k\u00f6nnen den Mehrzimmer Audio Player als selbstextrahierende und digital unterzeichnete EXE Datei (eine Sicherheitswarnung kann erscheinen), im ZIP oder RAR Archiv <a class=\"more-link\" href=\"https:\/\/multiroomaudioplayer.com\/de\/download\/\">Read More &#8230;<\/a><\/p>\n","protected":false},"author":1,"featured_media":0,"parent":0,"menu_order":0,"comment_status":"closed","ping_status":"open","template":"","meta":{"_monsterinsights_skip_tracking":false,"_monsterinsights_sitenote_active":false,"_monsterinsights_sitenote_note":"","_monsterinsights_sitenote_category":0,"footnotes":""},"class_list":["post-1124","page","type-page","status-publish","hentry"],"yoast_head":"<!-- This site is optimized with the Yoast SEO plugin v27.2 - https:\/\/yoast.com\/product\/yoast-seo-wordpress\/ -->\n<title>Multi Room Audio Player herunterladen - Multi Room Audio Player<\/title>\n<meta name=\"robots\" content=\"index, follow, max-snippet:-1, max-image-preview:large, max-video-preview:-1\" \/>\n<link rel=\"canonical\" href=\"https:\/\/multiroomaudioplayer.com\/de\/download\/\" \/>\n<meta property=\"og:locale\" content=\"de_DE\" \/>\n<meta property=\"og:type\" content=\"article\" \/>\n<meta property=\"og:title\" content=\"Multi Room Audio Player herunterladen - Multi Room Audio Player\" \/>\n<meta property=\"og:description\" content=\"Der Multi Room Audio Player wird als Shareware vertrieben. Sie k\u00f6nnen die Testversion unsere Anwendung herunterladen und gratis testen. Diese Testversion ist f\u00fcr 30 Tage g\u00fcltig und es k\u00f6nnen alle Funktionen verwendet werden. Sie k\u00f6nnen den Mehrzimmer Audio Player als selbstextrahierende und digital unterzeichnete EXE Datei (eine Sicherheitswarnung kann erscheinen), im ZIP oder RAR Archiv Read More ...\" \/>\n<meta property=\"og:url\" content=\"https:\/\/multiroomaudioplayer.com\/de\/download\/\" \/>\n<meta property=\"og:site_name\" content=\"Multi Room Audio Player\" \/>\n<meta property=\"article:publisher\" content=\"https:\/\/www.facebook.com\/MultiRoomAudioPlayer\" \/>\n<meta property=\"article:modified_time\" content=\"2026-03-22T19:17:10+00:00\" \/>\n<meta name=\"twitter:card\" content=\"summary_large_image\" \/>\n<meta name=\"twitter:site\" content=\"@pistonsoftware\" \/>\n<meta name=\"twitter:label1\" content=\"Gesch\u00e4tzte Lesezeit\" \/>\n\t<meta name=\"twitter:data1\" content=\"2\u00a0Minuten\" \/>\n<script type=\"application\/ld+json\" class=\"yoast-schema-graph\">{\"@context\":\"https:\/\/schema.org\",\"@graph\":[{\"@type\":\"WebPage\",\"@id\":\"https:\/\/multiroomaudioplayer.com\/de\/download\/\",\"url\":\"https:\/\/multiroomaudioplayer.com\/de\/download\/\",\"name\":\"Multi Room Audio Player herunterladen - Multi Room Audio Player\",\"isPartOf\":{\"@id\":\"https:\/\/multiroomaudioplayer.com\/en\/#website\"},\"datePublished\":\"2016-08-16T14:38:42+00:00\",\"dateModified\":\"2026-03-22T19:17:10+00:00\",\"breadcrumb\":{\"@id\":\"https:\/\/multiroomaudioplayer.com\/de\/download\/#breadcrumb\"},\"inLanguage\":\"de\",\"potentialAction\":[{\"@type\":\"ReadAction\",\"target\":[\"https:\/\/multiroomaudioplayer.com\/de\/download\/\"]}]},{\"@type\":\"BreadcrumbList\",\"@id\":\"https:\/\/multiroomaudioplayer.com\/de\/download\/#breadcrumb\",\"itemListElement\":[{\"@type\":\"ListItem\",\"position\":1,\"name\":\"Home\",\"item\":\"https:\/\/multiroomaudioplayer.com\/de\/\"},{\"@type\":\"ListItem\",\"position\":2,\"name\":\"Multi Room Audio Player herunterladen\"}]},{\"@type\":\"WebSite\",\"@id\":\"https:\/\/multiroomaudioplayer.com\/en\/#website\",\"url\":\"https:\/\/multiroomaudioplayer.com\/en\/\",\"name\":\"Multi Room Audio Player\",\"description\":\"music control software for hotels, shops, clubs, theme parks, zoo, sport centers, haunted houses and intellihome\",\"potentialAction\":[{\"@type\":\"SearchAction\",\"target\":{\"@type\":\"EntryPoint\",\"urlTemplate\":\"https:\/\/multiroomaudioplayer.com\/en\/?s={search_term_string}\"},\"query-input\":{\"@type\":\"PropertyValueSpecification\",\"valueRequired\":true,\"valueName\":\"search_term_string\"}}],\"inLanguage\":\"de\"}]}<\/script>\n<!-- \/ Yoast SEO plugin. -->","yoast_head_json":{"title":"Multi Room Audio Player herunterladen - Multi Room Audio Player","robots":{"index":"index","follow":"follow","max-snippet":"max-snippet:-1","max-image-preview":"max-image-preview:large","max-video-preview":"max-video-preview:-1"},"canonical":"https:\/\/multiroomaudioplayer.com\/de\/download\/","og_locale":"de_DE","og_type":"article","og_title":"Multi Room Audio Player herunterladen - Multi Room Audio Player","og_description":"Der Multi Room Audio Player wird als Shareware vertrieben. Sie k\u00f6nnen die Testversion unsere Anwendung herunterladen und gratis testen. Diese Testversion ist f\u00fcr 30 Tage g\u00fcltig und es k\u00f6nnen alle Funktionen verwendet werden. Sie k\u00f6nnen den Mehrzimmer Audio Player als selbstextrahierende und digital unterzeichnete EXE Datei (eine Sicherheitswarnung kann erscheinen), im ZIP oder RAR Archiv Read More ...","og_url":"https:\/\/multiroomaudioplayer.com\/de\/download\/","og_site_name":"Multi Room Audio Player","article_publisher":"https:\/\/www.facebook.com\/MultiRoomAudioPlayer","article_modified_time":"2026-03-22T19:17:10+00:00","twitter_card":"summary_large_image","twitter_site":"@pistonsoftware","twitter_misc":{"Gesch\u00e4tzte Lesezeit":"2\u00a0Minuten"},"schema":{"@context":"https:\/\/schema.org","@graph":[{"@type":"WebPage","@id":"https:\/\/multiroomaudioplayer.com\/de\/download\/","url":"https:\/\/multiroomaudioplayer.com\/de\/download\/","name":"Multi Room Audio Player herunterladen - Multi Room Audio Player","isPartOf":{"@id":"https:\/\/multiroomaudioplayer.com\/en\/#website"},"datePublished":"2016-08-16T14:38:42+00:00","dateModified":"2026-03-22T19:17:10+00:00","breadcrumb":{"@id":"https:\/\/multiroomaudioplayer.com\/de\/download\/#breadcrumb"},"inLanguage":"de","potentialAction":[{"@type":"ReadAction","target":["https:\/\/multiroomaudioplayer.com\/de\/download\/"]}]},{"@type":"BreadcrumbList","@id":"https:\/\/multiroomaudioplayer.com\/de\/download\/#breadcrumb","itemListElement":[{"@type":"ListItem","position":1,"name":"Home","item":"https:\/\/multiroomaudioplayer.com\/de\/"},{"@type":"ListItem","position":2,"name":"Multi Room Audio Player herunterladen"}]},{"@type":"WebSite","@id":"https:\/\/multiroomaudioplayer.com\/en\/#website","url":"https:\/\/multiroomaudioplayer.com\/en\/","name":"Multi Room Audio Player","description":"music control software for hotels, shops, clubs, theme parks, zoo, sport centers, haunted houses and intellihome","potentialAction":[{"@type":"SearchAction","target":{"@type":"EntryPoint","urlTemplate":"https:\/\/multiroomaudioplayer.com\/en\/?s={search_term_string}"},"query-input":{"@type":"PropertyValueSpecification","valueRequired":true,"valueName":"search_term_string"}}],"inLanguage":"de"}]}},"jetpack_sharing_enabled":true,"jetpack-related-posts":[{"id":1106,"url":"https:\/\/multiroomaudioplayer.com\/de\/","url_meta":{"origin":1124,"position":0},"title":"Multi Room Audio Player \u00dcbersicht","author":"AudioEngineer","date":"August 14, 2016","format":false,"excerpt":"Aus Leidenschaft f\u00fcr Sound Der Multi Room Audio Player (Mehrzimmer Audio Player) ist eine professionelle Audio Streaming Anwendung die es Ihnen erm\u00f6glicht mehrere Audiostreams in verschiedenen R\u00e4umen abzuspielen. Eine zentrale Audiosteuerung f\u00fcr Nachtclubs oder Restaurants, Hotel oder Gesch\u00e4ft, Fitnessstudio, Sportzentrum, Intellihouse und auch Themenparks oder Zoos oder andere \u00f6ffentliche Pl\u00e4tze\u2026","rel":"","context":"\u00c4hnlicher Beitrag","block_context":{"text":"\u00c4hnlicher Beitrag","link":""},"img":{"alt_text":"Multi Room Audio Player eignet sich perfekt f\u00fcr kommerzielle Verwendung","src":"https:\/\/i0.wp.com\/multiroomaudioplayer.com\/wp-content\/uploads\/2014\/03\/multi-room-audio-player-art-2-1024x576.png?resize=350%2C200&ssl=1","width":350,"height":200,"srcset":"https:\/\/i0.wp.com\/multiroomaudioplayer.com\/wp-content\/uploads\/2014\/03\/multi-room-audio-player-art-2-1024x576.png?resize=350%2C200&ssl=1 1x, https:\/\/i0.wp.com\/multiroomaudioplayer.com\/wp-content\/uploads\/2014\/03\/multi-room-audio-player-art-2-1024x576.png?resize=525%2C300&ssl=1 1.5x, https:\/\/i0.wp.com\/multiroomaudioplayer.com\/wp-content\/uploads\/2014\/03\/multi-room-audio-player-art-2-1024x576.png?resize=700%2C400&ssl=1 2x"},"classes":[]},{"id":1117,"url":"https:\/\/multiroomaudioplayer.com\/de\/features\/","url_meta":{"origin":1124,"position":1},"title":"Multi Room Audio Player Funktionen","author":"AudioEngineer","date":"August 16, 2016","format":false,"excerpt":"Der Multi Room Audio Player entstand aus einer Zusammenarbeit mit professionellen Soundtechnikern basierend auf die Anforderungen von DJs, kreativen Vorgesetzten und anderen Personen die sich mit der Musiksteuerung befassen. Hierbei handelt es sich um eine komplette Audio L\u00f6sung f\u00fcr Clubs, Restaurants, Hotels, Mehrzimmer Wohnungen, Intellihomes und gro\u00dfen Veranstaltungsorten. Die einfache\u2026","rel":"","context":"\u00c4hnlicher Beitrag","block_context":{"text":"\u00c4hnlicher Beitrag","link":""},"img":{"alt_text":"Multi Room Audio Player \u2013 Verwalten eine Vielzahl von Audio Streams mit nur einem Computer","src":"https:\/\/i0.wp.com\/multiroomaudioplayer.com\/wp-content\/uploads\/2014\/03\/multi-room-audio-player-art-1-1024x576.png?resize=350%2C200&ssl=1","width":350,"height":200,"srcset":"https:\/\/i0.wp.com\/multiroomaudioplayer.com\/wp-content\/uploads\/2014\/03\/multi-room-audio-player-art-1-1024x576.png?resize=350%2C200&ssl=1 1x, https:\/\/i0.wp.com\/multiroomaudioplayer.com\/wp-content\/uploads\/2014\/03\/multi-room-audio-player-art-1-1024x576.png?resize=525%2C300&ssl=1 1.5x, https:\/\/i0.wp.com\/multiroomaudioplayer.com\/wp-content\/uploads\/2014\/03\/multi-room-audio-player-art-1-1024x576.png?resize=700%2C400&ssl=1 2x"},"classes":[]},{"id":1114,"url":"https:\/\/multiroomaudioplayer.com\/de\/buy\/","url_meta":{"origin":1124,"position":2},"title":"Multi Room Audio Player kaufen","author":"AudioEngineer","date":"August 16, 2016","format":false,"excerpt":"Die einfachste Art und Weise unsere Produkte zu kaufen ist eine Anmeldung auf einer Seite eines Drittanbieters f\u00fcr Abrechnungsdiensten von PayPro. Dieser Service bietet unterschiedliche offline Bestelloptionen \u2013 per Telefon, Post, Fax oder \u00dcberweisung. Sie k\u00f6nnen unsere Anwendung mit Kreditkarte, \u00dcberweisung, Telefon, Fax, Post, Scheck, Postanweisung oder PayPal bestellen. F\u00fcr\u2026","rel":"","context":"\u00c4hnlicher Beitrag","block_context":{"text":"\u00c4hnlicher Beitrag","link":""},"img":{"alt_text":"","src":"","width":0,"height":0},"classes":[]},{"id":126,"url":"https:\/\/multiroomaudioplayer.com\/en\/download\/","url_meta":{"origin":1124,"position":3},"title":"Download Multi Room Audio Player","author":"AudioEngineer","date":"Mai 25, 2015","format":false,"excerpt":"Multi Room Audio Player is distributed as shareware. You can download an evaluation version of our software and try it for free. This is a full-featured 30-day trial version without any\u00a0restrictions. You can download Multi Room Audio Player in a self-extracting digitally signed executable EXE file (a security warning may\u2026","rel":"","context":"\u00c4hnlicher Beitrag","block_context":{"text":"\u00c4hnlicher Beitrag","link":""},"img":{"alt_text":"download button","src":"\/wp-content\/uploads\/2015\/05\/btn_download.png","width":350,"height":200},"classes":[]},{"id":379,"url":"https:\/\/multiroomaudioplayer.com\/ru\/download\/","url_meta":{"origin":1124,"position":4},"title":"\u0421\u043a\u0430\u0447\u0430\u0442\u044c \u041c\u043d\u043e\u0433\u043e\u0437\u043e\u043d\u043d\u044b\u0439 \u0410\u0443\u0434\u0438\u043e \u041f\u0440\u043e\u0438\u0433\u0440\u044b\u0432\u0430\u0442\u0435\u043b\u044c","author":"AudioEngineer","date":"Juli 26, 2015","format":false,"excerpt":"\u0412\u044b \u043c\u043e\u0436\u0435\u0442\u0435 \u0441\u043a\u0430\u0447\u0430\u0442\u044c \u043f\u0440\u043e\u0431\u043d\u0443\u044e \u0432\u0435\u0440\u0441\u0438\u044e \u043f\u0440\u043e\u0433\u0440\u0430\u043c\u043c\u044b \u0430\u0431\u0441\u043e\u043b\u044e\u0442\u043d\u043e \u0431\u0435\u0441\u043f\u043b\u0430\u0442\u043d\u043e \u0438 \u043f\u043e\u043f\u0440\u043e\u0431\u043e\u0432\u0430\u0442\u044c \u0435\u0435 \u043f\u0435\u0440\u0435\u0434 \u043f\u043e\u043a\u0443\u043f\u043a\u043e\u0439 \u0432 \u0442\u0435\u0447\u0435\u043d\u0438\u0438 30 \u0434\u043d\u0435\u0439. \u041f\u043e\u0441\u043b\u0435 \u043f\u043e\u043a\u0443\u043f\u043a\u0438 \u0432\u044b \u0441\u043c\u043e\u0436\u0435\u0442\u0435 \u0438\u0441\u043f\u043e\u043b\u044c\u0437\u043e\u0432\u0430\u0442\u044c Multi Room Audio Player \u0431\u0435\u0437 \u043e\u0433\u0440\u0430\u043d\u0438\u0447\u0435\u043d\u0438\u0439. \u0412\u044b \u043c\u043e\u0436\u0435\u0442\u0435 \u0441\u043a\u0430\u0447\u0430\u0442\u044c Multi Room Audio Player \u0432 EXE, ZIP \u0438\u043b\u0438 RAR \u0444\u043e\u0440\u043c\u0430\u0442\u0430\u0445. Multi Zone Audio Player \u00a07 \u0411\u0435\u0440\u0435\u0437\u0435\u043d\u044c 2026, file size\u2026","rel":"","context":"\u00c4hnlicher Beitrag","block_context":{"text":"\u00c4hnlicher Beitrag","link":""},"img":{"alt_text":"download button","src":"\/wp-content\/uploads\/2015\/05\/btn_download.png","width":350,"height":200},"classes":[]},{"id":381,"url":"https:\/\/multiroomaudioplayer.com\/uk\/download\/","url_meta":{"origin":1124,"position":5},"title":"\u0417\u0430\u0432\u0430\u043d\u0442\u0430\u0436\u0438\u0442\u0438 Multi Room Audio Player","author":"AudioEngineer","date":"Juli 26, 2015","format":false,"excerpt":"Multi Room Audio Player \u043f\u043e\u0448\u0438\u0440\u044e\u0454\u0442\u044c\u0441\u044f \u0437\u0430 \u043b\u0456\u0446\u0435\u043d\u0437\u0456\u0454\u044e \u0441\u043f\u0440\u043e\u0431\u0443\u0439-\u043f\u0435\u0440\u0435\u0434-\u0442\u0438\u043c-\u044f\u043a-\u043a\u0443\u043f\u0438\u0442\u0438. \u0412\u0438 \u043c\u043e\u0436\u0435\u0442\u0435 \u0437\u0430\u0432\u0430\u043d\u0442\u0430\u0436\u0438\u0442\u0438 \u043f\u0440\u043e\u0431\u043d\u0443 \u0432\u0435\u0440\u0441\u0456\u044e \u043d\u0430\u0448\u043e\u0433\u043e \u043f\u0440\u043e\u0433\u0440\u0430\u043c\u043d\u043e\u0433\u043e \u0437\u0430\u0431\u0435\u0437\u043f\u0435\u0447\u0435\u043d\u043d\u044f \u0456 \u0441\u043f\u0440\u043e\u0431\u0443\u0432\u0430\u0442\u0438 \u0457\u0457 \u0431\u0435\u0437\u043a\u043e\u0448\u0442\u043e\u0432\u043d\u043e \u043d\u0430\u043f\u0440\u043e\u0442\u044f\u0437\u0456 30 \u0434\u043d\u0456\u0432 \u0431\u0435\u0437 \u0431\u0443\u0434\u044c-\u044f\u043a\u0438\u0445 \u043e\u0431\u043c\u0435\u0436\u0435\u043d\u044c. \u0412\u0438 \u043c\u043e\u0436\u0435\u0442\u0435 \u0437\u0430\u0432\u0430\u043d\u0442\u0430\u0436\u0438\u0442\u0438\u00a0Multi Room Audio Player\u00a0\u0432 \u0434\u0435\u043a\u0456\u043b\u044c\u043a\u043e\u0445 \u0444\u043e\u0440\u043c\u0430\u0442\u0430\u0445,\u00a0\u00a0\u043f\u0456\u0434\u043f\u0438\u0441\u0430\u043d\u0438\u0439 \u0446\u0438\u0444\u0440\u043e\u0432\u0438\u043c \u043f\u0456\u0434\u043f\u0438\u0441\u043e\u043c EXE \u0444\u0430\u0439\u043b (\u043f\u043e\u043f\u0435\u0440\u0435\u0434\u0436\u0435\u043d\u043d\u044f \u043f\u0440\u043e \u0431\u0435\u0437\u043f\u0435\u043a\u0443 \u043c\u043e\u0436\u0435 \u0437'\u044f\u0432\u0438\u0442\u0438\u0441\u044f), \u0432 ZIP \u0430\u0431\u043e RAR \u0430\u0440\u0445\u0456\u0432\u0430\u0445. Multi Zone\u2026","rel":"","context":"\u00c4hnlicher Beitrag","block_context":{"text":"\u00c4hnlicher Beitrag","link":""},"img":{"alt_text":"download button","src":"\/wp-content\/uploads\/2015\/05\/btn_download.png","width":350,"height":200},"classes":[]}],"_links":{"self":[{"href":"https:\/\/multiroomaudioplayer.com\/de\/wp-json\/wp\/v2\/pages\/1124","targetHints":{"allow":["GET"]}}],"collection":[{"href":"https:\/\/multiroomaudioplayer.com\/de\/wp-json\/wp\/v2\/pages"}],"about":[{"href":"https:\/\/multiroomaudioplayer.com\/de\/wp-json\/wp\/v2\/types\/page"}],"author":[{"embeddable":true,"href":"https:\/\/multiroomaudioplayer.com\/de\/wp-json\/wp\/v2\/users\/1"}],"replies":[{"embeddable":true,"href":"https:\/\/multiroomaudioplayer.com\/de\/wp-json\/wp\/v2\/comments?post=1124"}],"version-history":[{"count":9,"href":"https:\/\/multiroomaudioplayer.com\/de\/wp-json\/wp\/v2\/pages\/1124\/revisions"}],"predecessor-version":[{"id":2455,"href":"https:\/\/multiroomaudioplayer.com\/de\/wp-json\/wp\/v2\/pages\/1124\/revisions\/2455"}],"wp:attachment":[{"href":"https:\/\/multiroomaudioplayer.com\/de\/wp-json\/wp\/v2\/media?parent=1124"}],"curies":[{"name":"wp","href":"https:\/\/api.w.org\/{rel}","templated":true}]}}