{"id":1117,"date":"2016-08-16T15:58:00","date_gmt":"2016-08-16T13:58:00","guid":{"rendered":"http:\/\/dev.multiroomaudioplayer.com\/de\/?page_id=1117"},"modified":"2019-03-11T10:01:11","modified_gmt":"2019-03-11T09:01:11","slug":"features","status":"publish","type":"page","link":"https:\/\/multiroomaudioplayer.com\/de\/features\/","title":{"rendered":"Multi Room Audio Player Funktionen"},"content":{"rendered":"<p>Der <strong>Multi Room Audio Player<\/strong> entstand aus einer Zusammenarbeit mit professionellen Soundtechnikern basierend auf die Anforderungen von DJs, kreativen Vorgesetzten und anderen Personen die sich mit der Musiksteuerung befassen. Hierbei handelt es sich um eine komplette Audio L\u00f6sung f\u00fcr Clubs, Restaurants, Hotels, Mehrzimmer Wohnungen, Intellihomes und gro\u00dfen Veranstaltungsorten. Die einfache und intuitive Benutzeroberfl\u00e4che eignet sich nicht nur f\u00fcr professionelle Soundtechniker, sondern auch f\u00fcr allt\u00e4gliche Audioliebhaber und Personen die Musik in mehreren R\u00e4umlichkeiten abspielen m\u00f6chten.<\/p>\n<p><a href=\"https:\/\/i0.wp.com\/multiroomaudioplayer.com\/wp-content\/uploads\/2014\/03\/multi-room-audio-player-art-1.png\"><img data-recalc-dims=\"1\" loading=\"lazy\" decoding=\"async\" class=\"aligncenter size-large wp-image-310\" src=\"https:\/\/i0.wp.com\/multiroomaudioplayer.com\/wp-content\/uploads\/2014\/03\/multi-room-audio-player-art-1.png?resize=780%2C439&#038;ssl=1\" alt=\"Multi Room Audio Player \u2013 Verwalten eine Vielzahl von Audio Streams mit nur einem Computer\" width=\"780\" height=\"439\" srcset=\"https:\/\/i0.wp.com\/multiroomaudioplayer.com\/wp-content\/uploads\/2014\/03\/multi-room-audio-player-art-1.png?resize=1024%2C576&amp;ssl=1 1024w, https:\/\/i0.wp.com\/multiroomaudioplayer.com\/wp-content\/uploads\/2014\/03\/multi-room-audio-player-art-1.png?resize=300%2C169&amp;ssl=1 300w, https:\/\/i0.wp.com\/multiroomaudioplayer.com\/wp-content\/uploads\/2014\/03\/multi-room-audio-player-art-1.png?resize=350%2C197&amp;ssl=1 350w, https:\/\/i0.wp.com\/multiroomaudioplayer.com\/wp-content\/uploads\/2014\/03\/multi-room-audio-player-art-1.png?resize=860%2C484&amp;ssl=1 860w, https:\/\/i0.wp.com\/multiroomaudioplayer.com\/wp-content\/uploads\/2014\/03\/multi-room-audio-player-art-1.png?w=1400&amp;ssl=1 1400w\" sizes=\"auto, (max-width: 780px) 100vw, 780px\" \/><\/a><\/p>\n<p>Mit Mehrzimmer Audio Player k\u00f6nnen Sie:<\/p>\n<ul>\n<li>Eine beliebige Anzahl von Zonen erstellen und mit nur einem Audio Player verwalten;<\/li>\n<li>Kompatibel mit <strong><a href=\"https:\/\/multiroomaudioplayer.com\/de\/2015\/11\/dante-audio-on-multi-room-audio-player\/\">Audinate Dante<\/a><\/strong> und Hunderten von Dante-f\u00e4higen Produkten;<\/li>\n<li>Musik \u00fcber das Netzwerk steuern. Sehen Sie sich die <a href=\"\/Content\/remote.html\" target=\"_blank\" rel=\"noopener\">Beispielseite f\u00fcr Netzwerksteuerung<\/a> an;<\/li>\n<li>Audio in Bereichen entweder individuell oder zusammen steuern;<\/li>\n<li>Einer Zone ein entsprechendes Audio Ger\u00e4t zuweisen;<\/li>\n<li>MP3, MP3, M4A, AAC, WMA, FLAC, OGG Dateien und M3U Abspiellisten abspielen;<\/li>\n<li>Internet Radio Streams abspielen;<\/li>\n<li>Spotify Abspiellisten abspielen;<\/li>\n<li>Line-In Unterst\u00fctzung f\u00fcr externe Audio Ger\u00e4te (TV, CD\/DVD Player oder Plattenspieler);<\/li>\n<li>Geplante Events erstellen;<\/li>\n<li>Die App per Kommandozeile steuern;<\/li>\n<li>WCF oder REST API verwenden;<\/li>\n<li>Ank\u00fcndigungen mit einer Mikrofonfunktion t\u00e4tigen;<\/li>\n<li>Die eingebaute Musikdatenbank mit Suchfunktionen verwenden;<\/li>\n<li>Abspiellisten mit dem Abspiellistengenerator erzeugen;<\/li>\n<li>Sound mit Hilfe des Equalizers f\u00fcr individuelle Zonen korrigieren;<\/li>\n<li>Jingle Hotkeys verwenden;<\/li>\n<li>Alle traditionellen, eingebauten, semi-professionellen und Pro Soundkarten mit WDM Treibersupport verwenden;<\/li>\n<li>Das Zone Control Fenster f\u00fcr die zentrale \u00dcberwachung und Steuerung aller R\u00e4ume verwenden;<\/li>\n<li>Die einfache und mehrsprachige Benutzeroberfl\u00e4che nutzen.<\/li>\n<\/ul>\n<p>&nbsp;<\/p>\n<p><b>Geplant f\u00fcr die Zukunft:<\/b><\/p>\n<ul>\n<li>Native iPhone\/Android Fernbedienung;<\/li>\n<li>ASIO Audio Karten Unterst\u00fctzung;<\/li>\n<li>Unterst\u00fctzung f\u00fcr Streaming;<\/li>\n<li>Audio Normalisierung;<\/li>\n<li>Mehrere Audioeinstellungen wie Tonh\u00f6he, Tempo, usw.;<\/li>\n<li>&#8222;Solo&#8220; Funktion die eine \u00dcberwachung der Musik von einem lokalen Computer erm\u00f6glicht.<\/li>\n<\/ul>\n<p>Bitte sehen Sie sich die <a href=\"http:\/\/multiroomaudioplayer.com\/de\/\">Multi Room Audio Player \u00dcbersicht<\/a>, das kurze <a href=\"https:\/\/www.youtube.com\/watch?v=T0k1So2WVM4\" target=\"_blank\" rel=\"noopener\">Video<\/a> oder die <a href=\"https:\/\/multiroomaudioplayer.com\/en\/screenshots\/\">Bildschirmfoto<\/a> Seite an.<\/p>\n","protected":false},"excerpt":{"rendered":"<p>Der Multi Room Audio Player entstand aus einer Zusammenarbeit mit professionellen Soundtechnikern basierend auf die Anforderungen von DJs, kreativen Vorgesetzten und anderen Personen die sich mit der Musiksteuerung befassen. Hierbei handelt es sich um eine komplette Audio L\u00f6sung f\u00fcr Clubs, Restaurants, Hotels, Mehrzimmer Wohnungen, Intellihomes und gro\u00dfen Veranstaltungsorten. Die einfache und intuitive Benutzeroberfl\u00e4che eignet sich <a class=\"more-link\" href=\"https:\/\/multiroomaudioplayer.com\/de\/features\/\">Read More &#8230;<\/a><\/p>\n","protected":false},"author":1,"featured_media":0,"parent":0,"menu_order":0,"comment_status":"closed","ping_status":"closed","template":"","meta":{"_monsterinsights_skip_tracking":false,"_monsterinsights_sitenote_active":false,"_monsterinsights_sitenote_note":"","_monsterinsights_sitenote_category":0,"footnotes":""},"class_list":["post-1117","page","type-page","status-publish","hentry"],"yoast_head":"<!-- This site is optimized with the Yoast SEO plugin v27.2 - https:\/\/yoast.com\/product\/yoast-seo-wordpress\/ -->\n<title>Multi Room Audio Player Funktionen - Multi Room Audio Player<\/title>\n<meta name=\"robots\" content=\"index, follow, max-snippet:-1, max-image-preview:large, max-video-preview:-1\" \/>\n<link rel=\"canonical\" href=\"https:\/\/multiroomaudioplayer.com\/de\/features\/\" \/>\n<meta property=\"og:locale\" content=\"de_DE\" \/>\n<meta property=\"og:type\" content=\"article\" \/>\n<meta property=\"og:title\" content=\"Multi Room Audio Player Funktionen - Multi Room Audio Player\" \/>\n<meta property=\"og:description\" content=\"Der Multi Room Audio Player entstand aus einer Zusammenarbeit mit professionellen Soundtechnikern basierend auf die Anforderungen von DJs, kreativen Vorgesetzten und anderen Personen die sich mit der Musiksteuerung befassen. Hierbei handelt es sich um eine komplette Audio L\u00f6sung f\u00fcr Clubs, Restaurants, Hotels, Mehrzimmer Wohnungen, Intellihomes und gro\u00dfen Veranstaltungsorten. Die einfache und intuitive Benutzeroberfl\u00e4che eignet sich Read More ...\" \/>\n<meta property=\"og:url\" content=\"https:\/\/multiroomaudioplayer.com\/de\/features\/\" \/>\n<meta property=\"og:site_name\" content=\"Multi Room Audio Player\" \/>\n<meta property=\"article:publisher\" content=\"https:\/\/www.facebook.com\/MultiRoomAudioPlayer\" \/>\n<meta property=\"article:modified_time\" content=\"2019-03-11T09:01:11+00:00\" \/>\n<meta property=\"og:image\" content=\"https:\/\/multiroomaudioplayer.com\/wp-content\/uploads\/2014\/03\/multi-room-audio-player-art-1-1024x576.png\" \/>\n<meta name=\"twitter:card\" content=\"summary_large_image\" \/>\n<meta name=\"twitter:site\" content=\"@pistonsoftware\" \/>\n<meta name=\"twitter:label1\" content=\"Gesch\u00e4tzte Lesezeit\" \/>\n\t<meta name=\"twitter:data1\" content=\"2\u00a0Minuten\" \/>\n<script type=\"application\/ld+json\" class=\"yoast-schema-graph\">{\"@context\":\"https:\/\/schema.org\",\"@graph\":[{\"@type\":\"WebPage\",\"@id\":\"https:\/\/multiroomaudioplayer.com\/de\/features\/\",\"url\":\"https:\/\/multiroomaudioplayer.com\/de\/features\/\",\"name\":\"Multi Room Audio Player Funktionen - Multi Room Audio Player\",\"isPartOf\":{\"@id\":\"https:\/\/multiroomaudioplayer.com\/en\/#website\"},\"primaryImageOfPage\":{\"@id\":\"https:\/\/multiroomaudioplayer.com\/de\/features\/#primaryimage\"},\"image\":{\"@id\":\"https:\/\/multiroomaudioplayer.com\/de\/features\/#primaryimage\"},\"thumbnailUrl\":\"https:\/\/multiroomaudioplayer.com\/wp-content\/uploads\/2014\/03\/multi-room-audio-player-art-1-1024x576.png\",\"datePublished\":\"2016-08-16T13:58:00+00:00\",\"dateModified\":\"2019-03-11T09:01:11+00:00\",\"breadcrumb\":{\"@id\":\"https:\/\/multiroomaudioplayer.com\/de\/features\/#breadcrumb\"},\"inLanguage\":\"de\",\"potentialAction\":[{\"@type\":\"ReadAction\",\"target\":[\"https:\/\/multiroomaudioplayer.com\/de\/features\/\"]}]},{\"@type\":\"ImageObject\",\"inLanguage\":\"de\",\"@id\":\"https:\/\/multiroomaudioplayer.com\/de\/features\/#primaryimage\",\"url\":\"https:\/\/multiroomaudioplayer.com\/wp-content\/uploads\/2014\/03\/multi-room-audio-player-art-1-1024x576.png\",\"contentUrl\":\"https:\/\/multiroomaudioplayer.com\/wp-content\/uploads\/2014\/03\/multi-room-audio-player-art-1-1024x576.png\"},{\"@type\":\"BreadcrumbList\",\"@id\":\"https:\/\/multiroomaudioplayer.com\/de\/features\/#breadcrumb\",\"itemListElement\":[{\"@type\":\"ListItem\",\"position\":1,\"name\":\"Home\",\"item\":\"https:\/\/multiroomaudioplayer.com\/de\/\"},{\"@type\":\"ListItem\",\"position\":2,\"name\":\"Multi Room Audio Player Funktionen\"}]},{\"@type\":\"WebSite\",\"@id\":\"https:\/\/multiroomaudioplayer.com\/en\/#website\",\"url\":\"https:\/\/multiroomaudioplayer.com\/en\/\",\"name\":\"Multi Room Audio Player\",\"description\":\"music control software for hotels, shops, clubs, theme parks, zoo, sport centers, haunted houses and intellihome\",\"potentialAction\":[{\"@type\":\"SearchAction\",\"target\":{\"@type\":\"EntryPoint\",\"urlTemplate\":\"https:\/\/multiroomaudioplayer.com\/en\/?s={search_term_string}\"},\"query-input\":{\"@type\":\"PropertyValueSpecification\",\"valueRequired\":true,\"valueName\":\"search_term_string\"}}],\"inLanguage\":\"de\"}]}<\/script>\n<!-- \/ Yoast SEO plugin. -->","yoast_head_json":{"title":"Multi Room Audio Player Funktionen - Multi Room Audio Player","robots":{"index":"index","follow":"follow","max-snippet":"max-snippet:-1","max-image-preview":"max-image-preview:large","max-video-preview":"max-video-preview:-1"},"canonical":"https:\/\/multiroomaudioplayer.com\/de\/features\/","og_locale":"de_DE","og_type":"article","og_title":"Multi Room Audio Player Funktionen - Multi Room Audio Player","og_description":"Der Multi Room Audio Player entstand aus einer Zusammenarbeit mit professionellen Soundtechnikern basierend auf die Anforderungen von DJs, kreativen Vorgesetzten und anderen Personen die sich mit der Musiksteuerung befassen. Hierbei handelt es sich um eine komplette Audio L\u00f6sung f\u00fcr Clubs, Restaurants, Hotels, Mehrzimmer Wohnungen, Intellihomes und gro\u00dfen Veranstaltungsorten. Die einfache und intuitive Benutzeroberfl\u00e4che eignet sich Read More ...","og_url":"https:\/\/multiroomaudioplayer.com\/de\/features\/","og_site_name":"Multi Room Audio Player","article_publisher":"https:\/\/www.facebook.com\/MultiRoomAudioPlayer","article_modified_time":"2019-03-11T09:01:11+00:00","og_image":[{"url":"https:\/\/multiroomaudioplayer.com\/wp-content\/uploads\/2014\/03\/multi-room-audio-player-art-1-1024x576.png","type":"","width":"","height":""}],"twitter_card":"summary_large_image","twitter_site":"@pistonsoftware","twitter_misc":{"Gesch\u00e4tzte Lesezeit":"2\u00a0Minuten"},"schema":{"@context":"https:\/\/schema.org","@graph":[{"@type":"WebPage","@id":"https:\/\/multiroomaudioplayer.com\/de\/features\/","url":"https:\/\/multiroomaudioplayer.com\/de\/features\/","name":"Multi Room Audio Player Funktionen - Multi Room Audio Player","isPartOf":{"@id":"https:\/\/multiroomaudioplayer.com\/en\/#website"},"primaryImageOfPage":{"@id":"https:\/\/multiroomaudioplayer.com\/de\/features\/#primaryimage"},"image":{"@id":"https:\/\/multiroomaudioplayer.com\/de\/features\/#primaryimage"},"thumbnailUrl":"https:\/\/multiroomaudioplayer.com\/wp-content\/uploads\/2014\/03\/multi-room-audio-player-art-1-1024x576.png","datePublished":"2016-08-16T13:58:00+00:00","dateModified":"2019-03-11T09:01:11+00:00","breadcrumb":{"@id":"https:\/\/multiroomaudioplayer.com\/de\/features\/#breadcrumb"},"inLanguage":"de","potentialAction":[{"@type":"ReadAction","target":["https:\/\/multiroomaudioplayer.com\/de\/features\/"]}]},{"@type":"ImageObject","inLanguage":"de","@id":"https:\/\/multiroomaudioplayer.com\/de\/features\/#primaryimage","url":"https:\/\/multiroomaudioplayer.com\/wp-content\/uploads\/2014\/03\/multi-room-audio-player-art-1-1024x576.png","contentUrl":"https:\/\/multiroomaudioplayer.com\/wp-content\/uploads\/2014\/03\/multi-room-audio-player-art-1-1024x576.png"},{"@type":"BreadcrumbList","@id":"https:\/\/multiroomaudioplayer.com\/de\/features\/#breadcrumb","itemListElement":[{"@type":"ListItem","position":1,"name":"Home","item":"https:\/\/multiroomaudioplayer.com\/de\/"},{"@type":"ListItem","position":2,"name":"Multi Room Audio Player Funktionen"}]},{"@type":"WebSite","@id":"https:\/\/multiroomaudioplayer.com\/en\/#website","url":"https:\/\/multiroomaudioplayer.com\/en\/","name":"Multi Room Audio Player","description":"music control software for hotels, shops, clubs, theme parks, zoo, sport centers, haunted houses and intellihome","potentialAction":[{"@type":"SearchAction","target":{"@type":"EntryPoint","urlTemplate":"https:\/\/multiroomaudioplayer.com\/en\/?s={search_term_string}"},"query-input":{"@type":"PropertyValueSpecification","valueRequired":true,"valueName":"search_term_string"}}],"inLanguage":"de"}]}},"jetpack_sharing_enabled":true,"jetpack-related-posts":[{"id":1106,"url":"https:\/\/multiroomaudioplayer.com\/de\/","url_meta":{"origin":1117,"position":0},"title":"Multi Room Audio Player \u00dcbersicht","author":"AudioEngineer","date":"August 14, 2016","format":false,"excerpt":"Aus Leidenschaft f\u00fcr Sound Der Multi Room Audio Player (Mehrzimmer Audio Player) ist eine professionelle Audio Streaming Anwendung die es Ihnen erm\u00f6glicht mehrere Audiostreams in verschiedenen R\u00e4umen abzuspielen. Eine zentrale Audiosteuerung f\u00fcr Nachtclubs oder Restaurants, Hotel oder Gesch\u00e4ft, Fitnessstudio, Sportzentrum, Intellihouse und auch Themenparks oder Zoos oder andere \u00f6ffentliche Pl\u00e4tze\u2026","rel":"","context":"\u00c4hnlicher Beitrag","block_context":{"text":"\u00c4hnlicher Beitrag","link":""},"img":{"alt_text":"Multi Room Audio Player eignet sich perfekt f\u00fcr kommerzielle Verwendung","src":"https:\/\/i0.wp.com\/multiroomaudioplayer.com\/wp-content\/uploads\/2014\/03\/multi-room-audio-player-art-2-1024x576.png?resize=350%2C200&ssl=1","width":350,"height":200,"srcset":"https:\/\/i0.wp.com\/multiroomaudioplayer.com\/wp-content\/uploads\/2014\/03\/multi-room-audio-player-art-2-1024x576.png?resize=350%2C200&ssl=1 1x, https:\/\/i0.wp.com\/multiroomaudioplayer.com\/wp-content\/uploads\/2014\/03\/multi-room-audio-player-art-2-1024x576.png?resize=525%2C300&ssl=1 1.5x, https:\/\/i0.wp.com\/multiroomaudioplayer.com\/wp-content\/uploads\/2014\/03\/multi-room-audio-player-art-2-1024x576.png?resize=700%2C400&ssl=1 2x"},"classes":[]},{"id":1114,"url":"https:\/\/multiroomaudioplayer.com\/de\/buy\/","url_meta":{"origin":1117,"position":1},"title":"Multi Room Audio Player kaufen","author":"AudioEngineer","date":"August 16, 2016","format":false,"excerpt":"Die einfachste Art und Weise unsere Produkte zu kaufen ist eine Anmeldung auf einer Seite eines Drittanbieters f\u00fcr Abrechnungsdiensten von PayPro. Dieser Service bietet unterschiedliche offline Bestelloptionen \u2013 per Telefon, Post, Fax oder \u00dcberweisung. Sie k\u00f6nnen unsere Anwendung mit Kreditkarte, \u00dcberweisung, Telefon, Fax, Post, Scheck, Postanweisung oder PayPal bestellen. F\u00fcr\u2026","rel":"","context":"\u00c4hnlicher Beitrag","block_context":{"text":"\u00c4hnlicher Beitrag","link":""},"img":{"alt_text":"","src":"","width":0,"height":0},"classes":[]},{"id":1124,"url":"https:\/\/multiroomaudioplayer.com\/de\/download\/","url_meta":{"origin":1117,"position":2},"title":"Multi Room Audio Player herunterladen","author":"AudioEngineer","date":"August 16, 2016","format":false,"excerpt":"Der Multi Room Audio Player wird als Shareware vertrieben. Sie k\u00f6nnen die Testversion unsere Anwendung herunterladen und gratis testen. Diese Testversion ist f\u00fcr 30 Tage g\u00fcltig und es k\u00f6nnen alle Funktionen verwendet werden. Sie k\u00f6nnen den Mehrzimmer Audio Player als selbstextrahierende und digital unterzeichnete EXE Datei (eine Sicherheitswarnung kann erscheinen),\u2026","rel":"","context":"\u00c4hnlicher Beitrag","block_context":{"text":"\u00c4hnlicher Beitrag","link":""},"img":{"alt_text":"download button","src":"\/wp-content\/uploads\/2015\/05\/btn_download.png","width":350,"height":200},"classes":[]},{"id":1415,"url":"https:\/\/multiroomaudioplayer.com\/de\/multiroommusicplayer\/","url_meta":{"origin":1117,"position":3},"title":"Mehrzimmer Music Player","author":"AudioEngineer","date":"August 17, 2016","format":false,"excerpt":"\"MultiRoom Music Player ist eine gro\u00dfartige Anwendung und spielt eine wichtige Rolle in unserem Spukhaus. Durch die Verwendung eines Computers mit einigen Soundkarten sind wir nun dazu in der Lage 8 separate Zonen f\u00fcr Audio zu verwenden. Alle Zonen unterst\u00fctzen nun Abspiellisten und automatische Startfunktion. Wir haben das gesamte Programm\u2026","rel":"","context":"\u00c4hnlicher Beitrag","block_context":{"text":"\u00c4hnlicher Beitrag","link":""},"img":{"alt_text":"","src":"","width":0,"height":0},"classes":[]},{"id":13,"url":"https:\/\/multiroomaudioplayer.com\/en\/multi-room-audio-player-overview\/","url_meta":{"origin":1117,"position":4},"title":"Multi Room Audio Player Overview","author":"AudioEngineer","date":"M\u00e4rz 27, 2014","format":false,"excerpt":"Made With Passion For The Sound Multi Room Audio Player is a professional audio streaming software that allows you to manage multiple audio streams for playing different audio in different rooms. For those who need a centralized audio control center in places such as nightclubs or restaurants, hotels or shops,\u2026","rel":"","context":"\u00c4hnlicher Beitrag","block_context":{"text":"\u00c4hnlicher Beitrag","link":""},"img":{"alt_text":"Multi Room Audio Player perfect for commercial usage","src":"https:\/\/i0.wp.com\/multiroomaudioplayer.com\/wp-content\/uploads\/2014\/03\/multi-room-audio-player-art-2-1024x576.png?resize=350%2C200&ssl=1","width":350,"height":200,"srcset":"https:\/\/i0.wp.com\/multiroomaudioplayer.com\/wp-content\/uploads\/2014\/03\/multi-room-audio-player-art-2-1024x576.png?resize=350%2C200&ssl=1 1x, https:\/\/i0.wp.com\/multiroomaudioplayer.com\/wp-content\/uploads\/2014\/03\/multi-room-audio-player-art-2-1024x576.png?resize=525%2C300&ssl=1 1.5x, https:\/\/i0.wp.com\/multiroomaudioplayer.com\/wp-content\/uploads\/2014\/03\/multi-room-audio-player-art-2-1024x576.png?resize=700%2C400&ssl=1 2x"},"classes":[]},{"id":670,"url":"https:\/\/multiroomaudioplayer.com\/en\/revision-history\/","url_meta":{"origin":1117,"position":5},"title":"Multi Room Audio Player Revision History","author":"AudioEngineer","date":"Oktober 27, 2015","format":false,"excerpt":"Legend: [+] Added [-] Fixed [*] \u0421hanged\/Improved 25.06.2023 Released Multi Room Audio Player v5.4.8576.18819 Release Notes: [-] Fixed: 32 channels GPIO support. [*] Improved: GPIO monitoring time. 22.03.2019 Released Multi Room Audio Player v5.4.7020.20852 Release Notes: [-] Fixed: few Spotify REST API methods. 12.03.2019 Released Multi Room Audio Player v5.4.7010.29452\u2026","rel":"","context":"\u00c4hnlicher Beitrag","block_context":{"text":"\u00c4hnlicher Beitrag","link":""},"img":{"alt_text":"","src":"","width":0,"height":0},"classes":[]}],"_links":{"self":[{"href":"https:\/\/multiroomaudioplayer.com\/de\/wp-json\/wp\/v2\/pages\/1117","targetHints":{"allow":["GET"]}}],"collection":[{"href":"https:\/\/multiroomaudioplayer.com\/de\/wp-json\/wp\/v2\/pages"}],"about":[{"href":"https:\/\/multiroomaudioplayer.com\/de\/wp-json\/wp\/v2\/types\/page"}],"author":[{"embeddable":true,"href":"https:\/\/multiroomaudioplayer.com\/de\/wp-json\/wp\/v2\/users\/1"}],"replies":[{"embeddable":true,"href":"https:\/\/multiroomaudioplayer.com\/de\/wp-json\/wp\/v2\/comments?post=1117"}],"version-history":[{"count":0,"href":"https:\/\/multiroomaudioplayer.com\/de\/wp-json\/wp\/v2\/pages\/1117\/revisions"}],"wp:attachment":[{"href":"https:\/\/multiroomaudioplayer.com\/de\/wp-json\/wp\/v2\/media?parent=1117"}],"curies":[{"name":"wp","href":"https:\/\/api.w.org\/{rel}","templated":true}]}}