{"id":1114,"date":"2016-08-16T15:28:13","date_gmt":"2016-08-16T13:28:13","guid":{"rendered":"http:\/\/dev.multiroomaudioplayer.com\/de\/?page_id=1114"},"modified":"2026-03-22T20:32:46","modified_gmt":"2026-03-22T19:32:46","slug":"buy","status":"publish","type":"page","link":"https:\/\/multiroomaudioplayer.com\/de\/buy\/","title":{"rendered":"Multi Room Audio Player kaufen"},"content":{"rendered":"<p>Die einfachste Art und Weise unsere Produkte zu kaufen ist eine Anmeldung auf einer Seite eines Drittanbieters f\u00fcr Abrechnungsdiensten von PayPro. Dieser Service bietet unterschiedliche offline Bestelloptionen \u2013 per <strong>Telefon, Post, Fax oder \u00dcberweisung<\/strong>. Sie k\u00f6nnen unsere Anwendung mit <strong>Kreditkarte, \u00dcberweisung, Telefon, Fax, Post, Scheck, Postanweisung oder PayPal<\/strong> bestellen. F\u00fcr eine Bestellung per Post, Fax oder \u00dcberweisung verwenden Sie bitte das online Bestellformular und w\u00e4hlen Sie anschlie\u00dfend eine der Zahlungsoptionen des Formulars.<\/p>\n<table border=\"1\" summary=\"License Table\" width=\"100%\" cellspacing=\"10\" cellpadding=\"10\" align=\"center\">\n<tbody>\n<tr>\n<td height=\"25\"><strong>Lizenz<\/strong><\/td>\n<td align=\"center\"><strong>Preis<\/strong><\/td>\n<td align=\"center\"><strong>Link zur Bestellung<\/strong><\/td>\n<\/tr>\n<tr>\n<td style=\"height: 25px\"><a title=\"Multi Zone Audio Player 7\" href=\"\/\"><strong>Multi Zone Audio Player 7<\/strong><\/a> (Business Lizenz)<br \/>Einmalzahlung<\/td>\n<td class=\"text-center\">$399.95<\/td>\n<td class=\"text-center\"><a title=\"Purchase\" href=\"https:\/\/store.payproglobal.com\/checkout?products%5B1%5D%5Bid%5D=129455&#038;products%5B2%5D%5Bid%5D=1948\"><strong>Jetzt kaufen!<\/strong><\/a><\/td>\n<\/tr>\n<tr>\n<td height=\"25\"><a title=\"Multi Room Audio Player 5\" href=\"\/\"><strong>Multi Room Audio Player 5<\/strong><\/a> (Business Lizenz) Einmalzahlung<\/td>\n<td align=\"center\">\u20ac299.95<\/td>\n<td align=\"center\"><a title=\"Purchase\" href=\"https:\/\/store.payproglobal.com\/checkout?products[1][id]=1978&amp;products[2][id]=1948\" target=\"_blank\" rel=\"noopener noreferrer\"><strong>Jetzt kaufen!<\/strong><\/a><\/td>\n<\/tr>\n<tr>\n<td height=\"25\"><a title=\"Multi Room Audio Player 5\" href=\"\/\"><strong>Multi Room Audio Player 5<\/strong><\/a> (Professional Business Lizenz, GPIO) Einmalzahlung<\/td>\n<td align=\"center\">\u20ac359.95<\/td>\n<td align=\"center\"><a title=\"Purchase\" href=\"https:\/\/store.payproglobal.com\/checkout?products[1][id]=42290&amp;products[2][id]=1948\" target=\"_blank\" rel=\"noopener noreferrer\"><strong>Jetzt kaufen!<\/strong><\/a><\/td>\n<\/tr>\n<tr>\n<td height=\"25\"><a title=\"Multi Room Audio Player 5\" href=\"\/\"><strong>Multi Room Audio Player 5<\/strong><\/a> (Professional Business Lizenz, GPIO)) 1 Jahr Abonnement<\/td>\n<td align=\"center\">\u20ac99.95<\/td>\n<td align=\"center\"><a title=\"Purchase\" href=\"https:\/\/store.payproglobal.com\/checkout?products[1][id]=11306&amp;products[2][id]=1948\" target=\"_blank\" rel=\"noopener noreferrer\"><strong>Abonnieren!<\/strong><\/a><\/td>\n<\/tr>\n<\/tbody>\n<\/table>\n<p>Bitte <a href=\"https:\/\/multiroomaudioplayer.com\/en\/contact\/\">kontaktieren<\/a> Sie uns bez\u00fcglich des Preises f\u00fcr eine <strong>Pers\u00f6nliche Lizenz<\/strong>.<\/p>\n<p>Nach der Anmeldung erhalten Sie die Informationen innerhalb von 12 Stunden per E-Mail. Sollten Sie Fragen bez\u00fcglich der Anmeldung haben, dann kontaktieren Sie uns bitte mit Hilfe des Kontaktformulars.<\/p>\n<p><strong>Die Vorteile einer Anmeldung sind:<\/strong><\/p>\n<ul>\n<li>Gratis Updates f\u00fcr 1 Jahr;<\/li>\n<li>Gratis E-Mail technischer Support f\u00fcr 1 Jahr;<\/li>\n<li>Unbegrenzte Verwendung des Produktes;<\/li>\n<li>Verwendung ohne Einschr\u00e4nkungen.<\/li>\n<\/ul>\n","protected":false},"excerpt":{"rendered":"<p>Die einfachste Art und Weise unsere Produkte zu kaufen ist eine Anmeldung auf einer Seite eines Drittanbieters f\u00fcr Abrechnungsdiensten von PayPro. Dieser Service bietet unterschiedliche offline Bestelloptionen \u2013 per Telefon, Post, Fax oder \u00dcberweisung. Sie k\u00f6nnen unsere Anwendung mit Kreditkarte, \u00dcberweisung, Telefon, Fax, Post, Scheck, Postanweisung oder PayPal bestellen. F\u00fcr eine Bestellung per Post, Fax <a class=\"more-link\" href=\"https:\/\/multiroomaudioplayer.com\/de\/buy\/\">Read More &#8230;<\/a><\/p>\n","protected":false},"author":1,"featured_media":0,"parent":0,"menu_order":0,"comment_status":"closed","ping_status":"open","template":"","meta":{"_monsterinsights_skip_tracking":false,"_monsterinsights_sitenote_active":false,"_monsterinsights_sitenote_note":"","_monsterinsights_sitenote_category":0,"footnotes":""},"class_list":["post-1114","page","type-page","status-publish","hentry"],"yoast_head":"<!-- This site is optimized with the Yoast SEO plugin v27.2 - https:\/\/yoast.com\/product\/yoast-seo-wordpress\/ -->\n<title>Multi Room Audio Player kaufen - Multi Room Audio Player<\/title>\n<meta name=\"robots\" content=\"index, follow, max-snippet:-1, max-image-preview:large, max-video-preview:-1\" \/>\n<link rel=\"canonical\" href=\"https:\/\/multiroomaudioplayer.com\/de\/buy\/\" \/>\n<meta property=\"og:locale\" content=\"de_DE\" \/>\n<meta property=\"og:type\" content=\"article\" \/>\n<meta property=\"og:title\" content=\"Multi Room Audio Player kaufen - Multi Room Audio Player\" \/>\n<meta property=\"og:description\" content=\"Die einfachste Art und Weise unsere Produkte zu kaufen ist eine Anmeldung auf einer Seite eines Drittanbieters f\u00fcr Abrechnungsdiensten von PayPro. Dieser Service bietet unterschiedliche offline Bestelloptionen \u2013 per Telefon, Post, Fax oder \u00dcberweisung. Sie k\u00f6nnen unsere Anwendung mit Kreditkarte, \u00dcberweisung, Telefon, Fax, Post, Scheck, Postanweisung oder PayPal bestellen. F\u00fcr eine Bestellung per Post, Fax Read More ...\" \/>\n<meta property=\"og:url\" content=\"https:\/\/multiroomaudioplayer.com\/de\/buy\/\" \/>\n<meta property=\"og:site_name\" content=\"Multi Room Audio Player\" \/>\n<meta property=\"article:publisher\" content=\"https:\/\/www.facebook.com\/MultiRoomAudioPlayer\" \/>\n<meta property=\"article:modified_time\" content=\"2026-03-22T19:32:46+00:00\" \/>\n<meta name=\"twitter:card\" content=\"summary_large_image\" \/>\n<meta name=\"twitter:site\" content=\"@pistonsoftware\" \/>\n<meta name=\"twitter:label1\" content=\"Gesch\u00e4tzte Lesezeit\" \/>\n\t<meta name=\"twitter:data1\" content=\"1\u00a0Minute\" \/>\n<script type=\"application\/ld+json\" class=\"yoast-schema-graph\">{\"@context\":\"https:\/\/schema.org\",\"@graph\":[{\"@type\":\"WebPage\",\"@id\":\"https:\/\/multiroomaudioplayer.com\/de\/buy\/\",\"url\":\"https:\/\/multiroomaudioplayer.com\/de\/buy\/\",\"name\":\"Multi Room Audio Player kaufen - Multi Room Audio Player\",\"isPartOf\":{\"@id\":\"https:\/\/multiroomaudioplayer.com\/en\/#website\"},\"datePublished\":\"2016-08-16T13:28:13+00:00\",\"dateModified\":\"2026-03-22T19:32:46+00:00\",\"breadcrumb\":{\"@id\":\"https:\/\/multiroomaudioplayer.com\/de\/buy\/#breadcrumb\"},\"inLanguage\":\"de\",\"potentialAction\":[{\"@type\":\"ReadAction\",\"target\":[\"https:\/\/multiroomaudioplayer.com\/de\/buy\/\"]}]},{\"@type\":\"BreadcrumbList\",\"@id\":\"https:\/\/multiroomaudioplayer.com\/de\/buy\/#breadcrumb\",\"itemListElement\":[{\"@type\":\"ListItem\",\"position\":1,\"name\":\"Home\",\"item\":\"https:\/\/multiroomaudioplayer.com\/de\/\"},{\"@type\":\"ListItem\",\"position\":2,\"name\":\"Multi Room Audio Player kaufen\"}]},{\"@type\":\"WebSite\",\"@id\":\"https:\/\/multiroomaudioplayer.com\/en\/#website\",\"url\":\"https:\/\/multiroomaudioplayer.com\/en\/\",\"name\":\"Multi Room Audio Player\",\"description\":\"music control software for hotels, shops, clubs, theme parks, zoo, sport centers, haunted houses and intellihome\",\"potentialAction\":[{\"@type\":\"SearchAction\",\"target\":{\"@type\":\"EntryPoint\",\"urlTemplate\":\"https:\/\/multiroomaudioplayer.com\/en\/?s={search_term_string}\"},\"query-input\":{\"@type\":\"PropertyValueSpecification\",\"valueRequired\":true,\"valueName\":\"search_term_string\"}}],\"inLanguage\":\"de\"}]}<\/script>\n<!-- \/ Yoast SEO plugin. -->","yoast_head_json":{"title":"Multi Room Audio Player kaufen - Multi Room Audio Player","robots":{"index":"index","follow":"follow","max-snippet":"max-snippet:-1","max-image-preview":"max-image-preview:large","max-video-preview":"max-video-preview:-1"},"canonical":"https:\/\/multiroomaudioplayer.com\/de\/buy\/","og_locale":"de_DE","og_type":"article","og_title":"Multi Room Audio Player kaufen - Multi Room Audio Player","og_description":"Die einfachste Art und Weise unsere Produkte zu kaufen ist eine Anmeldung auf einer Seite eines Drittanbieters f\u00fcr Abrechnungsdiensten von PayPro. Dieser Service bietet unterschiedliche offline Bestelloptionen \u2013 per Telefon, Post, Fax oder \u00dcberweisung. Sie k\u00f6nnen unsere Anwendung mit Kreditkarte, \u00dcberweisung, Telefon, Fax, Post, Scheck, Postanweisung oder PayPal bestellen. F\u00fcr eine Bestellung per Post, Fax Read More ...","og_url":"https:\/\/multiroomaudioplayer.com\/de\/buy\/","og_site_name":"Multi Room Audio Player","article_publisher":"https:\/\/www.facebook.com\/MultiRoomAudioPlayer","article_modified_time":"2026-03-22T19:32:46+00:00","twitter_card":"summary_large_image","twitter_site":"@pistonsoftware","twitter_misc":{"Gesch\u00e4tzte Lesezeit":"1\u00a0Minute"},"schema":{"@context":"https:\/\/schema.org","@graph":[{"@type":"WebPage","@id":"https:\/\/multiroomaudioplayer.com\/de\/buy\/","url":"https:\/\/multiroomaudioplayer.com\/de\/buy\/","name":"Multi Room Audio Player kaufen - Multi Room Audio Player","isPartOf":{"@id":"https:\/\/multiroomaudioplayer.com\/en\/#website"},"datePublished":"2016-08-16T13:28:13+00:00","dateModified":"2026-03-22T19:32:46+00:00","breadcrumb":{"@id":"https:\/\/multiroomaudioplayer.com\/de\/buy\/#breadcrumb"},"inLanguage":"de","potentialAction":[{"@type":"ReadAction","target":["https:\/\/multiroomaudioplayer.com\/de\/buy\/"]}]},{"@type":"BreadcrumbList","@id":"https:\/\/multiroomaudioplayer.com\/de\/buy\/#breadcrumb","itemListElement":[{"@type":"ListItem","position":1,"name":"Home","item":"https:\/\/multiroomaudioplayer.com\/de\/"},{"@type":"ListItem","position":2,"name":"Multi Room Audio Player kaufen"}]},{"@type":"WebSite","@id":"https:\/\/multiroomaudioplayer.com\/en\/#website","url":"https:\/\/multiroomaudioplayer.com\/en\/","name":"Multi Room Audio Player","description":"music control software for hotels, shops, clubs, theme parks, zoo, sport centers, haunted houses and intellihome","potentialAction":[{"@type":"SearchAction","target":{"@type":"EntryPoint","urlTemplate":"https:\/\/multiroomaudioplayer.com\/en\/?s={search_term_string}"},"query-input":{"@type":"PropertyValueSpecification","valueRequired":true,"valueName":"search_term_string"}}],"inLanguage":"de"}]}},"jetpack_sharing_enabled":true,"jetpack-related-posts":[{"id":1124,"url":"https:\/\/multiroomaudioplayer.com\/de\/download\/","url_meta":{"origin":1114,"position":0},"title":"Multi Room Audio Player herunterladen","author":"AudioEngineer","date":"August 16, 2016","format":false,"excerpt":"Der Multi Room Audio Player wird als Shareware vertrieben. Sie k\u00f6nnen die Testversion unsere Anwendung herunterladen und gratis testen. Diese Testversion ist f\u00fcr 30 Tage g\u00fcltig und es k\u00f6nnen alle Funktionen verwendet werden. Sie k\u00f6nnen den Mehrzimmer Audio Player als selbstextrahierende und digital unterzeichnete EXE Datei (eine Sicherheitswarnung kann erscheinen),\u2026","rel":"","context":"\u00c4hnlicher Beitrag","block_context":{"text":"\u00c4hnlicher Beitrag","link":""},"img":{"alt_text":"download button","src":"\/wp-content\/uploads\/2015\/05\/btn_download.png","width":350,"height":200},"classes":[]},{"id":1106,"url":"https:\/\/multiroomaudioplayer.com\/de\/","url_meta":{"origin":1114,"position":1},"title":"Multi Room Audio Player \u00dcbersicht","author":"AudioEngineer","date":"August 14, 2016","format":false,"excerpt":"Aus Leidenschaft f\u00fcr Sound Der Multi Room Audio Player (Mehrzimmer Audio Player) ist eine professionelle Audio Streaming Anwendung die es Ihnen erm\u00f6glicht mehrere Audiostreams in verschiedenen R\u00e4umen abzuspielen. Eine zentrale Audiosteuerung f\u00fcr Nachtclubs oder Restaurants, Hotel oder Gesch\u00e4ft, Fitnessstudio, Sportzentrum, Intellihouse und auch Themenparks oder Zoos oder andere \u00f6ffentliche Pl\u00e4tze\u2026","rel":"","context":"\u00c4hnlicher Beitrag","block_context":{"text":"\u00c4hnlicher Beitrag","link":""},"img":{"alt_text":"Multi Room Audio Player eignet sich perfekt f\u00fcr kommerzielle Verwendung","src":"https:\/\/i0.wp.com\/multiroomaudioplayer.com\/wp-content\/uploads\/2014\/03\/multi-room-audio-player-art-2-1024x576.png?resize=350%2C200&ssl=1","width":350,"height":200,"srcset":"https:\/\/i0.wp.com\/multiroomaudioplayer.com\/wp-content\/uploads\/2014\/03\/multi-room-audio-player-art-2-1024x576.png?resize=350%2C200&ssl=1 1x, https:\/\/i0.wp.com\/multiroomaudioplayer.com\/wp-content\/uploads\/2014\/03\/multi-room-audio-player-art-2-1024x576.png?resize=525%2C300&ssl=1 1.5x, https:\/\/i0.wp.com\/multiroomaudioplayer.com\/wp-content\/uploads\/2014\/03\/multi-room-audio-player-art-2-1024x576.png?resize=700%2C400&ssl=1 2x"},"classes":[]},{"id":1117,"url":"https:\/\/multiroomaudioplayer.com\/de\/features\/","url_meta":{"origin":1114,"position":2},"title":"Multi Room Audio Player Funktionen","author":"AudioEngineer","date":"August 16, 2016","format":false,"excerpt":"Der Multi Room Audio Player entstand aus einer Zusammenarbeit mit professionellen Soundtechnikern basierend auf die Anforderungen von DJs, kreativen Vorgesetzten und anderen Personen die sich mit der Musiksteuerung befassen. Hierbei handelt es sich um eine komplette Audio L\u00f6sung f\u00fcr Clubs, Restaurants, Hotels, Mehrzimmer Wohnungen, Intellihomes und gro\u00dfen Veranstaltungsorten. Die einfache\u2026","rel":"","context":"\u00c4hnlicher Beitrag","block_context":{"text":"\u00c4hnlicher Beitrag","link":""},"img":{"alt_text":"Multi Room Audio Player \u2013 Verwalten eine Vielzahl von Audio Streams mit nur einem Computer","src":"https:\/\/i0.wp.com\/multiroomaudioplayer.com\/wp-content\/uploads\/2014\/03\/multi-room-audio-player-art-1-1024x576.png?resize=350%2C200&ssl=1","width":350,"height":200,"srcset":"https:\/\/i0.wp.com\/multiroomaudioplayer.com\/wp-content\/uploads\/2014\/03\/multi-room-audio-player-art-1-1024x576.png?resize=350%2C200&ssl=1 1x, https:\/\/i0.wp.com\/multiroomaudioplayer.com\/wp-content\/uploads\/2014\/03\/multi-room-audio-player-art-1-1024x576.png?resize=525%2C300&ssl=1 1.5x, https:\/\/i0.wp.com\/multiroomaudioplayer.com\/wp-content\/uploads\/2014\/03\/multi-room-audio-player-art-1-1024x576.png?resize=700%2C400&ssl=1 2x"},"classes":[]},{"id":1128,"url":"https:\/\/multiroomaudioplayer.com\/de\/contact\/","url_meta":{"origin":1114,"position":3},"title":"Kontaktieren Sie uns","author":"AudioEngineer","date":"August 16, 2016","format":false,"excerpt":"Sollten Sie Fragen, Kommentare oder Vorschl\u00e4ge bez\u00fcglich unseres Produktes haben, dann kontaktieren Sie uns bitte per folgendes Formular. Wir stehen unseren Benutzern stets zur Seite. Bitte versuchen Sie eine Antwort auf unserer Hilfeseite zu finden. Postanschrift Ivan Gerasymchuk Lesya Kurbasa Str 3 03148 Kyiv Ukraine DUNS Nummer 683522912","rel":"","context":"\u00c4hnlicher Beitrag","block_context":{"text":"\u00c4hnlicher Beitrag","link":""},"img":{"alt_text":"","src":"","width":0,"height":0},"classes":[]},{"id":1415,"url":"https:\/\/multiroomaudioplayer.com\/de\/multiroommusicplayer\/","url_meta":{"origin":1114,"position":4},"title":"Mehrzimmer Music Player","author":"AudioEngineer","date":"August 17, 2016","format":false,"excerpt":"\"MultiRoom Music Player ist eine gro\u00dfartige Anwendung und spielt eine wichtige Rolle in unserem Spukhaus. Durch die Verwendung eines Computers mit einigen Soundkarten sind wir nun dazu in der Lage 8 separate Zonen f\u00fcr Audio zu verwenden. Alle Zonen unterst\u00fctzen nun Abspiellisten und automatische Startfunktion. Wir haben das gesamte Programm\u2026","rel":"","context":"\u00c4hnlicher Beitrag","block_context":{"text":"\u00c4hnlicher Beitrag","link":""},"img":{"alt_text":"","src":"","width":0,"height":0},"classes":[]},{"id":128,"url":"https:\/\/multiroomaudioplayer.com\/en\/buy\/","url_meta":{"origin":1114,"position":5},"title":"Purchase Multi Room Audio Player","author":"AudioEngineer","date":"Mai 25, 2015","format":false,"excerpt":"The best way to purchase our products is to get online registration through a third-party secure billing service provided by PayPro. This service also offers you offline ordering options - by phone, mail, fax, and wire transfer. You can purchase our software using Credit Card, Wire Transfer, Phone, Fax, Mail,\u2026","rel":"","context":"\u00c4hnlicher Beitrag","block_context":{"text":"\u00c4hnlicher Beitrag","link":""},"img":{"alt_text":"","src":"","width":0,"height":0},"classes":[]}],"_links":{"self":[{"href":"https:\/\/multiroomaudioplayer.com\/de\/wp-json\/wp\/v2\/pages\/1114","targetHints":{"allow":["GET"]}}],"collection":[{"href":"https:\/\/multiroomaudioplayer.com\/de\/wp-json\/wp\/v2\/pages"}],"about":[{"href":"https:\/\/multiroomaudioplayer.com\/de\/wp-json\/wp\/v2\/types\/page"}],"author":[{"embeddable":true,"href":"https:\/\/multiroomaudioplayer.com\/de\/wp-json\/wp\/v2\/users\/1"}],"replies":[{"embeddable":true,"href":"https:\/\/multiroomaudioplayer.com\/de\/wp-json\/wp\/v2\/comments?post=1114"}],"version-history":[{"count":5,"href":"https:\/\/multiroomaudioplayer.com\/de\/wp-json\/wp\/v2\/pages\/1114\/revisions"}],"predecessor-version":[{"id":2474,"href":"https:\/\/multiroomaudioplayer.com\/de\/wp-json\/wp\/v2\/pages\/1114\/revisions\/2474"}],"wp:attachment":[{"href":"https:\/\/multiroomaudioplayer.com\/de\/wp-json\/wp\/v2\/media?parent=1114"}],"curies":[{"name":"wp","href":"https:\/\/api.w.org\/{rel}","templated":true}]}}