{"id":1106,"date":"2016-08-14T16:04:23","date_gmt":"2016-08-14T14:04:23","guid":{"rendered":"http:\/\/dev.multiroomaudioplayer.com\/de\/?page_id=1106"},"modified":"2019-03-11T10:02:15","modified_gmt":"2019-03-11T09:02:15","slug":"multi-room-audio-player-uebersicht","status":"publish","type":"page","link":"https:\/\/multiroomaudioplayer.com\/de\/","title":{"rendered":"Multi Room Audio Player \u00dcbersicht"},"content":{"rendered":"<h2>Aus Leidenschaft f\u00fcr Sound<\/h2>\n<div>Der <strong>Multi Room Audio Player<\/strong> (Mehrzimmer Audio Player) ist eine professionelle Audio Streaming Anwendung die es Ihnen erm\u00f6glicht mehrere Audiostreams in verschiedenen R\u00e4umen abzuspielen. Eine zentrale Audiosteuerung f\u00fcr Nachtclubs oder Restaurants, Hotel oder Gesch\u00e4ft, Fitnessstudio, Sportzentrum, Intellihouse und auch Themenparks oder Zoos oder andere \u00f6ffentliche Pl\u00e4tze mit mehreren R\u00e4umen oder Zonen in denen Musik abgespielt wird. Diese Software bietet eine gro\u00dfartige und verl\u00e4ssliche L\u00f6sung f\u00fcr dieses Szenario. Dank des <strong>Multi Zone Audio Player<\/strong> k\u00f6nnen Sie die Wiedergabe von Medien in verschiedenen Zonen eines Veranstaltungsortes steuern. Dies eignet sich hervorragend f\u00fcr eine Vielzahl kommerzieller Umgebungen<\/div>\n<p><iframe loading=\"lazy\" src=\"https:\/\/www.youtube.com\/embed\/T0k1So2WVM4\" width=\"560\" height=\"315\" frameborder=\"0\" allowfullscreen=\"allowfullscreen\"><\/iframe><\/p>\n<div>Die Software wurde entwickelt um mehrere verschiedene Audio Tracks und Abspiellisten auf verschiedenen Kan\u00e4len und verschiedenen Soundkarten wiederzugeben. Dies ist um einiges praktischer als die Verwaltung individueller Audiostreams f\u00fcr einzelne R\u00e4ume.<\/div>\n<p>&nbsp;<\/p>\n<h2>Mehrzimmer Audio Player ist kein gew\u00f6hnlicher Medien Player<\/h2>\n<p>Sie k\u00f6nnen die Multi Room Sound Zonen per Web Browser steuern. Bitte sehen Sie sich die <a href=\"..\/Content\/remote.html\" target=\"_blank\">Beispielsseite f\u00fcr die Soundsteuerung an<\/a>. Der <strong>Mehrzimmer Audio Player<\/strong> wurde speziell f\u00fcr die Optimierung von Audiowiedergabe entwickelt und maximiert die Auslastung Ihrer Hardware. Die Anwendung spart Ihnen dank zentralisierter Steuerung aller Streams eine Menge Zeit. Dies macht den Prozess der Medienwiedergabe und Steuerung zuverl\u00e4ssiger. Audio Tracks k\u00f6nnen nun auf einem jeden Kanal einer Soundkarte wiedergegeben werden. Sollte der Computer zum Beispiel mit einer Soundkarte mit 5.1 Unterst\u00fctzung (6 Kan\u00e4le) ausgestattet sein, dann k\u00f6nnen Sie 6 Abspiellisten zur gleichen Zeit mit einer Liste pro Kanal abspielen. Sollten Sie einen Computer mit vier Audio Ger\u00e4ten und 7.1 Unterst\u00fctzung (acht Kan\u00e4le) haben, dann k\u00f6nnen Sie 32 Abspiellisten abspielen. Sollten Sie also Sound f\u00fcr ein gro\u00dfes Einkaufszentrum, Nachtclub oder einen anderen Veranstaltungsort verwalten m\u00fcssen, dann k\u00f6nnen Sie mit dieser L\u00f6sung verschiedene Abspiellisten f\u00fcr verschiedene R\u00e4umlichkeiten verwalten.<\/p>\n<div><\/div>\n<p><a href=\"https:\/\/i0.wp.com\/multiroomaudioplayer.com\/wp-content\/uploads\/2014\/03\/multi-room-audio-player-art-2.png\"><img data-recalc-dims=\"1\" loading=\"lazy\" decoding=\"async\" class=\"aligncenter size-large wp-image-324\" src=\"https:\/\/i0.wp.com\/multiroomaudioplayer.com\/wp-content\/uploads\/2014\/03\/multi-room-audio-player-art-2.png?resize=780%2C439&#038;ssl=1\" alt=\"Multi Room Audio Player eignet sich perfekt f\u00fcr kommerzielle Verwendung\" width=\"780\" height=\"439\" srcset=\"https:\/\/i0.wp.com\/multiroomaudioplayer.com\/wp-content\/uploads\/2014\/03\/multi-room-audio-player-art-2.png?resize=1024%2C576&amp;ssl=1 1024w, https:\/\/i0.wp.com\/multiroomaudioplayer.com\/wp-content\/uploads\/2014\/03\/multi-room-audio-player-art-2.png?resize=300%2C169&amp;ssl=1 300w, https:\/\/i0.wp.com\/multiroomaudioplayer.com\/wp-content\/uploads\/2014\/03\/multi-room-audio-player-art-2.png?resize=350%2C197&amp;ssl=1 350w, https:\/\/i0.wp.com\/multiroomaudioplayer.com\/wp-content\/uploads\/2014\/03\/multi-room-audio-player-art-2.png?resize=860%2C484&amp;ssl=1 860w, https:\/\/i0.wp.com\/multiroomaudioplayer.com\/wp-content\/uploads\/2014\/03\/multi-room-audio-player-art-2.png?w=1400&amp;ssl=1 1400w\" sizes=\"auto, (max-width: 780px) 100vw, 780px\" \/><\/a><\/p>\n<p>Der <strong>Multi Room Audio Player<\/strong> ist n\u00fctzlich f\u00fcr Personen die Musik in verschiedenen Bereichen, einschlie\u00dflich Zimmern, Fluren und G\u00e4ngen in \u00f6ffentlichen Orten abspielen m\u00f6chten. Dies spart sowohl Zeit als auch Geld, da Sie keine Personen f\u00fcr die Verwaltung der Audio Streams einstellen m\u00fcssen. Im obigen Beispiel k\u00f6nnen Sie die Anwendung f\u00fcr die Verwaltung von Musik in 32 verschiedenen Bereichen eines Geb\u00e4udes verwenden. Sie ben\u00f6tigen keine 32 individuellen Player auf separaten Computern um dies m\u00f6glich zu machen. Stattdessen k\u00f6nnen alle Medien von einem zentralen Computer mit einer Anwendung gesteuert werden. Die Anzahl der R\u00e4ume, die mit der Software unterst\u00fctzt werden k\u00f6nnen, ist nur durch die verf\u00fcgbaren Soundkarten in Ihrem Computer begrenzt. Die meisten Computer der heutigen Zeit bieten eine Unterst\u00fctzung f\u00fcr 5.1 und dies allein gibt Ihnen sechs verf\u00fcgbare Kan\u00e4le. Der Multi Room Audio Player erm\u00f6glicht es Ihnen die Audio Hardware optimal zu nutzen und verwendet individuelle Kan\u00e4le f\u00fcr separate Audio Streams.<\/p>\n<p>Die Software bietet des Weiteren <a href=\"https:\/\/multiroomaudioplayer.com\/en\/features\/\">n\u00fctzliche Funktionen<\/a> f\u00fcr optimale Resultate. Diese sind ein Equalizer mit dessen Hilfe Sie die Audio Sounds von individuellen Zonen anpassen k\u00f6nnen. Sie k\u00f6nnen alle Zonen und Standorte im Player Control Center verwalten. Bitte sehen Sie sich die <a href=\"https:\/\/multiroomaudioplayer.com\/en\/screenshots\/\">Bildschirmfotos<\/a> des Multi Room Audio Player (Mehrzimmer Audio Player) an. Zus\u00e4tzlich zu den bereits genannten Funktionen unterst\u00fctzt die Anwendung verschiedene Audio Formate (MP3, WMA, WAV, M4A, AAC) und auch seltener verwendete Formate wie OGG, FLAC und APE. Kompatibel mit <strong><a href=\"https:\/\/multiroomaudioplayer.com\/de\/2015\/11\/dante-audio-on-multi-room-audio-player\/\">Audinate Dante<\/a><\/strong> und Hunderten von Dante-f\u00e4higen Produkten.<\/p>\n<p>Der <strong>Multi Room Audio Player<\/strong> ist f\u00fcr kommerzielle Nutzung verf\u00fcgbar. <a href=\"\/download\/multi-room-audio-player.exe\">Laden Sie den Multi Zone Audio Player<\/a> jetzt herunter!<\/p>\n","protected":false},"excerpt":{"rendered":"<p>Aus Leidenschaft f\u00fcr Sound Der Multi Room Audio Player (Mehrzimmer Audio Player) ist eine professionelle Audio Streaming Anwendung die es Ihnen erm\u00f6glicht mehrere Audiostreams in verschiedenen R\u00e4umen abzuspielen. Eine zentrale Audiosteuerung f\u00fcr Nachtclubs oder Restaurants, Hotel oder Gesch\u00e4ft, Fitnessstudio, Sportzentrum, Intellihouse und auch Themenparks oder Zoos oder andere \u00f6ffentliche Pl\u00e4tze mit mehreren R\u00e4umen oder Zonen <a class=\"more-link\" href=\"https:\/\/multiroomaudioplayer.com\/de\/\">Read More &#8230;<\/a><\/p>\n","protected":false},"author":1,"featured_media":0,"parent":0,"menu_order":0,"comment_status":"closed","ping_status":"closed","template":"","meta":{"_monsterinsights_skip_tracking":false,"_monsterinsights_sitenote_active":false,"_monsterinsights_sitenote_note":"","_monsterinsights_sitenote_category":0,"footnotes":""},"class_list":["post-1106","page","type-page","status-publish","hentry"],"yoast_head":"<!-- This site is optimized with the Yoast SEO plugin v27.2 - https:\/\/yoast.com\/product\/yoast-seo-wordpress\/ -->\n<title>Multi Room Audio Player \u00dcbersicht - Multi Room Audio Player<\/title>\n<meta name=\"robots\" content=\"index, follow, max-snippet:-1, max-image-preview:large, max-video-preview:-1\" \/>\n<link rel=\"canonical\" href=\"https:\/\/multiroomaudioplayer.com\/de\/\" \/>\n<meta property=\"og:locale\" content=\"de_DE\" \/>\n<meta property=\"og:type\" content=\"article\" \/>\n<meta property=\"og:title\" content=\"Multi Room Audio Player \u00dcbersicht - Multi Room Audio Player\" \/>\n<meta property=\"og:description\" content=\"Aus Leidenschaft f\u00fcr Sound Der Multi Room Audio Player (Mehrzimmer Audio Player) ist eine professionelle Audio Streaming Anwendung die es Ihnen erm\u00f6glicht mehrere Audiostreams in verschiedenen R\u00e4umen abzuspielen. Eine zentrale Audiosteuerung f\u00fcr Nachtclubs oder Restaurants, Hotel oder Gesch\u00e4ft, Fitnessstudio, Sportzentrum, Intellihouse und auch Themenparks oder Zoos oder andere \u00f6ffentliche Pl\u00e4tze mit mehreren R\u00e4umen oder Zonen Read More ...\" \/>\n<meta property=\"og:url\" content=\"https:\/\/multiroomaudioplayer.com\/de\/\" \/>\n<meta property=\"og:site_name\" content=\"Multi Room Audio Player\" \/>\n<meta property=\"article:publisher\" content=\"https:\/\/www.facebook.com\/MultiRoomAudioPlayer\" \/>\n<meta property=\"article:modified_time\" content=\"2019-03-11T09:02:15+00:00\" \/>\n<meta property=\"og:image\" content=\"https:\/\/multiroomaudioplayer.com\/wp-content\/uploads\/2014\/03\/multi-room-audio-player-art-2-1024x576.png\" \/>\n<meta name=\"twitter:card\" content=\"summary_large_image\" \/>\n<meta name=\"twitter:site\" content=\"@pistonsoftware\" \/>\n<meta name=\"twitter:label1\" content=\"Gesch\u00e4tzte Lesezeit\" \/>\n\t<meta name=\"twitter:data1\" content=\"3\u00a0Minuten\" \/>\n<script type=\"application\/ld+json\" class=\"yoast-schema-graph\">{\"@context\":\"https:\/\/schema.org\",\"@graph\":[{\"@type\":\"WebPage\",\"@id\":\"https:\/\/multiroomaudioplayer.com\/de\/\",\"url\":\"https:\/\/multiroomaudioplayer.com\/de\/\",\"name\":\"Multi Room Audio Player \u00dcbersicht - Multi Room Audio Player\",\"isPartOf\":{\"@id\":\"https:\/\/multiroomaudioplayer.com\/en\/#website\"},\"primaryImageOfPage\":{\"@id\":\"https:\/\/multiroomaudioplayer.com\/de\/#primaryimage\"},\"image\":{\"@id\":\"https:\/\/multiroomaudioplayer.com\/de\/#primaryimage\"},\"thumbnailUrl\":\"https:\/\/multiroomaudioplayer.com\/wp-content\/uploads\/2014\/03\/multi-room-audio-player-art-2-1024x576.png\",\"datePublished\":\"2016-08-14T14:04:23+00:00\",\"dateModified\":\"2019-03-11T09:02:15+00:00\",\"breadcrumb\":{\"@id\":\"https:\/\/multiroomaudioplayer.com\/de\/#breadcrumb\"},\"inLanguage\":\"de\",\"potentialAction\":[{\"@type\":\"ReadAction\",\"target\":[\"https:\/\/multiroomaudioplayer.com\/de\/\"]}]},{\"@type\":\"ImageObject\",\"inLanguage\":\"de\",\"@id\":\"https:\/\/multiroomaudioplayer.com\/de\/#primaryimage\",\"url\":\"https:\/\/multiroomaudioplayer.com\/wp-content\/uploads\/2014\/03\/multi-room-audio-player-art-2-1024x576.png\",\"contentUrl\":\"https:\/\/multiroomaudioplayer.com\/wp-content\/uploads\/2014\/03\/multi-room-audio-player-art-2-1024x576.png\"},{\"@type\":\"BreadcrumbList\",\"@id\":\"https:\/\/multiroomaudioplayer.com\/de\/#breadcrumb\",\"itemListElement\":[{\"@type\":\"ListItem\",\"position\":1,\"name\":\"Home\",\"item\":\"https:\/\/multiroomaudioplayer.com\/de\/\"},{\"@type\":\"ListItem\",\"position\":2,\"name\":\"Multi Room Audio Player \u00dcbersicht\"}]},{\"@type\":\"WebSite\",\"@id\":\"https:\/\/multiroomaudioplayer.com\/en\/#website\",\"url\":\"https:\/\/multiroomaudioplayer.com\/en\/\",\"name\":\"Multi Room Audio Player\",\"description\":\"music control software for hotels, shops, clubs, theme parks, zoo, sport centers, haunted houses and intellihome\",\"potentialAction\":[{\"@type\":\"SearchAction\",\"target\":{\"@type\":\"EntryPoint\",\"urlTemplate\":\"https:\/\/multiroomaudioplayer.com\/en\/?s={search_term_string}\"},\"query-input\":{\"@type\":\"PropertyValueSpecification\",\"valueRequired\":true,\"valueName\":\"search_term_string\"}}],\"inLanguage\":\"de\"}]}<\/script>\n<!-- \/ Yoast SEO plugin. -->","yoast_head_json":{"title":"Multi Room Audio Player \u00dcbersicht - Multi Room Audio Player","robots":{"index":"index","follow":"follow","max-snippet":"max-snippet:-1","max-image-preview":"max-image-preview:large","max-video-preview":"max-video-preview:-1"},"canonical":"https:\/\/multiroomaudioplayer.com\/de\/","og_locale":"de_DE","og_type":"article","og_title":"Multi Room Audio Player \u00dcbersicht - Multi Room Audio Player","og_description":"Aus Leidenschaft f\u00fcr Sound Der Multi Room Audio Player (Mehrzimmer Audio Player) ist eine professionelle Audio Streaming Anwendung die es Ihnen erm\u00f6glicht mehrere Audiostreams in verschiedenen R\u00e4umen abzuspielen. Eine zentrale Audiosteuerung f\u00fcr Nachtclubs oder Restaurants, Hotel oder Gesch\u00e4ft, Fitnessstudio, Sportzentrum, Intellihouse und auch Themenparks oder Zoos oder andere \u00f6ffentliche Pl\u00e4tze mit mehreren R\u00e4umen oder Zonen Read More ...","og_url":"https:\/\/multiroomaudioplayer.com\/de\/","og_site_name":"Multi Room Audio Player","article_publisher":"https:\/\/www.facebook.com\/MultiRoomAudioPlayer","article_modified_time":"2019-03-11T09:02:15+00:00","og_image":[{"url":"https:\/\/multiroomaudioplayer.com\/wp-content\/uploads\/2014\/03\/multi-room-audio-player-art-2-1024x576.png","type":"","width":"","height":""}],"twitter_card":"summary_large_image","twitter_site":"@pistonsoftware","twitter_misc":{"Gesch\u00e4tzte Lesezeit":"3\u00a0Minuten"},"schema":{"@context":"https:\/\/schema.org","@graph":[{"@type":"WebPage","@id":"https:\/\/multiroomaudioplayer.com\/de\/","url":"https:\/\/multiroomaudioplayer.com\/de\/","name":"Multi Room Audio Player \u00dcbersicht - Multi Room Audio Player","isPartOf":{"@id":"https:\/\/multiroomaudioplayer.com\/en\/#website"},"primaryImageOfPage":{"@id":"https:\/\/multiroomaudioplayer.com\/de\/#primaryimage"},"image":{"@id":"https:\/\/multiroomaudioplayer.com\/de\/#primaryimage"},"thumbnailUrl":"https:\/\/multiroomaudioplayer.com\/wp-content\/uploads\/2014\/03\/multi-room-audio-player-art-2-1024x576.png","datePublished":"2016-08-14T14:04:23+00:00","dateModified":"2019-03-11T09:02:15+00:00","breadcrumb":{"@id":"https:\/\/multiroomaudioplayer.com\/de\/#breadcrumb"},"inLanguage":"de","potentialAction":[{"@type":"ReadAction","target":["https:\/\/multiroomaudioplayer.com\/de\/"]}]},{"@type":"ImageObject","inLanguage":"de","@id":"https:\/\/multiroomaudioplayer.com\/de\/#primaryimage","url":"https:\/\/multiroomaudioplayer.com\/wp-content\/uploads\/2014\/03\/multi-room-audio-player-art-2-1024x576.png","contentUrl":"https:\/\/multiroomaudioplayer.com\/wp-content\/uploads\/2014\/03\/multi-room-audio-player-art-2-1024x576.png"},{"@type":"BreadcrumbList","@id":"https:\/\/multiroomaudioplayer.com\/de\/#breadcrumb","itemListElement":[{"@type":"ListItem","position":1,"name":"Home","item":"https:\/\/multiroomaudioplayer.com\/de\/"},{"@type":"ListItem","position":2,"name":"Multi Room Audio Player \u00dcbersicht"}]},{"@type":"WebSite","@id":"https:\/\/multiroomaudioplayer.com\/en\/#website","url":"https:\/\/multiroomaudioplayer.com\/en\/","name":"Multi Room Audio Player","description":"music control software for hotels, shops, clubs, theme parks, zoo, sport centers, haunted houses and intellihome","potentialAction":[{"@type":"SearchAction","target":{"@type":"EntryPoint","urlTemplate":"https:\/\/multiroomaudioplayer.com\/en\/?s={search_term_string}"},"query-input":{"@type":"PropertyValueSpecification","valueRequired":true,"valueName":"search_term_string"}}],"inLanguage":"de"}]}},"jetpack_sharing_enabled":true,"jetpack-related-posts":[{"id":1117,"url":"https:\/\/multiroomaudioplayer.com\/de\/features\/","url_meta":{"origin":1106,"position":0},"title":"Multi Room Audio Player Funktionen","author":"AudioEngineer","date":"August 16, 2016","format":false,"excerpt":"Der Multi Room Audio Player entstand aus einer Zusammenarbeit mit professionellen Soundtechnikern basierend auf die Anforderungen von DJs, kreativen Vorgesetzten und anderen Personen die sich mit der Musiksteuerung befassen. Hierbei handelt es sich um eine komplette Audio L\u00f6sung f\u00fcr Clubs, Restaurants, Hotels, Mehrzimmer Wohnungen, Intellihomes und gro\u00dfen Veranstaltungsorten. Die einfache\u2026","rel":"","context":"\u00c4hnlicher Beitrag","block_context":{"text":"\u00c4hnlicher Beitrag","link":""},"img":{"alt_text":"Multi Room Audio Player \u2013 Verwalten eine Vielzahl von Audio Streams mit nur einem Computer","src":"https:\/\/i0.wp.com\/multiroomaudioplayer.com\/wp-content\/uploads\/2014\/03\/multi-room-audio-player-art-1-1024x576.png?resize=350%2C200&ssl=1","width":350,"height":200,"srcset":"https:\/\/i0.wp.com\/multiroomaudioplayer.com\/wp-content\/uploads\/2014\/03\/multi-room-audio-player-art-1-1024x576.png?resize=350%2C200&ssl=1 1x, https:\/\/i0.wp.com\/multiroomaudioplayer.com\/wp-content\/uploads\/2014\/03\/multi-room-audio-player-art-1-1024x576.png?resize=525%2C300&ssl=1 1.5x, https:\/\/i0.wp.com\/multiroomaudioplayer.com\/wp-content\/uploads\/2014\/03\/multi-room-audio-player-art-1-1024x576.png?resize=700%2C400&ssl=1 2x"},"classes":[]},{"id":1124,"url":"https:\/\/multiroomaudioplayer.com\/de\/download\/","url_meta":{"origin":1106,"position":1},"title":"Multi Room Audio Player herunterladen","author":"AudioEngineer","date":"August 16, 2016","format":false,"excerpt":"Der Multi Room Audio Player wird als Shareware vertrieben. Sie k\u00f6nnen die Testversion unsere Anwendung herunterladen und gratis testen. Diese Testversion ist f\u00fcr 30 Tage g\u00fcltig und es k\u00f6nnen alle Funktionen verwendet werden. Sie k\u00f6nnen den Mehrzimmer Audio Player als selbstextrahierende und digital unterzeichnete EXE Datei (eine Sicherheitswarnung kann erscheinen),\u2026","rel":"","context":"\u00c4hnlicher Beitrag","block_context":{"text":"\u00c4hnlicher Beitrag","link":""},"img":{"alt_text":"download button","src":"\/wp-content\/uploads\/2015\/05\/btn_download.png","width":350,"height":200},"classes":[]},{"id":1114,"url":"https:\/\/multiroomaudioplayer.com\/de\/buy\/","url_meta":{"origin":1106,"position":2},"title":"Multi Room Audio Player kaufen","author":"AudioEngineer","date":"August 16, 2016","format":false,"excerpt":"Die einfachste Art und Weise unsere Produkte zu kaufen ist eine Anmeldung auf einer Seite eines Drittanbieters f\u00fcr Abrechnungsdiensten von PayPro. Dieser Service bietet unterschiedliche offline Bestelloptionen \u2013 per Telefon, Post, Fax oder \u00dcberweisung. Sie k\u00f6nnen unsere Anwendung mit Kreditkarte, \u00dcberweisung, Telefon, Fax, Post, Scheck, Postanweisung oder PayPal bestellen. F\u00fcr\u2026","rel":"","context":"\u00c4hnlicher Beitrag","block_context":{"text":"\u00c4hnlicher Beitrag","link":""},"img":{"alt_text":"","src":"","width":0,"height":0},"classes":[]},{"id":1415,"url":"https:\/\/multiroomaudioplayer.com\/de\/multiroommusicplayer\/","url_meta":{"origin":1106,"position":3},"title":"Mehrzimmer Music Player","author":"AudioEngineer","date":"August 17, 2016","format":false,"excerpt":"\"MultiRoom Music Player ist eine gro\u00dfartige Anwendung und spielt eine wichtige Rolle in unserem Spukhaus. Durch die Verwendung eines Computers mit einigen Soundkarten sind wir nun dazu in der Lage 8 separate Zonen f\u00fcr Audio zu verwenden. Alle Zonen unterst\u00fctzen nun Abspiellisten und automatische Startfunktion. Wir haben das gesamte Programm\u2026","rel":"","context":"\u00c4hnlicher Beitrag","block_context":{"text":"\u00c4hnlicher Beitrag","link":""},"img":{"alt_text":"","src":"","width":0,"height":0},"classes":[]},{"id":1120,"url":"https:\/\/multiroomaudioplayer.com\/de\/screenshots\/","url_meta":{"origin":1106,"position":4},"title":"Bildschirmfotos","author":"AudioEngineer","date":"August 16, 2016","format":false,"excerpt":"Multi Room Audio Player Hauptfenster \u00a0 Soundsteuerung in jedem Raum per iPad \u00a0 Multi Room Sound System Fernbedienung auf Handy \u00a0 Zonen Editor Panel, Audio Ausgang, Kan\u00e4le, Equalizer \u00a0 Voll funktionsf\u00e4hige Mediendatenbank \u00a0 Abspiellisten Generator \u00a0 Control Center des Players \u00a0 Eventplaner","rel":"","context":"\u00c4hnlicher Beitrag","block_context":{"text":"\u00c4hnlicher Beitrag","link":""},"img":{"alt_text":"Multi Room Audio Player Hauptfenster","src":"\/screenshot\/multi-room-audio-player-1_400.png","width":350,"height":200},"classes":[]},{"id":13,"url":"https:\/\/multiroomaudioplayer.com\/en\/multi-room-audio-player-overview\/","url_meta":{"origin":1106,"position":5},"title":"Multi Room Audio Player Overview","author":"AudioEngineer","date":"M\u00e4rz 27, 2014","format":false,"excerpt":"Made With Passion For The Sound Multi Room Audio Player is a professional audio streaming software that allows you to manage multiple audio streams for playing different audio in different rooms. For those who need a centralized audio control center in places such as nightclubs or restaurants, hotels or shops,\u2026","rel":"","context":"\u00c4hnlicher Beitrag","block_context":{"text":"\u00c4hnlicher Beitrag","link":""},"img":{"alt_text":"Multi Room Audio Player perfect for commercial usage","src":"https:\/\/i0.wp.com\/multiroomaudioplayer.com\/wp-content\/uploads\/2014\/03\/multi-room-audio-player-art-2-1024x576.png?resize=350%2C200&ssl=1","width":350,"height":200,"srcset":"https:\/\/i0.wp.com\/multiroomaudioplayer.com\/wp-content\/uploads\/2014\/03\/multi-room-audio-player-art-2-1024x576.png?resize=350%2C200&ssl=1 1x, https:\/\/i0.wp.com\/multiroomaudioplayer.com\/wp-content\/uploads\/2014\/03\/multi-room-audio-player-art-2-1024x576.png?resize=525%2C300&ssl=1 1.5x, https:\/\/i0.wp.com\/multiroomaudioplayer.com\/wp-content\/uploads\/2014\/03\/multi-room-audio-player-art-2-1024x576.png?resize=700%2C400&ssl=1 2x"},"classes":[]}],"_links":{"self":[{"href":"https:\/\/multiroomaudioplayer.com\/de\/wp-json\/wp\/v2\/pages\/1106","targetHints":{"allow":["GET"]}}],"collection":[{"href":"https:\/\/multiroomaudioplayer.com\/de\/wp-json\/wp\/v2\/pages"}],"about":[{"href":"https:\/\/multiroomaudioplayer.com\/de\/wp-json\/wp\/v2\/types\/page"}],"author":[{"embeddable":true,"href":"https:\/\/multiroomaudioplayer.com\/de\/wp-json\/wp\/v2\/users\/1"}],"replies":[{"embeddable":true,"href":"https:\/\/multiroomaudioplayer.com\/de\/wp-json\/wp\/v2\/comments?post=1106"}],"version-history":[{"count":0,"href":"https:\/\/multiroomaudioplayer.com\/de\/wp-json\/wp\/v2\/pages\/1106\/revisions"}],"wp:attachment":[{"href":"https:\/\/multiroomaudioplayer.com\/de\/wp-json\/wp\/v2\/media?parent=1106"}],"curies":[{"name":"wp","href":"https:\/\/api.w.org\/{rel}","templated":true}]}}